{"id":687,"date":"2026-02-06T11:17:38","date_gmt":"2026-02-06T11:17:38","guid":{"rendered":"https:\/\/www.yellowthaio.com.br\/?page_id=687"},"modified":"2026-03-26T12:06:41","modified_gmt":"2026-03-26T12:06:41","slug":"os-tres-beijinhos","status":"publish","type":"page","link":"https:\/\/www.mundoleitura.com.br\/pnld\/os-tres-beijinhos\/","title":{"rendered":"Os Tr\u00eas Beijinhos"},"content":{"rendered":"\t\t<div data-elementor-type=\"wp-page\" data-elementor-id=\"687\" class=\"elementor elementor-687\" data-elementor-post-type=\"page\">\n\t\t\t\t<div class=\"elementor-element elementor-element-8d04bb3 e-con-full e-flex e-con e-parent\" data-id=\"8d04bb3\" data-element_type=\"container\" data-e-type=\"container\">\n\t\t<div class=\"elementor-element elementor-element-f0e4fd2 e-con-full e-flex e-con e-child\" data-id=\"f0e4fd2\" data-element_type=\"container\" data-e-type=\"container\">\n\t\t\t\t<\/div>\n\t\t<div class=\"elementor-element elementor-element-4cb607b e-con-full e-flex e-con e-child\" data-id=\"4cb607b\" data-element_type=\"container\" data-e-type=\"container\">\n\t\t\t\t<div class=\"elementor-element elementor-element-c1efea4 elementor-widget elementor-widget-button\" data-id=\"c1efea4\" data-element_type=\"widget\" data-e-type=\"widget\" data-widget_type=\"button.default\">\n\t\t\t\t\t\t\t\t\t\t<a class=\"elementor-button elementor-button-link elementor-size-sm\" href=\"https:\/\/www.mundoleitura.com.br\/pnld\/\">\n\t\t\t\t\t\t<span class=\"elementor-button-content-wrapper\">\n\t\t\t\t\t\t\t\t\t<span class=\"elementor-button-text\"> \u2190 Voltar<\/span>\n\t\t\t\t\t<\/span>\n\t\t\t\t\t<\/a>\n\t\t\t\t\t\t\t\t<\/div>\n\t\t\t\t<\/div>\n\t\t\t\t<\/div>\n\t\t<div class=\"elementor-element elementor-element-ddb58e9 e-con-full e-flex e-con e-parent\" data-id=\"ddb58e9\" data-element_type=\"container\" data-e-type=\"container\">\n\t\t<div class=\"elementor-element elementor-element-a85f684 e-con-full e-flex e-con e-child\" data-id=\"a85f684\" data-element_type=\"container\" data-e-type=\"container\">\n\t\t\t\t<div class=\"elementor-element elementor-element-5e68dd3 elementor-widget elementor-widget-image\" data-id=\"5e68dd3\" data-element_type=\"widget\" data-e-type=\"widget\" data-widget_type=\"image.default\">\n\t\t\t\t\t\t\t\t\t\t\t\t\t\t\t<img fetchpriority=\"high\" decoding=\"async\" width=\"373\" height=\"500\" src=\"https:\/\/www.mundoleitura.com.br\/pnld\/wp-content\/uploads\/2026\/02\/Os-tres-beijinhos-CAPA-e1770237773416.jpg\" class=\"attachment-full size-full wp-image-588\" alt=\"\" \/>\t\t\t\t\t\t\t\t\t\t\t\t\t\t\t<\/div>\n\t\t<div class=\"elementor-element elementor-element-08f998e e-con-full e-flex e-con e-child\" data-id=\"08f998e\" data-element_type=\"container\" data-e-type=\"container\">\n\t\t\t\t<div class=\"elementor-element elementor-element-7fb890b elementor-position-inline-start elementor-view-default elementor-mobile-position-block-start elementor-widget elementor-widget-icon-box\" data-id=\"7fb890b\" data-element_type=\"widget\" data-e-type=\"widget\" data-widget_type=\"icon-box.default\">\n\t\t\t\t\t\t\t<div class=\"elementor-icon-box-wrapper\">\n\n\t\t\t\t\t\t<div class=\"elementor-icon-box-icon\">\n\t\t\t\t<span  class=\"elementor-icon\">\n\t\t\t\t<svg aria-hidden=\"true\" class=\"e-font-icon-svg e-fas-music\" viewBox=\"0 0 512 512\" xmlns=\"http:\/\/www.w3.org\/2000\/svg\"><path d=\"M470.38 1.51L150.41 96A32 32 0 0 0 128 126.51v261.41A139 139 0 0 0 96 384c-53 0-96 28.66-96 64s43 64 96 64 96-28.66 96-64V214.32l256-75v184.61a138.4 138.4 0 0 0-32-3.93c-53 0-96 28.66-96 64s43 64 96 64 96-28.65 96-64V32a32 32 0 0 0-41.62-30.49z\"><\/path><\/svg>\t\t\t\t<\/span>\n\t\t\t<\/div>\n\t\t\t\n\t\t\t\t\t\t<div class=\"elementor-icon-box-content\">\n\n\t\t\t\t\n\t\t\t\t\t\t\t\t\t<p class=\"elementor-icon-box-description\">\n\t\t\t\t\t\tAudiolivro\t\t\t\t\t<\/p>\n\t\t\t\t\n\t\t\t<\/div>\n\t\t\t\n\t\t<\/div>\n\t\t\t\t\t\t<\/div>\n\t\t\t\t<div class=\"elementor-element elementor-element-f91d90f elementor-widget elementor-widget-SimpleAudioPlayer\" data-id=\"f91d90f\" data-element_type=\"widget\" data-e-type=\"widget\" data-widget_type=\"SimpleAudioPlayer.default\">\n\t\t\t\t<div class=\"elementor-widget-container\">\n\t\t\t\t\t\n\t\t<div class=\"skin_simple h5ap_standard_player\" data-options='{\"controls\":[\"play\",\"progress\",\"current-time\",\"duration\",\"mute\",\"volume\",\"settings\"],\"seekTime\":15}'>\n\t\t\t<audio controls id=\"bplayer_id\"  loop>\n\t\t\t\t<source src=\"https:\/\/www.yellowthaio.com.br\/wp-content\/uploads\/2026\/02\/OsTres-Beijinhos-PNLD.mp3?download=false\" type=\"audio\/mp3\">\n\t\t\t<\/audio>\n\t\t<\/div>\n\n\t\t\t\t<\/div>\n\t\t\t\t<\/div>\n\t\t\t\t<\/div>\n\t\t\t\t<\/div>\n\t\t<div class=\"elementor-element elementor-element-c432d18 e-con-full e-flex e-con e-child\" data-id=\"c432d18\" data-element_type=\"container\" data-e-type=\"container\">\n\t\t\t\t<\/div>\n\t\t<div class=\"elementor-element elementor-element-671331b e-con-full e-flex e-con e-child\" data-id=\"671331b\" data-element_type=\"container\" data-e-type=\"container\">\n\t\t\t\t<div class=\"elementor-element elementor-element-a01bba6 elementor-widget elementor-widget-heading\" data-id=\"a01bba6\" data-element_type=\"widget\" data-e-type=\"widget\" data-widget_type=\"heading.default\">\n\t\t\t\t\t<h2 class=\"elementor-heading-title elementor-size-default\">os tr\u00eas beijinhos<\/h2>\t\t\t\t<\/div>\n\t\t\t\t<div class=\"elementor-element elementor-element-59a9963 elementor-widget elementor-widget-text-editor\" data-id=\"59a9963\" data-element_type=\"widget\" data-e-type=\"widget\" data-widget_type=\"text-editor.default\">\n\t\t\t\t\t\t\t\t\t<p class=\"western\"><b>Categoria 1<\/b> <b>\u2013 Creche \u2013 Obra Liter\u00e1ria<\/b><\/p>\t\t\t\t\t\t\t\t<\/div>\n\t\t\t\t<div class=\"elementor-element elementor-element-3e48adc elementor-widget elementor-widget-button\" data-id=\"3e48adc\" data-element_type=\"widget\" data-e-type=\"widget\" data-widget_type=\"button.default\">\n\t\t\t\t\t\t\t\t\t\t<a class=\"elementor-button elementor-size-sm\" role=\"button\">\n\t\t\t\t\t\t<span class=\"elementor-button-content-wrapper\">\n\t\t\t\t\t\t\t\t\t<span class=\"elementor-button-text\">C\u00f3digo da Cole\u00e7\u00e3o: 0913 P26 01 01 000 001<\/span>\n\t\t\t\t\t<\/span>\n\t\t\t\t\t<\/a>\n\t\t\t\t\t\t\t\t<\/div>\n\t\t\t\t<div class=\"elementor-element elementor-element-3fc1d27 elementor-widget elementor-widget-text-editor\" data-id=\"3fc1d27\" data-element_type=\"widget\" data-e-type=\"widget\" data-widget_type=\"text-editor.default\">\n\t\t\t\t\t\t\t\t\t<p class=\"western\"><b>Texto: <\/b>Claudia Souza<br \/><b>Ilustra\u00e7\u00e3o: <\/b>Paola Formica<\/p>\t\t\t\t\t\t\t\t<\/div>\n\t\t\t\t<div class=\"elementor-element elementor-element-d7d15d5 elementor-widget elementor-widget-text-editor\" data-id=\"d7d15d5\" data-element_type=\"widget\" data-e-type=\"widget\" data-widget_type=\"text-editor.default\">\n\t\t\t\t\t\t\t\t\t<p class=\"western\">\u201cPequeno Rino n\u00e3o gosta nada de se separar do Papai quando vai para creche. Apesar da vontade de brincar com os amigos e de receber o carinho da professora Coruja, ele ainda resiste em passar algum tempo longe de casa. Mas Papai Rino tem um jeito todo especial de encorajar o filho e vai ajud\u00e1-lo a enfrentar o desafio\u201d.<\/p><p class=\"western\" align=\"justify\">Em <i>O tr\u00eas beijinhos<\/i>, o enredo sobre a dificuldade do beb\u00ea rinoceronte em seu primeiro dia de ida \u00e0 escola \u00e9 desenvolvido com momentos de conflito <span lang=\"pt-BR\">\u2014<\/span> a ang\u00fastia da crian\u00e7a em ser deixada sem o adulto <span lang=\"pt-BR\">\u2014<\/span> e solu\u00e7\u00e3o como desfecho <span lang=\"pt-BR\">\u2014<\/span> o afeto do pai, demonstrado ludicamente pelos tr\u00eas beijinhos. O texto foge de estere\u00f3tipos e possibilita a amplia\u00e7\u00e3o do repert\u00f3rio lingu\u00edstico das crian\u00e7as. Mais usualmente, o trabalho de cuidado e afeto, quase sempre delegado \u00e0 m\u00e3e, \u00e9 exercido p<span lang=\"pt-BR\">elo<\/span> papai rinoceronte.<\/p><p class=\"western\" align=\"justify\">A obra explora poeticamente os recursos do texto verbal, permitindo ao leitor experimentar diferentes sensa\u00e7\u00f5es (com sonoridade, ritmo) e brincar com os efeitos de sentido. O exemplo que mais se destaca \u00e9 o da contagem <span lang=\"pt-BR\">\u201c<\/span>1, 2, 3<span lang=\"pt-BR\">\u201d<\/span>, que se traduz em beijinhos oferecidos como carinho e dados pelo pai no seu filhote. As ilustra\u00e7\u00f5es possibilitam uma leitura propositiva e criativa, no di\u00e1logo com o texto verbal, ora simetricamente o representando, ora trazendo elementos suplementares que s\u00e3o um convite \u00e0 imagina\u00e7\u00e3o e <span lang=\"pt-BR\">\u00e0 <\/span>cria\u00e7\u00e3o.<\/p><p class=\"western\" align=\"justify\">As crian\u00e7as leitoras podem realizar outras possibilidades de leituras criativas, como ocorre nas p\u00e1ginas em que o Pequeno Rino puxa a gravata do pai, evidenciando que se recusa a ficar longe dele, e a gravata o enla\u00e7a, sugerindo uma aproxima\u00e7\u00e3o carinhosa entre os dois e uma tentativa do pai <span lang=\"pt-BR\">de<\/span> confort\u00e1-lo, para que o filho possa ficar na creche. A presen\u00e7a de in\u00fameros animais parentais e filhotes nas cenas variadas a caminho <span lang=\"pt-BR\">d<\/span>a creche<span lang=\"pt-BR\"> e<\/span> na movimenta\u00e7\u00e3o de deslocamento dos respons\u00e1veis<span lang=\"pt-BR\">,<\/span> deixando os beb\u00eas na sala, bem como dentro das paredes deste espa\u00e7o, \u00e9 um acr\u00e9scimo enriquecedor de escolha da ilustradora, que n\u00e3o est\u00e1 previsto na leitura do texto verbal. Assim, v\u00ea-se <span lang=\"pt-BR\">a <\/span>mam\u00e3e jacar\u00e9 e <span lang=\"pt-BR\">a <\/span>mam\u00e3e ursa colocando sapatinho e mochila em seus filhotes, respectivamente, os pares de zebras e emas, a on\u00e7a m\u00e3e e seu filhote nas costas e <span lang=\"pt-BR\">a <\/span>mam\u00e3e tartaruga com uma tartaruguinha chorona sobre seu casco (colo), enquanto outras tr\u00eas<span lang=\"pt-BR\">,<\/span> em fila, surgem seguindo-lhe atr\u00e1s.<\/p>\t\t\t\t\t\t\t\t<\/div>\n\t\t\t\t<div class=\"elementor-element elementor-element-17643b0 elementor-widget elementor-widget-text-editor\" data-id=\"17643b0\" data-element_type=\"widget\" data-e-type=\"widget\" data-widget_type=\"text-editor.default\">\n\t\t\t\t\t\t\t\t\t<p class=\"western\"><b>Temas<\/b>: Creche, adapta\u00e7\u00e3o escolar, beb\u00eas, animais, novas fam\u00edlias, paternidade<br \/><b>G\u00eanero liter\u00e1rio: <\/b>Narrativas autorais<\/p>\t\t\t\t\t\t\t\t<\/div>\n\t\t\t\t<\/div>\n\t\t\t\t<\/div>\n\t\t<div class=\"elementor-element elementor-element-d7d2af7 e-grid e-con-full e-con e-parent\" data-id=\"d7d2af7\" data-element_type=\"container\" data-e-type=\"container\">\n\t\t\t\t<div class=\"elementor-element elementor-element-780f585 elementor-widget-divider--view-line elementor-widget elementor-widget-divider\" data-id=\"780f585\" data-element_type=\"widget\" data-e-type=\"widget\" data-widget_type=\"divider.default\">\n\t\t\t\t\t\t\t<div class=\"elementor-divider\">\n\t\t\t<span class=\"elementor-divider-separator\">\n\t\t\t\t\t\t<\/span>\n\t\t<\/div>\n\t\t\t\t\t\t<\/div>\n\t\t\t\t<div class=\"elementor-element elementor-element-d082da4 elementor-position-inline-start elementor-view-default elementor-mobile-position-block-start elementor-widget elementor-widget-icon-box\" data-id=\"d082da4\" data-element_type=\"widget\" data-e-type=\"widget\" data-widget_type=\"icon-box.default\">\n\t\t\t\t\t\t\t<div class=\"elementor-icon-box-wrapper\">\n\n\t\t\t\t\t\t<div class=\"elementor-icon-box-icon\">\n\t\t\t\t<span  class=\"elementor-icon\">\n\t\t\t\t<svg aria-hidden=\"true\" class=\"e-font-icon-svg e-fas-book-open\" viewBox=\"0 0 576 512\" xmlns=\"http:\/\/www.w3.org\/2000\/svg\"><path d=\"M542.22 32.05c-54.8 3.11-163.72 14.43-230.96 55.59-4.64 2.84-7.27 7.89-7.27 13.17v363.87c0 11.55 12.63 18.85 23.28 13.49 69.18-34.82 169.23-44.32 218.7-46.92 16.89-.89 30.02-14.43 30.02-30.66V62.75c.01-17.71-15.35-31.74-33.77-30.7zM264.73 87.64C197.5 46.48 88.58 35.17 33.78 32.05 15.36 31.01 0 45.04 0 62.75V400.6c0 16.24 13.13 29.78 30.02 30.66 49.49 2.6 149.59 12.11 218.77 46.95 10.62 5.35 23.21-1.94 23.21-13.46V100.63c0-5.29-2.62-10.14-7.27-12.99z\"><\/path><\/svg>\t\t\t\t<\/span>\n\t\t\t<\/div>\n\t\t\t\n\t\t\t\t\t\t<div class=\"elementor-icon-box-content\">\n\n\t\t\t\t\n\t\t\t\t\t\t\t\t\t<p class=\"elementor-icon-box-description\">\n\t\t\t\t\t\tLeia o livro\t\t\t\t\t<\/p>\n\t\t\t\t\n\t\t\t<\/div>\n\t\t\t\n\t\t<\/div>\n\t\t\t\t\t\t<\/div>\n\t\t\t\t<div class=\"elementor-element elementor-element-6b48825 elementor-widget__width-initial elementor-widget elementor-widget-html\" data-id=\"6b48825\" data-element_type=\"widget\" data-e-type=\"widget\" data-widget_type=\"html.default\">\n\t\t\t\t\t<div style=\"text-align:center;\"><iframe src=\"\/\/v.calameo.com\/?bkcode=008146591cebd748ebf1f&mode=mini&view=book&showsharemenu=false\" width=\"1300\" height=\"500\" frameborder=\"0\" scrolling=\"no\" allowtransparency allowfullscreen style=\"margin:0 auto;\"><\/iframe><div style=\"margin:4px 0px 8px;\"><\/div><\/div>\t\t\t\t<\/div>\n\t\t\t\t<div class=\"elementor-element elementor-element-78e4425 elementor-widget-divider--view-line elementor-widget elementor-widget-divider\" data-id=\"78e4425\" data-element_type=\"widget\" data-e-type=\"widget\" data-widget_type=\"divider.default\">\n\t\t\t\t\t\t\t<div class=\"elementor-divider\">\n\t\t\t<span class=\"elementor-divider-separator\">\n\t\t\t\t\t\t<\/span>\n\t\t<\/div>\n\t\t\t\t\t\t<\/div>\n\t\t\t\t<\/div>\n\t\t<div class=\"elementor-element elementor-element-02fdb76 e-con-full e-flex e-con e-parent\" data-id=\"02fdb76\" data-element_type=\"container\" data-e-type=\"container\">\n\t\t\t\t<div class=\"elementor-element elementor-element-a0de887 e-n-tabs-mobile elementor-widget elementor-widget-n-tabs\" data-id=\"a0de887\" data-element_type=\"widget\" data-e-type=\"widget\" data-settings=\"{&quot;horizontal_scroll&quot;:&quot;disable&quot;}\" data-widget_type=\"nested-tabs.default\">\n\t\t\t\t\t\t\t<div class=\"e-n-tabs\" data-widget-number=\"168683655\" aria-label=\"Abas. Abra itens com &quot;Enter&quot; ou &quot;Espa\u00e7o&quot;, feche com &quot;Escape&quot; e navegue usando as teclas de &quot;Seta&quot;.\">\n\t\t\t<div class=\"e-n-tabs-heading\" role=\"tablist\">\n\t\t\t\t\t<button id=\"e-n-tab-title-1686836551\" data-tab-title-id=\"e-n-tab-title-1686836551\" class=\"e-n-tab-title\" aria-selected=\"true\" data-tab-index=\"1\" role=\"tab\" tabindex=\"0\" aria-controls=\"e-n-tab-content-1686836551\" style=\"--n-tabs-title-order: 1;\">\n\t\t\t\t\t\t<span class=\"e-n-tab-title-text\">\n\t\t\t\tAutoria\t\t\t<\/span>\n\t\t<\/button>\n\t\t\t\t<button id=\"e-n-tab-title-1686836552\" data-tab-title-id=\"e-n-tab-title-1686836552\" class=\"e-n-tab-title\" aria-selected=\"false\" data-tab-index=\"2\" role=\"tab\" tabindex=\"-1\" aria-controls=\"e-n-tab-content-1686836552\" style=\"--n-tabs-title-order: 2;\">\n\t\t\t\t\t\t<span class=\"e-n-tab-title-text\">\n\t\t\t\tIlustra\u00e7\u00e3o\t\t\t<\/span>\n\t\t<\/button>\n\t\t\t\t\t<\/div>\n\t\t\t<div class=\"e-n-tabs-content\">\n\t\t\t\t<div id=\"e-n-tab-content-1686836551\" role=\"tabpanel\" aria-labelledby=\"e-n-tab-title-1686836551\" data-tab-index=\"1\" style=\"--n-tabs-title-order: 1;\" class=\"e-active elementor-element elementor-element-4f5261a e-con-full e-flex e-con e-child\" data-id=\"4f5261a\" data-element_type=\"container\" data-e-type=\"container\">\n\t\t<div class=\"elementor-element elementor-element-41a7db0 e-con-full e-flex e-con e-child\" data-id=\"41a7db0\" data-element_type=\"container\" data-e-type=\"container\">\n\t\t\t\t<div class=\"elementor-element elementor-element-f1f4660 elementor-widget elementor-widget-image\" data-id=\"f1f4660\" data-element_type=\"widget\" data-e-type=\"widget\" data-widget_type=\"image.default\">\n\t\t\t\t\t\t\t\t\t\t\t\t\t\t\t<img decoding=\"async\" width=\"640\" height=\"640\" src=\"https:\/\/www.mundoleitura.com.br\/pnld\/wp-content\/uploads\/2026\/02\/Claudia-Souza-1024x1024.jpg\" class=\"attachment-large size-large wp-image-654\" alt=\"\" srcset=\"https:\/\/www.mundoleitura.com.br\/pnld\/wp-content\/uploads\/2026\/02\/Claudia-Souza-1024x1024.jpg 1024w, https:\/\/www.mundoleitura.com.br\/pnld\/wp-content\/uploads\/2026\/02\/Claudia-Souza-300x300.jpg 300w, https:\/\/www.mundoleitura.com.br\/pnld\/wp-content\/uploads\/2026\/02\/Claudia-Souza-150x150.jpg 150w, https:\/\/www.mundoleitura.com.br\/pnld\/wp-content\/uploads\/2026\/02\/Claudia-Souza-768x768.jpg 768w, https:\/\/www.mundoleitura.com.br\/pnld\/wp-content\/uploads\/2026\/02\/Claudia-Souza-75x75.jpg 75w, https:\/\/www.mundoleitura.com.br\/pnld\/wp-content\/uploads\/2026\/02\/Claudia-Souza.jpg 1407w\" sizes=\"(max-width: 640px) 100vw, 640px\" \/>\t\t\t\t\t\t\t\t\t\t\t\t\t\t\t<\/div>\n\t\t\t\t<\/div>\n\t\t<div class=\"elementor-element elementor-element-7669646 e-con-full e-flex e-con e-child\" data-id=\"7669646\" data-element_type=\"container\" data-e-type=\"container\">\n\t\t\t\t<div class=\"elementor-element elementor-element-d9f7bb2 elementor-widget elementor-widget-text-editor\" data-id=\"d9f7bb2\" data-element_type=\"widget\" data-e-type=\"widget\" data-widget_type=\"text-editor.default\">\n\t\t\t\t\t\t\t\t\t<p class=\"western\"><b>Autoria:<\/b> Claudia Souza<\/p><p class=\"western\" align=\"justify\">Mineira de Belo Horizonte, desde o ano de 2006, mora em Mil\u00e3o, na It\u00e1lia. Dedica-se a diversos projetos de incentivo \u00e0 leitura. Escreve, traduz e seleciona livros para inf\u00e2ncia e juventude, criando pontes entre editoras e criativos. Antes de se tornar escritora, j\u00e1 era psic\u00f3loga e sempre trabalhou pesquisando a <span lang=\"pt-BR\">c<\/span>ultura <span lang=\"pt-BR\">l<\/span>\u00fadica, aproximando as pessoas atrav\u00e9s dos livros, das brincadeiras e dos idiomas. Criou sua pr\u00f3pria livraria, chamada Libreria Extraterrestre, onde espera que Papai Rino e Pequeno Rino possam brincar juntos.<\/p>\t\t\t\t\t\t\t\t<\/div>\n\t\t<div class=\"elementor-element elementor-element-1da67bc e-con-full e-flex e-con e-child\" data-id=\"1da67bc\" data-element_type=\"container\" data-e-type=\"container\">\n\t\t<div class=\"elementor-element elementor-element-747f199 e-con-full e-flex e-con e-child\" data-id=\"747f199\" data-element_type=\"container\" data-e-type=\"container\">\n\t\t\t\t<div class=\"elementor-element elementor-element-9012a28 elementor-widget elementor-widget-text-editor\" data-id=\"9012a28\" data-element_type=\"widget\" data-e-type=\"widget\" data-widget_type=\"text-editor.default\">\n\t\t\t\t\t\t\t\t\t<p class=\"western\" align=\"justify\">\u201cCaras<span lang=\"pt-BR\">\/os<\/span> professoras e professores,<\/p><p class=\"western\" align=\"justify\">Al\u00e9m de escritora e tradutora, fui professora de crian\u00e7as da faixa de 0-6 anos por muitos anos. Fui psicopedagoga cl\u00ednica e diretora de uma escola-quintal que criei e ainda existe em Belo Horizonte. Em Mil\u00e3o, onde moro, trabalhei como psic\u00f3loga escolar em creches e hoje tenho uma livraria pra crian\u00e7as. Nesses mais de trinta anos que passaram num piscar de olhos, convivi muito (e ainda convivo) com crian\u00e7as pequenas e suas fam\u00edlias; conhe\u00e7o muito bem o cotidiano delas. Sei que a fase de adapta\u00e7\u00e3o pr\u00e9-escolar e separa\u00e7\u00e3o dos pais \u00e9 um momento muito delicado, <span lang=\"pt-BR\">que <\/span>deve ser vivido com aten\u00e7\u00e3o, mas tamb\u00e9m com leveza, especialmente por parte dos adultos envolvidos.<\/p><p class=\"western\" align=\"justify\">Por isso escrevi Os tr\u00eas beijinhos: para estimular uma reflex\u00e3o sobre essa fase e oferecer recursos para vivenci\u00e1-la da melhor forma poss\u00edvel.<\/p><p class=\"western\" align=\"justify\">Espero que es<span lang=\"pt-BR\">t<\/span>e livro, com as ilustra\u00e7\u00f5es doces e expressivas d<span lang=\"pt-BR\">e<\/span> Paola Formica, ilustradora famosa des<span lang=\"pt-BR\">t<\/span>es lados de c\u00e1 do mundo, possam encontrar um lugarzinho no cora\u00e7\u00e3o de voc\u00eas que se dedicam de corpo e alma a esta tarefa dif\u00edcil que \u00e9 educar. Bom trabalho! Um grande abra\u00e7o\u201d.<\/p><p class=\"western\" style=\"text-align: right;\" align=\"justify\"><em><strong>Claudia Souza (autora do <span lang=\"pt-BR\">t<\/span>exto)<\/strong><\/em><\/p>\t\t\t\t\t\t\t\t<\/div>\n\t\t\t\t<\/div>\n\t\t\t\t<\/div>\n\t\t\t\t<\/div>\n\t\t\t\t<\/div>\n\t\t<div id=\"e-n-tab-content-1686836552\" role=\"tabpanel\" aria-labelledby=\"e-n-tab-title-1686836552\" data-tab-index=\"2\" style=\"--n-tabs-title-order: 2;\" class=\" elementor-element elementor-element-6b11b5e e-con-full e-flex e-con e-child\" data-id=\"6b11b5e\" data-element_type=\"container\" data-e-type=\"container\">\n\t\t<div class=\"elementor-element elementor-element-d6f7218 e-con-full e-flex e-con e-child\" data-id=\"d6f7218\" data-element_type=\"container\" data-e-type=\"container\">\n\t\t\t\t<div class=\"elementor-element elementor-element-e83900f elementor-widget elementor-widget-image\" data-id=\"e83900f\" data-element_type=\"widget\" data-e-type=\"widget\" data-widget_type=\"image.default\">\n\t\t\t\t\t\t\t\t\t\t\t\t\t\t\t<img decoding=\"async\" width=\"640\" height=\"640\" src=\"https:\/\/www.mundoleitura.com.br\/pnld\/wp-content\/uploads\/2026\/02\/PAOLA-FORMICA.jpg\" class=\"attachment-large size-large wp-image-655\" alt=\"\" srcset=\"https:\/\/www.mundoleitura.com.br\/pnld\/wp-content\/uploads\/2026\/02\/PAOLA-FORMICA.jpg 651w, https:\/\/www.mundoleitura.com.br\/pnld\/wp-content\/uploads\/2026\/02\/PAOLA-FORMICA-300x300.jpg 300w, https:\/\/www.mundoleitura.com.br\/pnld\/wp-content\/uploads\/2026\/02\/PAOLA-FORMICA-150x150.jpg 150w, https:\/\/www.mundoleitura.com.br\/pnld\/wp-content\/uploads\/2026\/02\/PAOLA-FORMICA-75x75.jpg 75w\" sizes=\"(max-width: 640px) 100vw, 640px\" \/>\t\t\t\t\t\t\t\t\t\t\t\t\t\t\t<\/div>\n\t\t\t\t<\/div>\n\t\t<div class=\"elementor-element elementor-element-d230748 e-con-full e-flex e-con e-child\" data-id=\"d230748\" data-element_type=\"container\" data-e-type=\"container\">\n\t\t\t\t<div class=\"elementor-element elementor-element-aae2967 elementor-widget elementor-widget-text-editor\" data-id=\"aae2967\" data-element_type=\"widget\" data-e-type=\"widget\" data-widget_type=\"text-editor.default\">\n\t\t\t\t\t\t\t\t\t<p><b>Ilustra\u00e7\u00e3o<\/b>: Paola Formica<\/p><p>Nasceu em Mil\u00e3o, It\u00e1lia, onde mora e trabalha como ilustradora. Seus desenhos, para adultos e crian\u00e7as, s\u00e3o publicados em livros, revistas, jornais, jogos de tabuleiro e muito mais. \u00c9 autora de livros silenciosos e textos para atividades art\u00edsticas educativas. Ensina Ilustra\u00e7\u00e3o na Escola de Quadrinhos e conduz oficinas e laborat\u00f3rios criativos em escolas, livrarias e bibliotecas. Considerou muito divertido ter criado os personagens desta hist\u00f3ria, uma alegre aventura cheia de afeto e mal pode esperar para v\u00ea-los ganharem vida nas m\u00e3os de crian\u00e7as brasileiras!<\/p>\t\t\t\t\t\t\t\t<\/div>\n\t\t<div class=\"elementor-element elementor-element-937284f e-con-full e-flex e-con e-child\" data-id=\"937284f\" data-element_type=\"container\" data-e-type=\"container\">\n\t\t<div class=\"elementor-element elementor-element-7978bd1 e-con-full e-flex e-con e-child\" data-id=\"7978bd1\" data-element_type=\"container\" data-e-type=\"container\">\n\t\t\t\t<div class=\"elementor-element elementor-element-6cb6c51 elementor-widget elementor-widget-text-editor\" data-id=\"6cb6c51\" data-element_type=\"widget\" data-e-type=\"widget\" data-widget_type=\"text-editor.default\">\n\t\t\t\t\t\t\t\t\t<p><span style=\"font-weight: 400;\">\u201cSer\u00e1 que dizer adeus de manh\u00e3 \u00e9 sempre t\u00e3o dif\u00edcil assim?<\/span><\/p><p><span style=\"font-weight: 400;\">Este projeto encantador, pensado para crian\u00e7as de 0 a 3 anos, foi criado para apoiar as fam\u00edlias num dos momentos mais importantes do dia: a hora da despedida entre pais e filhos durante a adapta\u00e7\u00e3o escolar. Atrav\u00e9s de uma narrativa simples, mas intensa, encorajadora e carinhosa, os pequenos aprendem que a separa\u00e7\u00e3o n\u00e3o significa abandono e que bra\u00e7os acolhedores e novos amigos os esperam na creche.<\/span><\/p><p><span style=\"font-weight: 400;\">Atrav\u00e9s de uma hist\u00f3ria terna e reconfortante, perfeita para ler com os pais antes de entrar na creche ou com a professora durante a fase de recep\u00e7\u00e3o, o pai Rino e o pequeno Rino acompanham-nos no delicado momento di\u00e1rio da separa\u00e7\u00e3o \u00e0 entrada da creche, que, gra\u00e7as ao simples ritual dos &#8220;tr\u00eas beijinhos&#8221;, se transforma num momento de despedida doce e serena. Um gesto repetido todos os dias, que se torna uma ponte invis\u00edvel entre a casa e a creche.<\/span><\/p><p><span style=\"font-weight: 400;\">Fortalece a confian\u00e7a m\u00fatua entre a crian\u00e7a e o adulto e transforma a rotina da despedida num momento partilhado, uma oportunidade de crescimento atrav\u00e9s da brincadeira, incentivando os pais a inventarem a sua pr\u00f3pria forma de dizer adeus, deixando ir com delicadeza e dando seguran\u00e7a e serenidade aos seus filhos\u201d.<\/span><\/p><p style=\"text-align: right;\"><em><b>Paola Formica (ilustradora &#8211; autora das imagens)<\/b><\/em><\/p>\t\t\t\t\t\t\t\t<\/div>\n\t\t\t\t<\/div>\n\t\t\t\t<\/div>\n\t\t\t\t<\/div>\n\t\t\t\t<\/div>\n\t\t\t\t\t<\/div>\n\t\t<\/div>\n\t\t\t\t\t\t<\/div>\n\t\t\t\t<\/div>\n\t\t\t\t<\/div>\n\t\t","protected":false},"excerpt":{"rendered":"<p>\u2190 Voltar Audiolivro os tr\u00eas beijinhos Categoria 1 \u2013 Creche \u2013 Obra Liter\u00e1ria C\u00f3digo da Cole\u00e7\u00e3o: 0913 P26 01 01 000 001 Texto: Claudia SouzaIlustra\u00e7\u00e3o: [&hellip;]<\/p>\n","protected":false},"author":1,"featured_media":0,"parent":0,"menu_order":0,"comment_status":"closed","ping_status":"closed","template":"","meta":{"h5ap_radio_sources":[],"footnotes":""},"class_list":["post-687","page","type-page","status-publish","hentry"],"_links":{"self":[{"href":"https:\/\/www.mundoleitura.com.br\/pnld\/wp-json\/wp\/v2\/pages\/687","targetHints":{"allow":["GET"]}}],"collection":[{"href":"https:\/\/www.mundoleitura.com.br\/pnld\/wp-json\/wp\/v2\/pages"}],"about":[{"href":"https:\/\/www.mundoleitura.com.br\/pnld\/wp-json\/wp\/v2\/types\/page"}],"author":[{"embeddable":true,"href":"https:\/\/www.mundoleitura.com.br\/pnld\/wp-json\/wp\/v2\/users\/1"}],"replies":[{"embeddable":true,"href":"https:\/\/www.mundoleitura.com.br\/pnld\/wp-json\/wp\/v2\/comments?post=687"}],"version-history":[{"count":28,"href":"https:\/\/www.mundoleitura.com.br\/pnld\/wp-json\/wp\/v2\/pages\/687\/revisions"}],"predecessor-version":[{"id":794,"href":"https:\/\/www.mundoleitura.com.br\/pnld\/wp-json\/wp\/v2\/pages\/687\/revisions\/794"}],"wp:attachment":[{"href":"https:\/\/www.mundoleitura.com.br\/pnld\/wp-json\/wp\/v2\/media?parent=687"}],"curies":[{"name":"wp","href":"https:\/\/api.w.org\/{rel}","templated":true}]}}