{"id":70,"date":"2016-10-07T09:51:54","date_gmt":"2016-10-07T12:51:54","guid":{"rendered":"http:\/\/www.mundoleitura.com.br\/editora\/?page_id=70"},"modified":"2016-10-10T13:04:28","modified_gmt":"2016-10-10T16:04:28","slug":"alessandra-vitelli","status":"publish","type":"page","link":"https:\/\/www.mundoleitura.com.br\/editora\/autores\/alessandra-vitelli\/","title":{"rendered":"Alessandra Vitelli"},"content":{"rendered":"<p><a href=\"http:\/\/www.mundoleitura.com.br\/editora\/wp-content\/uploads\/2016\/10\/Foto-Alessandra-Vitelli.jpg\"><img loading=\"lazy\" decoding=\"async\" class=\"size-medium wp-image-83 alignleft\" src=\"http:\/\/www.mundoleitura.com.br\/editora\/wp-content\/uploads\/2016\/10\/Foto-Alessandra-Vitelli-216x300.jpg\" alt=\"foto-alessandra-vitelli\" width=\"216\" height=\"300\" srcset=\"https:\/\/www.mundoleitura.com.br\/editora\/wp-content\/uploads\/2016\/10\/Foto-Alessandra-Vitelli-216x300.jpg 216w, https:\/\/www.mundoleitura.com.br\/editora\/wp-content\/uploads\/2016\/10\/Foto-Alessandra-Vitelli-144x200.jpg 144w, https:\/\/www.mundoleitura.com.br\/editora\/wp-content\/uploads\/2016\/10\/Foto-Alessandra-Vitelli.jpg 401w\" sizes=\"auto, (max-width: 216px) 100vw, 216px\" \/><\/a><\/p>\n<figure id=\"attachment_206\" aria-describedby=\"caption-attachment-206\" style=\"width: 300px\" class=\"wp-caption alignright\"><a href=\"http:\/\/www.mundoleitura.com.br\/editora\/wp-content\/uploads\/2016\/10\/Amigos-Bichos-e-Abra\u00e7os.jpg\"><img loading=\"lazy\" decoding=\"async\" class=\"size-medium wp-image-206\" src=\"http:\/\/www.mundoleitura.com.br\/editora\/wp-content\/uploads\/2016\/10\/Amigos-Bichos-e-Abra\u00e7os-300x195.jpg\" alt=\"Ilustra\u00e7\u00e3o de Alessandra Vitelli, Amigos BICHOS e abra\u00e7os, no prelo\" width=\"300\" height=\"195\" srcset=\"https:\/\/www.mundoleitura.com.br\/editora\/wp-content\/uploads\/2016\/10\/Amigos-Bichos-e-Abra\u00e7os-300x195.jpg 300w, https:\/\/www.mundoleitura.com.br\/editora\/wp-content\/uploads\/2016\/10\/Amigos-Bichos-e-Abra\u00e7os-768x500.jpg 768w, https:\/\/www.mundoleitura.com.br\/editora\/wp-content\/uploads\/2016\/10\/Amigos-Bichos-e-Abra\u00e7os-1024x667.jpg 1024w, https:\/\/www.mundoleitura.com.br\/editora\/wp-content\/uploads\/2016\/10\/Amigos-Bichos-e-Abra\u00e7os-200x130.jpg 200w, https:\/\/www.mundoleitura.com.br\/editora\/wp-content\/uploads\/2016\/10\/Amigos-Bichos-e-Abra\u00e7os.jpg 1828w\" sizes=\"auto, (max-width: 300px) 100vw, 300px\" \/><\/a><figcaption id=\"caption-attachment-206\" class=\"wp-caption-text\">Ilustra\u00e7\u00e3o de Alessandra Vitelli, Amigos BICHOS e abra\u00e7os, no prelo<\/figcaption><\/figure>\n<p>\u00c9 italiana, Ilustradora de livros infantojuvenis, nascida na cidade de N\u00e1poles, onde vive e trabalha. Especialista em ilustra\u00e7\u00e3o pela Escola Italiana de Comix, conquistou numerosos pr\u00e9mios e reconhecimentos em diferentes concursos art\u00edsticos internacionais. Atualmente dedica-se a projetos did\u00e1ticos, ensina ilustra\u00e7\u00e3o na Academia de Belas Artes de N\u00e1poles, na Escola italiana de Comix e colabora como freelancer para v\u00e1rias editoras internacionais, entre elas: <em>ELI Pubblishing<\/em>, <em>Tourbillon<\/em>, <em>Rue du monde<\/em> e <em>Grupo Editorial Norma<\/em>. Sua estreia em Mundo Leitura promete encantar os pequenos leitores com o colorido po\u00e9tico de uma divertida hist\u00f3ria.<\/p>\n","protected":false},"excerpt":{"rendered":"<p>\u00c9 italiana, Ilustradora de livros infantojuvenis, nascida na cidade de N\u00e1poles, onde vive e trabalha. Especialista em ilustra\u00e7\u00e3o pela Escola Italiana de Comix, conquistou numerosos pr\u00e9mios e reconhecimentos em diferentes concursos art\u00edsticos internacionais. Atualmente dedica-se a projetos did\u00e1ticos, ensina ilustra\u00e7\u00e3o na Academia de Belas Artes de N\u00e1poles, na Escola italiana de Comix e colabora como [&hellip;]<\/p>\n","protected":false},"author":1,"featured_media":83,"parent":20,"menu_order":0,"comment_status":"closed","ping_status":"closed","template":"","meta":{"footnotes":""},"class_list":["post-70","page","type-page","status-publish","has-post-thumbnail","hentry"],"_links":{"self":[{"href":"https:\/\/www.mundoleitura.com.br\/editora\/wp-json\/wp\/v2\/pages\/70","targetHints":{"allow":["GET"]}}],"collection":[{"href":"https:\/\/www.mundoleitura.com.br\/editora\/wp-json\/wp\/v2\/pages"}],"about":[{"href":"https:\/\/www.mundoleitura.com.br\/editora\/wp-json\/wp\/v2\/types\/page"}],"author":[{"embeddable":true,"href":"https:\/\/www.mundoleitura.com.br\/editora\/wp-json\/wp\/v2\/users\/1"}],"replies":[{"embeddable":true,"href":"https:\/\/www.mundoleitura.com.br\/editora\/wp-json\/wp\/v2\/comments?post=70"}],"version-history":[{"count":4,"href":"https:\/\/www.mundoleitura.com.br\/editora\/wp-json\/wp\/v2\/pages\/70\/revisions"}],"predecessor-version":[{"id":207,"href":"https:\/\/www.mundoleitura.com.br\/editora\/wp-json\/wp\/v2\/pages\/70\/revisions\/207"}],"up":[{"embeddable":true,"href":"https:\/\/www.mundoleitura.com.br\/editora\/wp-json\/wp\/v2\/pages\/20"}],"wp:featuredmedia":[{"embeddable":true,"href":"https:\/\/www.mundoleitura.com.br\/editora\/wp-json\/wp\/v2\/media\/83"}],"wp:attachment":[{"href":"https:\/\/www.mundoleitura.com.br\/editora\/wp-json\/wp\/v2\/media?parent=70"}],"curies":[{"name":"wp","href":"https:\/\/api.w.org\/{rel}","templated":true}]}}