{"id":66,"date":"2016-10-06T11:59:38","date_gmt":"2016-10-06T14:59:38","guid":{"rendered":"http:\/\/www.mundoleitura.com.br\/editora\/?page_id=66"},"modified":"2016-10-10T13:13:11","modified_gmt":"2016-10-10T16:13:11","slug":"hallina-beltrao","status":"publish","type":"page","link":"https:\/\/www.mundoleitura.com.br\/editora\/autores\/hallina-beltrao\/","title":{"rendered":"Hallina Beltr\u00e3o"},"content":{"rendered":"<p><a href=\"http:\/\/www.mundoleitura.com.br\/editora\/wp-content\/uploads\/2016\/10\/FOTO-HALLINA-BELTR\u00c3O.jpg\"><img loading=\"lazy\" decoding=\"async\" class=\"alignleft size-medium wp-image-67\" src=\"http:\/\/www.mundoleitura.com.br\/editora\/wp-content\/uploads\/2016\/10\/FOTO-HALLINA-BELTR\u00c3O-300x300.jpg\" alt=\"foto-hallina-beltrao\" width=\"300\" height=\"300\" srcset=\"https:\/\/www.mundoleitura.com.br\/editora\/wp-content\/uploads\/2016\/10\/FOTO-HALLINA-BELTR\u00c3O-300x300.jpg 300w, https:\/\/www.mundoleitura.com.br\/editora\/wp-content\/uploads\/2016\/10\/FOTO-HALLINA-BELTR\u00c3O-200x200.jpg 200w, https:\/\/www.mundoleitura.com.br\/editora\/wp-content\/uploads\/2016\/10\/FOTO-HALLINA-BELTR\u00c3O-768x769.jpg 768w, https:\/\/www.mundoleitura.com.br\/editora\/wp-content\/uploads\/2016\/10\/FOTO-HALLINA-BELTR\u00c3O.jpg 877w\" sizes=\"auto, (max-width: 300px) 100vw, 300px\" \/><\/a><a href=\"http:\/\/www.mundoleitura.com.br\/editora\/wp-content\/uploads\/2016\/10\/reizinho.jpg\"><img loading=\"lazy\" decoding=\"async\" class=\"alignright size-medium wp-image-95\" src=\"http:\/\/www.mundoleitura.com.br\/editora\/wp-content\/uploads\/2016\/10\/reizinho-300x300.jpg\" alt=\"reizinho\" width=\"300\" height=\"300\" srcset=\"https:\/\/www.mundoleitura.com.br\/editora\/wp-content\/uploads\/2016\/10\/reizinho-300x300.jpg 300w, https:\/\/www.mundoleitura.com.br\/editora\/wp-content\/uploads\/2016\/10\/reizinho-200x200.jpg 200w, https:\/\/www.mundoleitura.com.br\/editora\/wp-content\/uploads\/2016\/10\/reizinho-768x768.jpg 768w, https:\/\/www.mundoleitura.com.br\/editora\/wp-content\/uploads\/2016\/10\/reizinho.jpg 850w\" sizes=\"auto, (max-width: 300px) 100vw, 300px\" \/><\/a>\u00c9 pernambucana, Mestre em Design Gr\u00e1fico Editorial pela Elisava, Universidade Pompeu Fabra, de Barcelona, na Espanha, e especializada em Ilustra\u00e7\u00e3o Criativa pela Universidade Aut\u00f4noma de Barcelona, Eina. Ilustrou livros infantojuvenis para editoras nordestinas, produz imagens para a revista liter\u00e1ria espanhola <em>Que Leer<\/em>, para o suplemento liter\u00e1rio <em>Pernambuco<\/em>, para a Revista Continente e o Jornal Rascunho, al\u00e9m de criar diversas capas para autores brasileiros. Por Mundo Leitura ilustrou: <em>O Reizinho e o espelho<\/em>, e prepara para breve dois novos t\u00edtulos voltados \u00e0 primeira inf\u00e2ncia.<\/p>\n<p>&nbsp;<\/p>\n","protected":false},"excerpt":{"rendered":"<p>\u00c9 pernambucana, Mestre em Design Gr\u00e1fico Editorial pela Elisava, Universidade Pompeu Fabra, de Barcelona, na Espanha, e especializada em Ilustra\u00e7\u00e3o Criativa pela Universidade Aut\u00f4noma de Barcelona, Eina. Ilustrou livros infantojuvenis para editoras nordestinas, produz imagens para a revista liter\u00e1ria espanhola Que Leer, para o suplemento liter\u00e1rio Pernambuco, para a Revista Continente e o Jornal Rascunho, [&hellip;]<\/p>\n","protected":false},"author":1,"featured_media":67,"parent":20,"menu_order":0,"comment_status":"closed","ping_status":"closed","template":"","meta":{"footnotes":""},"class_list":["post-66","page","type-page","status-publish","has-post-thumbnail","hentry"],"_links":{"self":[{"href":"https:\/\/www.mundoleitura.com.br\/editora\/wp-json\/wp\/v2\/pages\/66","targetHints":{"allow":["GET"]}}],"collection":[{"href":"https:\/\/www.mundoleitura.com.br\/editora\/wp-json\/wp\/v2\/pages"}],"about":[{"href":"https:\/\/www.mundoleitura.com.br\/editora\/wp-json\/wp\/v2\/types\/page"}],"author":[{"embeddable":true,"href":"https:\/\/www.mundoleitura.com.br\/editora\/wp-json\/wp\/v2\/users\/1"}],"replies":[{"embeddable":true,"href":"https:\/\/www.mundoleitura.com.br\/editora\/wp-json\/wp\/v2\/comments?post=66"}],"version-history":[{"count":4,"href":"https:\/\/www.mundoleitura.com.br\/editora\/wp-json\/wp\/v2\/pages\/66\/revisions"}],"predecessor-version":[{"id":214,"href":"https:\/\/www.mundoleitura.com.br\/editora\/wp-json\/wp\/v2\/pages\/66\/revisions\/214"}],"up":[{"embeddable":true,"href":"https:\/\/www.mundoleitura.com.br\/editora\/wp-json\/wp\/v2\/pages\/20"}],"wp:featuredmedia":[{"embeddable":true,"href":"https:\/\/www.mundoleitura.com.br\/editora\/wp-json\/wp\/v2\/media\/67"}],"wp:attachment":[{"href":"https:\/\/www.mundoleitura.com.br\/editora\/wp-json\/wp\/v2\/media?parent=66"}],"curies":[{"name":"wp","href":"https:\/\/api.w.org\/{rel}","templated":true}]}}