{"id":60,"date":"2016-10-06T11:53:23","date_gmt":"2016-10-06T14:53:23","guid":{"rendered":"http:\/\/www.mundoleitura.com.br\/editora\/?page_id=60"},"modified":"2018-01-04T23:15:49","modified_gmt":"2018-01-05T02:15:49","slug":"chiara-bucceri","status":"publish","type":"page","link":"https:\/\/www.mundoleitura.com.br\/editora\/autores\/chiara-bucceri\/","title":{"rendered":"Chiara Buccheri"},"content":{"rendered":"<p><a href=\"http:\/\/www.mundoleitura.com.br\/editora\/wp-content\/uploads\/2016\/10\/autoritrattoChiara.jpg\"><img loading=\"lazy\" decoding=\"async\" class=\"wp-image-73 alignleft\" src=\"http:\/\/www.mundoleitura.com.br\/editora\/wp-content\/uploads\/2016\/10\/autoritrattoChiara-300x291.jpg\" alt=\"autoritrattochiara\" width=\"251\" height=\"243\" srcset=\"https:\/\/www.mundoleitura.com.br\/editora\/wp-content\/uploads\/2016\/10\/autoritrattoChiara-300x291.jpg 300w, https:\/\/www.mundoleitura.com.br\/editora\/wp-content\/uploads\/2016\/10\/autoritrattoChiara-768x746.jpg 768w, https:\/\/www.mundoleitura.com.br\/editora\/wp-content\/uploads\/2016\/10\/autoritrattoChiara-1024x994.jpg 1024w, https:\/\/www.mundoleitura.com.br\/editora\/wp-content\/uploads\/2016\/10\/autoritrattoChiara-200x194.jpg 200w, https:\/\/www.mundoleitura.com.br\/editora\/wp-content\/uploads\/2016\/10\/autoritrattoChiara.jpg 1371w\" sizes=\"auto, (max-width: 251px) 100vw, 251px\" \/><\/a><\/p>\n<p>\u00c9 ilustradora, vive e trabalha em Mil\u00e3o, It\u00e1lia. Formada em Filosofia, fez curso <a href=\"http:\/\/www.mundoleitura.com.br\/editora\/wp-content\/uploads\/2017\/05\/DEZ-ELEFANTINHOS-DO-BALACOBACO.jpg\"><img loading=\"lazy\" decoding=\"async\" class=\"alignright size-medium wp-image-396\" src=\"http:\/\/www.mundoleitura.com.br\/editora\/wp-content\/uploads\/2017\/05\/DEZ-ELEFANTINHOS-DO-BALACOBACO-300x274.jpg\" alt=\"\" width=\"300\" height=\"274\" srcset=\"https:\/\/www.mundoleitura.com.br\/editora\/wp-content\/uploads\/2017\/05\/DEZ-ELEFANTINHOS-DO-BALACOBACO-300x274.jpg 300w, https:\/\/www.mundoleitura.com.br\/editora\/wp-content\/uploads\/2017\/05\/DEZ-ELEFANTINHOS-DO-BALACOBACO-768x701.jpg 768w, https:\/\/www.mundoleitura.com.br\/editora\/wp-content\/uploads\/2017\/05\/DEZ-ELEFANTINHOS-DO-BALACOBACO-1024x935.jpg 1024w, https:\/\/www.mundoleitura.com.br\/editora\/wp-content\/uploads\/2017\/05\/DEZ-ELEFANTINHOS-DO-BALACOBACO-200x183.jpg 200w\" sizes=\"auto, (max-width: 300px) 100vw, 300px\" \/><\/a>superior de Ilustra\u00e7\u00e3o no <em>Instituto Europeu de Design<\/em> de Mil\u00e3o, estudou anima\u00e7\u00e3o 3D e design multim\u00eddia no <em>SAE Institut<\/em> de Berlim, na Alemanha. J\u00e1 trabalhou como ilustradora para diferentes empresas e organiza\u00e7\u00f5es, cobrindo uma grande variedade de g\u00eaneros. Sua casa parece sa\u00edda de uma hist\u00f3ria infantil, toda decorada com criaturas que as crian\u00e7as adoram. Sua estreia em Mundo Leitura est\u00e1 programada para o ano de 2017.<\/p>\n<p>&nbsp;<\/p>\n","protected":false},"excerpt":{"rendered":"<p>\u00c9 ilustradora, vive e trabalha em Mil\u00e3o, It\u00e1lia. Formada em Filosofia, fez curso superior de Ilustra\u00e7\u00e3o no Instituto Europeu de Design de Mil\u00e3o, estudou anima\u00e7\u00e3o 3D e design multim\u00eddia no SAE Institut de Berlim, na Alemanha. J\u00e1 trabalhou como ilustradora para diferentes empresas e organiza\u00e7\u00f5es, cobrindo uma grande variedade de g\u00eaneros. Sua casa parece sa\u00edda [&hellip;]<\/p>\n","protected":false},"author":1,"featured_media":61,"parent":20,"menu_order":0,"comment_status":"closed","ping_status":"closed","template":"","meta":{"footnotes":""},"class_list":["post-60","page","type-page","status-publish","has-post-thumbnail","hentry"],"_links":{"self":[{"href":"https:\/\/www.mundoleitura.com.br\/editora\/wp-json\/wp\/v2\/pages\/60","targetHints":{"allow":["GET"]}}],"collection":[{"href":"https:\/\/www.mundoleitura.com.br\/editora\/wp-json\/wp\/v2\/pages"}],"about":[{"href":"https:\/\/www.mundoleitura.com.br\/editora\/wp-json\/wp\/v2\/types\/page"}],"author":[{"embeddable":true,"href":"https:\/\/www.mundoleitura.com.br\/editora\/wp-json\/wp\/v2\/users\/1"}],"replies":[{"embeddable":true,"href":"https:\/\/www.mundoleitura.com.br\/editora\/wp-json\/wp\/v2\/comments?post=60"}],"version-history":[{"count":13,"href":"https:\/\/www.mundoleitura.com.br\/editora\/wp-json\/wp\/v2\/pages\/60\/revisions"}],"predecessor-version":[{"id":632,"href":"https:\/\/www.mundoleitura.com.br\/editora\/wp-json\/wp\/v2\/pages\/60\/revisions\/632"}],"up":[{"embeddable":true,"href":"https:\/\/www.mundoleitura.com.br\/editora\/wp-json\/wp\/v2\/pages\/20"}],"wp:featuredmedia":[{"embeddable":true,"href":"https:\/\/www.mundoleitura.com.br\/editora\/wp-json\/wp\/v2\/media\/61"}],"wp:attachment":[{"href":"https:\/\/www.mundoleitura.com.br\/editora\/wp-json\/wp\/v2\/media?parent=60"}],"curies":[{"name":"wp","href":"https:\/\/api.w.org\/{rel}","templated":true}]}}