{"id":57,"date":"2016-10-06T11:49:14","date_gmt":"2016-10-06T14:49:14","guid":{"rendered":"http:\/\/www.mundoleitura.com.br\/editora\/?page_id=57"},"modified":"2020-03-06T13:10:55","modified_gmt":"2020-03-06T16:10:55","slug":"claudia-lins","status":"publish","type":"page","link":"https:\/\/www.mundoleitura.com.br\/editora\/autores\/claudia-lins\/","title":{"rendered":"Claudia Lins"},"content":{"rendered":"<p><a href=\"http:\/\/www.mundoleitura.com.br\/editora\/wp-content\/uploads\/2016\/10\/FOTO-CLAUDIA-LINS2.jpg\"><img loading=\"lazy\" decoding=\"async\" class=\"alignleft wp-image-58 size-medium\" src=\"http:\/\/www.mundoleitura.com.br\/editora\/wp-content\/uploads\/2016\/10\/FOTO-CLAUDIA-LINS2-276x300.jpg\" alt=\"foto-claudia-lins2\" width=\"276\" height=\"300\" srcset=\"https:\/\/www.mundoleitura.com.br\/editora\/wp-content\/uploads\/2016\/10\/FOTO-CLAUDIA-LINS2-276x300.jpg 276w, https:\/\/www.mundoleitura.com.br\/editora\/wp-content\/uploads\/2016\/10\/FOTO-CLAUDIA-LINS2-184x200.jpg 184w, https:\/\/www.mundoleitura.com.br\/editora\/wp-content\/uploads\/2016\/10\/FOTO-CLAUDIA-LINS2.jpg 654w\" sizes=\"auto, (max-width: 276px) 100vw, 276px\" \/><\/a><\/p>\n<p><a href=\"http:\/\/www.mundoleitura.com.br\/editora\/wp-content\/uploads\/2016\/10\/reizinho.jpg\"><img loading=\"lazy\" decoding=\"async\" class=\"alignright wp-image-95 \" src=\"http:\/\/www.mundoleitura.com.br\/editora\/wp-content\/uploads\/2016\/10\/reizinho-300x300.jpg\" alt=\"reizinho\" width=\"103\" height=\"103\" srcset=\"https:\/\/www.mundoleitura.com.br\/editora\/wp-content\/uploads\/2016\/10\/reizinho-300x300.jpg 300w, https:\/\/www.mundoleitura.com.br\/editora\/wp-content\/uploads\/2016\/10\/reizinho-200x200.jpg 200w, https:\/\/www.mundoleitura.com.br\/editora\/wp-content\/uploads\/2016\/10\/reizinho-768x768.jpg 768w, https:\/\/www.mundoleitura.com.br\/editora\/wp-content\/uploads\/2016\/10\/reizinho.jpg 850w\" sizes=\"auto, (max-width: 103px) 100vw, 103px\" \/><\/a>Nasceu no Rio de Janeiro, mas escolheu <img loading=\"lazy\" decoding=\"async\" class=\"wp-image-609 alignright\" src=\"https:\/\/www.mundoleitura.com.br\/editora\/wp-content\/uploads\/2018\/01\/OS-TR\u00caS-PORQUINHOS-DO-AGRESTE-215x300.jpg\" alt=\"\" width=\"95\" height=\"133\" srcset=\"https:\/\/www.mundoleitura.com.br\/editora\/wp-content\/uploads\/2018\/01\/OS-TR\u00caS-PORQUINHOS-DO-AGRESTE-215x300.jpg 215w, https:\/\/www.mundoleitura.com.br\/editora\/wp-content\/uploads\/2018\/01\/OS-TR\u00caS-PORQUINHOS-DO-AGRESTE-768x1071.jpg 768w, https:\/\/www.mundoleitura.com.br\/editora\/wp-content\/uploads\/2018\/01\/OS-TR\u00caS-PORQUINHOS-DO-AGRESTE-735x1024.jpg 735w, https:\/\/www.mundoleitura.com.br\/editora\/wp-content\/uploads\/2018\/01\/OS-TR\u00caS-PORQUINHOS-DO-AGRESTE-143x200.jpg 143w, https:\/\/www.mundoleitura.com.br\/editora\/wp-content\/uploads\/2018\/01\/OS-TR\u00caS-PORQUINHOS-DO-AGRESTE.jpg 850w\" sizes=\"auto, (max-width: 95px) 100vw, 95px\" \/>a cidade<img loading=\"lazy\" decoding=\"async\" class=\" wp-image-1259 alignright\" src=\"https:\/\/www.mundoleitura.com.br\/editora\/wp-content\/uploads\/2016\/10\/LIVRO-Amigos-bichos-e-abra\u00e7os-CAPA-236x300.jpg\" alt=\"\" width=\"117\" height=\"148\" srcset=\"https:\/\/www.mundoleitura.com.br\/editora\/wp-content\/uploads\/2016\/10\/LIVRO-Amigos-bichos-e-abra\u00e7os-CAPA-236x300.jpg 236w, https:\/\/www.mundoleitura.com.br\/editora\/wp-content\/uploads\/2016\/10\/LIVRO-Amigos-bichos-e-abra\u00e7os-CAPA-768x978.jpg 768w, https:\/\/www.mundoleitura.com.br\/editora\/wp-content\/uploads\/2016\/10\/LIVRO-Amigos-bichos-e-abra\u00e7os-CAPA-804x1024.jpg 804w, https:\/\/www.mundoleitura.com.br\/editora\/wp-content\/uploads\/2016\/10\/LIVRO-Amigos-bichos-e-abra\u00e7os-CAPA-157x200.jpg 157w\" sizes=\"auto, (max-width: 117px) 100vw, 117px\" \/>\u00a0de Macei\u00f3 para criar ra\u00edzes e plantar uma floresta de leitores. Autora, jornalista e editora, p\u00f3s-graduada em Literatura Infantil e Conta\u00e7\u00e3o de Hist\u00f3rias na Escola, pela Uniara (SP), publicou mais de 15 livros infantojuvenis. Suas hist\u00f3rias s\u00e3o como reinos encantados que falam de sonhos, da cultura africana, do folclore do rio S\u00e3o Francisco e da alegria de ser crian\u00e7a. Coordena a <em>Rede Ler e Compartilhar<\/em>, um programa nacional de circula\u00e7\u00e3o de acervos e o portal de not\u00edcias Mundo Leitura. Por seu trabalho junto a crian\u00e7as e educadores alagoanos, recebeu da FNLIJ o <em>Pr\u00eamio de Melhor Programa de Incentivo \u00e0 Leitura do Brasil<\/em>, em 2014. Por Mundo Leitura Editora publicou: <em>O di\u00e1rio de Dandara pelo mundo, Os tr\u00eas porquinhos do Agreste, O Reizinho e o Espelho<\/em>, <em>Nyuni, o menino p\u00e1ssaro<\/em>\u00a0e muitos outros. Seu livro Amigos Bichos e Abra\u00e7os, integrou o Programa Minha Biblioteca da Prefeitura de SP, 2019, distribu\u00eddo para centenas de escolas, contemplando 5 mil leitores.<\/p>\n<p>&nbsp;<\/p>\n","protected":false},"excerpt":{"rendered":"<p>Nasceu no Rio de Janeiro, mas escolheu a cidade\u00a0de Macei\u00f3 para criar ra\u00edzes e plantar uma floresta de leitores. Autora, jornalista e editora, p\u00f3s-graduada em Literatura Infantil e Conta\u00e7\u00e3o de Hist\u00f3rias na Escola, pela Uniara (SP), publicou mais de 15 livros infantojuvenis. Suas hist\u00f3rias s\u00e3o como reinos encantados que falam de sonhos, da cultura africana, [&hellip;]<\/p>\n","protected":false},"author":1,"featured_media":58,"parent":20,"menu_order":0,"comment_status":"closed","ping_status":"closed","template":"","meta":{"footnotes":""},"class_list":["post-57","page","type-page","status-publish","has-post-thumbnail","hentry"],"_links":{"self":[{"href":"https:\/\/www.mundoleitura.com.br\/editora\/wp-json\/wp\/v2\/pages\/57","targetHints":{"allow":["GET"]}}],"collection":[{"href":"https:\/\/www.mundoleitura.com.br\/editora\/wp-json\/wp\/v2\/pages"}],"about":[{"href":"https:\/\/www.mundoleitura.com.br\/editora\/wp-json\/wp\/v2\/types\/page"}],"author":[{"embeddable":true,"href":"https:\/\/www.mundoleitura.com.br\/editora\/wp-json\/wp\/v2\/users\/1"}],"replies":[{"embeddable":true,"href":"https:\/\/www.mundoleitura.com.br\/editora\/wp-json\/wp\/v2\/comments?post=57"}],"version-history":[{"count":29,"href":"https:\/\/www.mundoleitura.com.br\/editora\/wp-json\/wp\/v2\/pages\/57\/revisions"}],"predecessor-version":[{"id":1261,"href":"https:\/\/www.mundoleitura.com.br\/editora\/wp-json\/wp\/v2\/pages\/57\/revisions\/1261"}],"up":[{"embeddable":true,"href":"https:\/\/www.mundoleitura.com.br\/editora\/wp-json\/wp\/v2\/pages\/20"}],"wp:featuredmedia":[{"embeddable":true,"href":"https:\/\/www.mundoleitura.com.br\/editora\/wp-json\/wp\/v2\/media\/58"}],"wp:attachment":[{"href":"https:\/\/www.mundoleitura.com.br\/editora\/wp-json\/wp\/v2\/media?parent=57"}],"curies":[{"name":"wp","href":"https:\/\/api.w.org\/{rel}","templated":true}]}}