{"id":480,"date":"2017-11-10T17:28:46","date_gmt":"2017-11-10T20:28:46","guid":{"rendered":"http:\/\/www.mundoleitura.com.br\/editora\/?page_id=480"},"modified":"2017-11-10T17:29:53","modified_gmt":"2017-11-10T20:29:53","slug":"bruno-cleriston","status":"publish","type":"page","link":"https:\/\/www.mundoleitura.com.br\/editora\/autores\/bruno-cleriston\/","title":{"rendered":"Bruno Cl\u00e9riston"},"content":{"rendered":"<p><a href=\"http:\/\/www.mundoleitura.com.br\/editora\/wp-content\/uploads\/2017\/11\/Bruno-Cl\u00e9riston-Ilustrador.jpeg\"><img loading=\"lazy\" decoding=\"async\" class=\"alignleft  wp-image-481\" src=\"http:\/\/www.mundoleitura.com.br\/editora\/wp-content\/uploads\/2017\/11\/Bruno-Cl\u00e9riston-Ilustrador-300x300.jpeg\" alt=\"\" width=\"220\" height=\"220\" srcset=\"https:\/\/www.mundoleitura.com.br\/editora\/wp-content\/uploads\/2017\/11\/Bruno-Cl\u00e9riston-Ilustrador-300x300.jpeg 300w, https:\/\/www.mundoleitura.com.br\/editora\/wp-content\/uploads\/2017\/11\/Bruno-Cl\u00e9riston-Ilustrador-200x200.jpeg 200w, https:\/\/www.mundoleitura.com.br\/editora\/wp-content\/uploads\/2017\/11\/Bruno-Cl\u00e9riston-Ilustrador-768x768.jpeg 768w, https:\/\/www.mundoleitura.com.br\/editora\/wp-content\/uploads\/2017\/11\/Bruno-Cl\u00e9riston-Ilustrador.jpeg 1000w\" sizes=\"auto, (max-width: 220px) 100vw, 220px\" \/><\/a>\u00c9 ilustrador e designer gr\u00e1fico alagoano, com experi\u00eancia de mais de uma d\u00e9cada <a href=\"http:\/\/www.mundoleitura.com.br\/editora\/wp-content\/uploads\/2017\/11\/OS-TR\u00caS-PORQUINHOS-DO-AGRESTE-CAPA.jpg\"><img loading=\"lazy\" decoding=\"async\" class=\"alignright  wp-image-483\" src=\"http:\/\/www.mundoleitura.com.br\/editora\/wp-content\/uploads\/2017\/11\/OS-TR\u00caS-PORQUINHOS-DO-AGRESTE-CAPA-215x300.jpg\" alt=\"\" width=\"196\" height=\"273\" srcset=\"https:\/\/www.mundoleitura.com.br\/editora\/wp-content\/uploads\/2017\/11\/OS-TR\u00caS-PORQUINHOS-DO-AGRESTE-CAPA-215x300.jpg 215w, https:\/\/www.mundoleitura.com.br\/editora\/wp-content\/uploads\/2017\/11\/OS-TR\u00caS-PORQUINHOS-DO-AGRESTE-CAPA-768x1071.jpg 768w, https:\/\/www.mundoleitura.com.br\/editora\/wp-content\/uploads\/2017\/11\/OS-TR\u00caS-PORQUINHOS-DO-AGRESTE-CAPA-735x1024.jpg 735w, https:\/\/www.mundoleitura.com.br\/editora\/wp-content\/uploads\/2017\/11\/OS-TR\u00caS-PORQUINHOS-DO-AGRESTE-CAPA-143x200.jpg 143w\" sizes=\"auto, (max-width: 196px) 100vw, 196px\" \/><\/a>em emissoras de R\u00e1dio e TV. J\u00e1 realizou in\u00fameros projetos de identidade visuais para est\u00fadios de arte e design, ag\u00eancias de publicidade, produtoras culturais, de v\u00eddeo, e outros segmentos da economia criativa, no Brasil e no exterior. Ilustrou quatro livros para autores de Alagoas e est\u00e1 sempre em busca de novos desafios criativo. Por isso, topou na hora o convite de Mundo Leitura para recriar o colorido universo de Chico, Z\u00e9, Frederico e Juvenal. Para compor o novo projeto gr\u00e1fico desta hist\u00f3ria sem desrespeitar as caracter\u00edsticas do layout original dos personagens, idealizados por Eduardo Menezes, Bruno escolheu unir as t\u00e9cnicas de pintura digital e desenhos em aquarela.<\/p>\n","protected":false},"excerpt":{"rendered":"<p>\u00c9 ilustrador e designer gr\u00e1fico alagoano, com experi\u00eancia de mais de uma d\u00e9cada em emissoras de R\u00e1dio e TV. J\u00e1 realizou in\u00fameros projetos de identidade visuais para est\u00fadios de arte e design, ag\u00eancias de publicidade, produtoras culturais, de v\u00eddeo, e outros segmentos da economia criativa, no Brasil e no exterior. Ilustrou quatro livros para autores [&hellip;]<\/p>\n","protected":false},"author":2,"featured_media":481,"parent":20,"menu_order":0,"comment_status":"closed","ping_status":"closed","template":"","meta":{"footnotes":""},"class_list":["post-480","page","type-page","status-publish","has-post-thumbnail","hentry"],"_links":{"self":[{"href":"https:\/\/www.mundoleitura.com.br\/editora\/wp-json\/wp\/v2\/pages\/480","targetHints":{"allow":["GET"]}}],"collection":[{"href":"https:\/\/www.mundoleitura.com.br\/editora\/wp-json\/wp\/v2\/pages"}],"about":[{"href":"https:\/\/www.mundoleitura.com.br\/editora\/wp-json\/wp\/v2\/types\/page"}],"author":[{"embeddable":true,"href":"https:\/\/www.mundoleitura.com.br\/editora\/wp-json\/wp\/v2\/users\/2"}],"replies":[{"embeddable":true,"href":"https:\/\/www.mundoleitura.com.br\/editora\/wp-json\/wp\/v2\/comments?post=480"}],"version-history":[{"count":2,"href":"https:\/\/www.mundoleitura.com.br\/editora\/wp-json\/wp\/v2\/pages\/480\/revisions"}],"predecessor-version":[{"id":485,"href":"https:\/\/www.mundoleitura.com.br\/editora\/wp-json\/wp\/v2\/pages\/480\/revisions\/485"}],"up":[{"embeddable":true,"href":"https:\/\/www.mundoleitura.com.br\/editora\/wp-json\/wp\/v2\/pages\/20"}],"wp:featuredmedia":[{"embeddable":true,"href":"https:\/\/www.mundoleitura.com.br\/editora\/wp-json\/wp\/v2\/media\/481"}],"wp:attachment":[{"href":"https:\/\/www.mundoleitura.com.br\/editora\/wp-json\/wp\/v2\/media?parent=480"}],"curies":[{"name":"wp","href":"https:\/\/api.w.org\/{rel}","templated":true}]}}