{"id":233,"date":"2020-03-05T20:06:18","date_gmt":"2020-03-05T23:06:18","guid":{"rendered":"http:\/\/www.mundoleitura.com.br\/editora\/?page_id=233"},"modified":"2024-05-14T18:14:46","modified_gmt":"2024-05-14T21:14:46","slug":"nyuni-o-menino-passaro","status":"publish","type":"page","link":"https:\/\/www.mundoleitura.com.br\/editora\/livros\/nyuni-o-menino-passaro\/","title":{"rendered":"NYUNI o menino p\u00e1ssaro"},"content":{"rendered":"<p>@mundoleituraeditora<br \/><img loading=\"lazy\" decoding=\"async\" class=\"alignnone wp-image-408\" src=\"https:\/\/www.mundoleitura.com.br\/editora\/wp-content\/uploads\/2017\/05\/CAPA-DO-LIVRO-NYUNI-o-menino-p\u00e1ssaro-1024x905.jpg\" alt=\"\" width=\"596\" height=\"527\" srcset=\"https:\/\/www.mundoleitura.com.br\/editora\/wp-content\/uploads\/2017\/05\/CAPA-DO-LIVRO-NYUNI-o-menino-p\u00e1ssaro-1024x905.jpg 1024w, https:\/\/www.mundoleitura.com.br\/editora\/wp-content\/uploads\/2017\/05\/CAPA-DO-LIVRO-NYUNI-o-menino-p\u00e1ssaro-300x265.jpg 300w, https:\/\/www.mundoleitura.com.br\/editora\/wp-content\/uploads\/2017\/05\/CAPA-DO-LIVRO-NYUNI-o-menino-p\u00e1ssaro-768x679.jpg 768w, https:\/\/www.mundoleitura.com.br\/editora\/wp-content\/uploads\/2017\/05\/CAPA-DO-LIVRO-NYUNI-o-menino-p\u00e1ssaro-200x177.jpg 200w\" sizes=\"auto, (max-width: 596px) 100vw, 596px\" \/><\/p>\n<p>Escrito por: <a href=\"http:\/\/www.mundoleitura.com.br\/editora\/autores\/claudia-lins\/\">Claudia Lins<\/a><br \/>Ilustrado por: <a href=\"http:\/\/www.mundoleitura.com.br\/editora\/autores\/denise-rochael\/\">Denise Rochael<\/a><\/p>\n<p style=\"text-align: left;\"><em>2\u00aa Impress\u00e3o &#8211; 2020 &#8211; <\/em><em>3\u00aa Impress\u00e3o &#8211; 2022<\/em><\/p>\n<p style=\"text-align: left;\">No cora\u00e7\u00e3o do Quilombo, um menino sonha com as hist\u00f3rias de um mundo distante. Nesse tempo de ser crian\u00e7a, uma amizade especial unir\u00e1 os caminhos de \u00c1frica e Brasil. Venha voar com Nyuni, o menino p\u00e1ssaro! <em>Uma hist\u00f3ria a unir os caminhos de \u00c1frica e Brasil!<\/em><\/p>\n<p><strong>Comprar em nossa loja&#x1f6d2;: <a href=\"https:\/\/www.lojamundoleitura.com.br\/pd-387e90-nyuni-o-menino-passaro.html?ct=&amp;p=1&amp;s=1\">lojamundoleitura.com.br<\/a>&#x1f6d2;<\/strong><\/p>\n<p>ISBN: 978-85-92866-01-3<br \/><strong>Temas:<\/strong> fam\u00edlia, inf\u00e2ncia, f\u00e1bulas africanas, pluralidade cultural.<\/p>\n<p><strong>Sugest\u00f5es de leitura<\/strong><\/p>\n<p><strong>Leitura compartilhada:<\/strong> a partir de 3 anos<\/p>\n<p><strong>Leitura aut\u00f4noma<\/strong>: de 7 a 10 anos.<\/p>\n<p>*<strong>Livro selecionado pelos programas:<\/strong><\/p>\n<p>Minha Biblioteca Prefeitura de SP 2021-2022 &#8211; 6,5 mil exemplares<\/p>\n<p>Acervos Prefeitura de SP SME &#8211; 2020<\/p>\n<p>Acervos Prefeitura de SP SME &#8211; 20219<\/p>\n<p>Rede Educare &#8211; Cantinhos de Leitura 2018<\/p>\n\n\n<figure class=\"wp-block-image size-full\"><img loading=\"lazy\" decoding=\"async\" width=\"579\" height=\"446\" src=\"https:\/\/www.mundoleitura.com.br\/editora\/wp-content\/uploads\/2017\/05\/Ilustra\u00e7\u00e3o-de-Denise-Rochael-para-o-livro-Nyuni.jpg\" alt=\"\" class=\"wp-image-404\" srcset=\"https:\/\/www.mundoleitura.com.br\/editora\/wp-content\/uploads\/2017\/05\/Ilustra\u00e7\u00e3o-de-Denise-Rochael-para-o-livro-Nyuni.jpg 579w, https:\/\/www.mundoleitura.com.br\/editora\/wp-content\/uploads\/2017\/05\/Ilustra\u00e7\u00e3o-de-Denise-Rochael-para-o-livro-Nyuni-300x231.jpg 300w, https:\/\/www.mundoleitura.com.br\/editora\/wp-content\/uploads\/2017\/05\/Ilustra\u00e7\u00e3o-de-Denise-Rochael-para-o-livro-Nyuni-200x154.jpg 200w\" sizes=\"auto, (max-width: 579px) 100vw, 579px\" \/><figcaption class=\"wp-element-caption\">Ilustra\u00e7\u00e3o de Denise Rochael para o livro Nyuni o menino P\u00e1ssaro<\/figcaption><\/figure>\n","protected":false},"excerpt":{"rendered":"<p>Texto: Claudia Lins<br \/>\nIlustra\u00e7\u00f5es: Denise Rochael<br \/>\nMUNDO LEITURA<\/p>\n","protected":false},"author":1,"featured_media":94,"parent":18,"menu_order":0,"comment_status":"closed","ping_status":"closed","template":"","meta":{"footnotes":""},"class_list":["post-233","page","type-page","status-publish","has-post-thumbnail","hentry"],"_links":{"self":[{"href":"https:\/\/www.mundoleitura.com.br\/editora\/wp-json\/wp\/v2\/pages\/233","targetHints":{"allow":["GET"]}}],"collection":[{"href":"https:\/\/www.mundoleitura.com.br\/editora\/wp-json\/wp\/v2\/pages"}],"about":[{"href":"https:\/\/www.mundoleitura.com.br\/editora\/wp-json\/wp\/v2\/types\/page"}],"author":[{"embeddable":true,"href":"https:\/\/www.mundoleitura.com.br\/editora\/wp-json\/wp\/v2\/users\/1"}],"replies":[{"embeddable":true,"href":"https:\/\/www.mundoleitura.com.br\/editora\/wp-json\/wp\/v2\/comments?post=233"}],"version-history":[{"count":34,"href":"https:\/\/www.mundoleitura.com.br\/editora\/wp-json\/wp\/v2\/pages\/233\/revisions"}],"predecessor-version":[{"id":2022,"href":"https:\/\/www.mundoleitura.com.br\/editora\/wp-json\/wp\/v2\/pages\/233\/revisions\/2022"}],"up":[{"embeddable":true,"href":"https:\/\/www.mundoleitura.com.br\/editora\/wp-json\/wp\/v2\/pages\/18"}],"wp:featuredmedia":[{"embeddable":true,"href":"https:\/\/www.mundoleitura.com.br\/editora\/wp-json\/wp\/v2\/media\/94"}],"wp:attachment":[{"href":"https:\/\/www.mundoleitura.com.br\/editora\/wp-json\/wp\/v2\/media?parent=233"}],"curies":[{"name":"wp","href":"https:\/\/api.w.org\/{rel}","templated":true}]}}