{"id":2237,"date":"2024-11-11T12:43:05","date_gmt":"2024-11-11T15:43:05","guid":{"rendered":"https:\/\/www.mundoleitura.com.br\/editora\/?page_id=2237"},"modified":"2024-11-11T12:45:10","modified_gmt":"2024-11-11T15:45:10","slug":"andreza-felix","status":"publish","type":"page","link":"https:\/\/www.mundoleitura.com.br\/editora\/autores\/andreza-felix\/","title":{"rendered":"Andreza F\u00e9lix"},"content":{"rendered":"<div class=\"wp-block-image is-style-default\">\n<figure class=\"alignleft size-thumbnail\"><img loading=\"lazy\" decoding=\"async\" width=\"200\" height=\"200\" src=\"https:\/\/www.mundoleitura.com.br\/editora\/wp-content\/uploads\/2024\/11\/Foto-Andreza-Felix-57-200x200.jpg\" alt=\"\" class=\"wp-image-2238\"\/><\/figure>\n<\/div>\n\n\n<p>\u00c9 pedagoga, bibliotec\u00e1ria e escritora de LIJ. Nascida em Minas Gerais, vive e trabalha na cidade de S\u00e3o Paulo. Defensora do protagonismo negro na literatura para inf\u00e2ncia, publicou com v\u00e1rias editoras brasileiras. Suas obras retratam com fic\u00e7\u00e3o e poesia a inf\u00e2ncia nos mais diversos contextos.  Publicou por Mundo Leitura os livros Na Minha Rua e Na Minha Cidade, \u00e1lbuns ilustrados inspirados nas descobertas dos saberes dos espa\u00e7os atrav\u00e9s do olhar apurado das crian\u00e7as. <\/p>\n\n\n\n<p><strong>Livros da autora lan\u00e7ados por Mundo Leitura<\/strong><\/p>\n\n\n\n<figure class=\"wp-block-gallery has-nested-images columns-default is-cropped wp-block-gallery-1 is-layout-flex wp-block-gallery-is-layout-flex\">\n<figure class=\"wp-block-image size-large\"><img loading=\"lazy\" decoding=\"async\" width=\"482\" height=\"452\" data-id=\"2239\" src=\"https:\/\/www.mundoleitura.com.br\/editora\/wp-content\/uploads\/2024\/11\/capa.jpg\" alt=\"\" class=\"wp-image-2239\" srcset=\"https:\/\/www.mundoleitura.com.br\/editora\/wp-content\/uploads\/2024\/11\/capa.jpg 482w, https:\/\/www.mundoleitura.com.br\/editora\/wp-content\/uploads\/2024\/11\/capa-300x281.jpg 300w\" sizes=\"auto, (max-width: 482px) 100vw, 482px\" \/><\/figure>\n\n\n\n<figure class=\"wp-block-image size-large\"><img loading=\"lazy\" decoding=\"async\" width=\"847\" height=\"846\" data-id=\"2147\" src=\"https:\/\/www.mundoleitura.com.br\/editora\/wp-content\/uploads\/2024\/06\/Capa-Na-Minha-Rua.jpg\" alt=\"\" class=\"wp-image-2147\" srcset=\"https:\/\/www.mundoleitura.com.br\/editora\/wp-content\/uploads\/2024\/06\/Capa-Na-Minha-Rua.jpg 847w, https:\/\/www.mundoleitura.com.br\/editora\/wp-content\/uploads\/2024\/06\/Capa-Na-Minha-Rua-300x300.jpg 300w, https:\/\/www.mundoleitura.com.br\/editora\/wp-content\/uploads\/2024\/06\/Capa-Na-Minha-Rua-200x200.jpg 200w, https:\/\/www.mundoleitura.com.br\/editora\/wp-content\/uploads\/2024\/06\/Capa-Na-Minha-Rua-768x767.jpg 768w\" sizes=\"auto, (max-width: 847px) 100vw, 847px\" \/><\/figure>\n<\/figure>\n","protected":false},"excerpt":{"rendered":"<p>\u00c9 pedagoga, bibliotec\u00e1ria e escritora de LIJ. Nascida em Minas Gerais, vive e trabalha na cidade de S\u00e3o Paulo. Defensora do protagonismo negro na literatura para inf\u00e2ncia, publicou com v\u00e1rias editoras brasileiras. Suas obras retratam com fic\u00e7\u00e3o e poesia a inf\u00e2ncia nos mais diversos contextos. Publicou por Mundo Leitura os livros Na Minha Rua e [&hellip;]<\/p>\n","protected":false},"author":2,"featured_media":2238,"parent":20,"menu_order":0,"comment_status":"closed","ping_status":"closed","template":"","meta":{"footnotes":""},"class_list":["post-2237","page","type-page","status-publish","has-post-thumbnail","hentry"],"_links":{"self":[{"href":"https:\/\/www.mundoleitura.com.br\/editora\/wp-json\/wp\/v2\/pages\/2237","targetHints":{"allow":["GET"]}}],"collection":[{"href":"https:\/\/www.mundoleitura.com.br\/editora\/wp-json\/wp\/v2\/pages"}],"about":[{"href":"https:\/\/www.mundoleitura.com.br\/editora\/wp-json\/wp\/v2\/types\/page"}],"author":[{"embeddable":true,"href":"https:\/\/www.mundoleitura.com.br\/editora\/wp-json\/wp\/v2\/users\/2"}],"replies":[{"embeddable":true,"href":"https:\/\/www.mundoleitura.com.br\/editora\/wp-json\/wp\/v2\/comments?post=2237"}],"version-history":[{"count":5,"href":"https:\/\/www.mundoleitura.com.br\/editora\/wp-json\/wp\/v2\/pages\/2237\/revisions"}],"predecessor-version":[{"id":2244,"href":"https:\/\/www.mundoleitura.com.br\/editora\/wp-json\/wp\/v2\/pages\/2237\/revisions\/2244"}],"up":[{"embeddable":true,"href":"https:\/\/www.mundoleitura.com.br\/editora\/wp-json\/wp\/v2\/pages\/20"}],"wp:featuredmedia":[{"embeddable":true,"href":"https:\/\/www.mundoleitura.com.br\/editora\/wp-json\/wp\/v2\/media\/2238"}],"wp:attachment":[{"href":"https:\/\/www.mundoleitura.com.br\/editora\/wp-json\/wp\/v2\/media?parent=2237"}],"curies":[{"name":"wp","href":"https:\/\/api.w.org\/{rel}","templated":true}]}}