{"id":2023,"date":"2024-05-14T18:30:34","date_gmt":"2024-05-14T21:30:34","guid":{"rendered":"https:\/\/www.mundoleitura.com.br\/editora\/?page_id=2023"},"modified":"2024-05-14T21:40:03","modified_gmt":"2024-05-15T00:40:03","slug":"o-menino-que-via-o-invisivel","status":"publish","type":"page","link":"https:\/\/www.mundoleitura.com.br\/editora\/livros\/o-menino-que-via-o-invisivel\/","title":{"rendered":"O menino que via o invis\u00edvel"},"content":{"rendered":"\n<p><\/p>\n\n\n\n<p>@mundoleituraeditora<\/p>\n\n\n\n<p>Texto: Mariana Ellery<\/p>\n\n\n\n<p>Ilustra\u00e7\u00f5es: Breu da Selva<\/p>\n\n\n\n<p>LAN\u00c7AMENTO &#8211; <strong><em><a href=\"https:\/\/www.lojamundoleitura.com.br\/pd-96a5bc-o-menino-que-via-o-invisivel.html?ct=&amp;p=1&amp;s=11\" target=\"_blank\" rel=\"noreferrer noopener\">Comprar na loja<\/a><\/em><\/strong><\/p>\n\n\n\n<figure class=\"wp-block-image size-large is-resized\"><img loading=\"lazy\" decoding=\"async\" src=\"https:\/\/www.mundoleitura.com.br\/editora\/wp-content\/uploads\/2024\/05\/O-menino-que-via-o-invisivel-capa-2-1-1024x834.jpg\" alt=\"\" class=\"wp-image-2024\" width=\"540\" height=\"440\" srcset=\"https:\/\/www.mundoleitura.com.br\/editora\/wp-content\/uploads\/2024\/05\/O-menino-que-via-o-invisivel-capa-2-1-1024x834.jpg 1024w, https:\/\/www.mundoleitura.com.br\/editora\/wp-content\/uploads\/2024\/05\/O-menino-que-via-o-invisivel-capa-2-1-300x244.jpg 300w, https:\/\/www.mundoleitura.com.br\/editora\/wp-content\/uploads\/2024\/05\/O-menino-que-via-o-invisivel-capa-2-1-768x625.jpg 768w, https:\/\/www.mundoleitura.com.br\/editora\/wp-content\/uploads\/2024\/05\/O-menino-que-via-o-invisivel-capa-2-1-1536x1251.jpg 1536w, https:\/\/www.mundoleitura.com.br\/editora\/wp-content\/uploads\/2024\/05\/O-menino-que-via-o-invisivel-capa-2-1-2048x1668.jpg 2048w\" sizes=\"auto, (max-width: 540px) 100vw, 540px\" \/><\/figure>\n\n\n\n<p><em>&#8220;Num ano n\u00e3o muito distante, mas bem antes de voc\u00ea nascer,<br>o S\u00e3o Francisco soprou num menino o dom de imaginaver&#8221;.<\/em><\/p>\n\n\n\n<p>Uma hist\u00f3ria para todas as inf\u00e2ncias! Inspirada na vida e na arte do mestre Jasson, o artes\u00e3o sertanejo que encantou o mundo. <\/p>\n\n\n\n<p><\/p>\n\n\n\n<p><strong>48 p\u00e1ginas<\/strong> &#8211; Dimens\u00f5es: 25X20 cm<br><strong>ISBN:<\/strong>  978-85-92866-21-1<br><strong>Acabamento<\/strong>: Lombada quadrada &#8211; livro colado e costurado<\/p>\n\n\n\n<p><strong>Sugest\u00f5es de leitura<\/strong><\/p>\n\n\n\n<p><strong>Leitura compartilhada:<\/strong> a partir dos 3 anos<br><strong>Pr\u00e9-leitura e leitura aut\u00f4noma:<\/strong> de 5 a 12 anos<\/p>\n\n\n\n<p><strong>Temas: <\/strong>arte popular, Rio S\u00e3o Francisco, Sert\u00e3o, artesanato, fauna e flora sertaneja, sonhos, inf\u00e2ncia, cultura popular nordestina.<\/p>\n\n\n\n<p><\/p>\n\n\n\n<figure class=\"wp-block-image size-large\"><img loading=\"lazy\" decoding=\"async\" width=\"1024\" height=\"405\" src=\"https:\/\/www.mundoleitura.com.br\/editora\/wp-content\/uploads\/2024\/05\/O-menino-que-via-o-invisivel-capa-1-1024x405.jpg\" alt=\"\" class=\"wp-image-2030\" srcset=\"https:\/\/www.mundoleitura.com.br\/editora\/wp-content\/uploads\/2024\/05\/O-menino-que-via-o-invisivel-capa-1-1024x405.jpg 1024w, https:\/\/www.mundoleitura.com.br\/editora\/wp-content\/uploads\/2024\/05\/O-menino-que-via-o-invisivel-capa-1-300x119.jpg 300w, https:\/\/www.mundoleitura.com.br\/editora\/wp-content\/uploads\/2024\/05\/O-menino-que-via-o-invisivel-capa-1-768x304.jpg 768w, https:\/\/www.mundoleitura.com.br\/editora\/wp-content\/uploads\/2024\/05\/O-menino-que-via-o-invisivel-capa-1-1536x608.jpg 1536w, https:\/\/www.mundoleitura.com.br\/editora\/wp-content\/uploads\/2024\/05\/O-menino-que-via-o-invisivel-capa-1-2048x811.jpg 2048w\" sizes=\"auto, (max-width: 1024px) 100vw, 1024px\" \/><\/figure>\n\n\n\n<p>AUDIOLIVRO: <strong>Livro impresso cont\u00e9m QR Code e link para acessar \u00e1udios com a narra\u00e7\u00e3o da hist\u00f3ria!<\/strong><\/p>\n\n\n\n<figure class=\"wp-block-gallery has-nested-images columns-default is-cropped wp-block-gallery-1 is-layout-flex wp-block-gallery-is-layout-flex\">\n<figure class=\"wp-block-image size-large\"><img loading=\"lazy\" decoding=\"async\" width=\"1024\" height=\"414\" data-id=\"2034\" src=\"https:\/\/www.mundoleitura.com.br\/editora\/wp-content\/uploads\/2024\/05\/O-menino-que-via-o-invisivel-pags-12-13-1024x414.jpg\" alt=\"\" class=\"wp-image-2034\" srcset=\"https:\/\/www.mundoleitura.com.br\/editora\/wp-content\/uploads\/2024\/05\/O-menino-que-via-o-invisivel-pags-12-13-1024x414.jpg 1024w, https:\/\/www.mundoleitura.com.br\/editora\/wp-content\/uploads\/2024\/05\/O-menino-que-via-o-invisivel-pags-12-13-300x121.jpg 300w, https:\/\/www.mundoleitura.com.br\/editora\/wp-content\/uploads\/2024\/05\/O-menino-que-via-o-invisivel-pags-12-13-768x311.jpg 768w, https:\/\/www.mundoleitura.com.br\/editora\/wp-content\/uploads\/2024\/05\/O-menino-que-via-o-invisivel-pags-12-13.jpg 1233w\" sizes=\"auto, (max-width: 1024px) 100vw, 1024px\" \/><\/figure>\n<\/figure>\n","protected":false},"excerpt":{"rendered":"<p><strong>Texto<\/strong>:\u00a0Mariana Ellery<br \/>\n<strong>Ilustra\u00e7\u00f5es<\/strong>: Breu da Selva<br \/>\nMundo Leitura * LAN\u00c7AMENTO<\/p>\n","protected":false},"author":3,"featured_media":2024,"parent":18,"menu_order":1,"comment_status":"open","ping_status":"closed","template":"","meta":{"footnotes":""},"class_list":["post-2023","page","type-page","status-publish","has-post-thumbnail","hentry"],"_links":{"self":[{"href":"https:\/\/www.mundoleitura.com.br\/editora\/wp-json\/wp\/v2\/pages\/2023","targetHints":{"allow":["GET"]}}],"collection":[{"href":"https:\/\/www.mundoleitura.com.br\/editora\/wp-json\/wp\/v2\/pages"}],"about":[{"href":"https:\/\/www.mundoleitura.com.br\/editora\/wp-json\/wp\/v2\/types\/page"}],"author":[{"embeddable":true,"href":"https:\/\/www.mundoleitura.com.br\/editora\/wp-json\/wp\/v2\/users\/3"}],"replies":[{"embeddable":true,"href":"https:\/\/www.mundoleitura.com.br\/editora\/wp-json\/wp\/v2\/comments?post=2023"}],"version-history":[{"count":24,"href":"https:\/\/www.mundoleitura.com.br\/editora\/wp-json\/wp\/v2\/pages\/2023\/revisions"}],"predecessor-version":[{"id":2105,"href":"https:\/\/www.mundoleitura.com.br\/editora\/wp-json\/wp\/v2\/pages\/2023\/revisions\/2105"}],"up":[{"embeddable":true,"href":"https:\/\/www.mundoleitura.com.br\/editora\/wp-json\/wp\/v2\/pages\/18"}],"wp:featuredmedia":[{"embeddable":true,"href":"https:\/\/www.mundoleitura.com.br\/editora\/wp-json\/wp\/v2\/media\/2024"}],"wp:attachment":[{"href":"https:\/\/www.mundoleitura.com.br\/editora\/wp-json\/wp\/v2\/media?parent=2023"}],"curies":[{"name":"wp","href":"https:\/\/api.w.org\/{rel}","templated":true}]}}