{"id":197,"date":"2016-10-07T13:08:19","date_gmt":"2016-10-07T16:08:19","guid":{"rendered":"http:\/\/www.mundoleitura.com.br\/editora\/?page_id=197"},"modified":"2018-01-04T23:19:21","modified_gmt":"2018-01-05T02:19:21","slug":"sidney-santos","status":"publish","type":"page","link":"https:\/\/www.mundoleitura.com.br\/editora\/autores\/sidney-santos\/","title":{"rendered":"Sidney Santos"},"content":{"rendered":"<p><a href=\"http:\/\/www.mundoleitura.com.br\/editora\/wp-content\/uploads\/2016\/10\/Sidney-Santos.jpg\"><img loading=\"lazy\" decoding=\"async\" class=\"wp-image-198 size-medium alignleft\" src=\"http:\/\/www.mundoleitura.com.br\/editora\/wp-content\/uploads\/2016\/10\/Sidney-Santos-300x169.jpg\" alt=\"sidney-santos\" width=\"300\" height=\"169\" srcset=\"https:\/\/www.mundoleitura.com.br\/editora\/wp-content\/uploads\/2016\/10\/Sidney-Santos-300x169.jpg 300w, https:\/\/www.mundoleitura.com.br\/editora\/wp-content\/uploads\/2016\/10\/Sidney-Santos-768x432.jpg 768w, https:\/\/www.mundoleitura.com.br\/editora\/wp-content\/uploads\/2016\/10\/Sidney-Santos-1024x576.jpg 1024w, https:\/\/www.mundoleitura.com.br\/editora\/wp-content\/uploads\/2016\/10\/Sidney-Santos-200x112.jpg 200w, https:\/\/www.mundoleitura.com.br\/editora\/wp-content\/uploads\/2016\/10\/Sidney-Santos.jpg 1204w\" sizes=\"auto, (max-width: 300px) 100vw, 300px\" \/><\/a><\/p>\n<p>\u00c9 alagoano, de Macei\u00f3 e, desde crian\u00e7a decidiu que seria desenhista. <a href=\"http:\/\/www.mundoleitura.com.br\/editora\/wp-content\/uploads\/2017\/11\/AS-CINCO-DAMAS-DA-CONDESSA-CAPA.jpg\"><img loading=\"lazy\" decoding=\"async\" class=\"alignright size-medium wp-image-546\" src=\"http:\/\/www.mundoleitura.com.br\/editora\/wp-content\/uploads\/2017\/11\/AS-CINCO-DAMAS-DA-CONDESSA-CAPA-220x300.jpg\" alt=\"\" width=\"220\" height=\"300\" srcset=\"https:\/\/www.mundoleitura.com.br\/editora\/wp-content\/uploads\/2017\/11\/AS-CINCO-DAMAS-DA-CONDESSA-CAPA-220x300.jpg 220w, https:\/\/www.mundoleitura.com.br\/editora\/wp-content\/uploads\/2017\/11\/AS-CINCO-DAMAS-DA-CONDESSA-CAPA-768x1047.jpg 768w, https:\/\/www.mundoleitura.com.br\/editora\/wp-content\/uploads\/2017\/11\/AS-CINCO-DAMAS-DA-CONDESSA-CAPA-751x1024.jpg 751w, https:\/\/www.mundoleitura.com.br\/editora\/wp-content\/uploads\/2017\/11\/AS-CINCO-DAMAS-DA-CONDESSA-CAPA-147x200.jpg 147w, https:\/\/www.mundoleitura.com.br\/editora\/wp-content\/uploads\/2017\/11\/AS-CINCO-DAMAS-DA-CONDESSA-CAPA.jpg 1762w\" sizes=\"auto, (max-width: 220px) 100vw, 220px\" \/><\/a>Estudou Desenho Publicit\u00e1rio e de Moda, no Senac, e Desenho na Extens\u00e3o Cultural pela Universidade Federal de Alagoas e pela ECA-USP. Em S\u00e3o Paulo, cidade onde mora, atuou durante breve per\u00edodo na oficina de esculturas do Mestre Deodato, estudou pintura com Cirton Genaro e deu aulas no atelier da artista pl\u00e1stica e curadora Ivone Teixera, que o convidou para sua primeira exposi\u00e7\u00e3o coletiva: &#8220;Algod\u00e3o Filho do Sol&#8221;. Como professor de desenho e coordenador do departamento de artes, participou do projeto <em>F\u00e1brica de Criatividade<\/em> e atuou como arte-educador de jovens na Funda\u00e7\u00e3o CASA, durante cinco anos. Atualmente dedica-se a ilustra\u00e7\u00e3o de livros infantis. Por Mundo Leitura Editora ilustrou: <em>As cinco damas da Condessa<\/em>, pr\u00f3ximo lan\u00e7amento da autora Simone Cavalcante.<\/p>\n","protected":false},"excerpt":{"rendered":"<p>\u00c9 alagoano, de Macei\u00f3 e, desde crian\u00e7a decidiu que seria desenhista. Estudou Desenho Publicit\u00e1rio e de Moda, no Senac, e Desenho na Extens\u00e3o Cultural pela Universidade Federal de Alagoas e pela ECA-USP. Em S\u00e3o Paulo, cidade onde mora, atuou durante breve per\u00edodo na oficina de esculturas do Mestre Deodato, estudou pintura com Cirton Genaro e [&hellip;]<\/p>\n","protected":false},"author":1,"featured_media":198,"parent":20,"menu_order":0,"comment_status":"closed","ping_status":"closed","template":"","meta":{"footnotes":""},"class_list":["post-197","page","type-page","status-publish","has-post-thumbnail","hentry"],"_links":{"self":[{"href":"https:\/\/www.mundoleitura.com.br\/editora\/wp-json\/wp\/v2\/pages\/197","targetHints":{"allow":["GET"]}}],"collection":[{"href":"https:\/\/www.mundoleitura.com.br\/editora\/wp-json\/wp\/v2\/pages"}],"about":[{"href":"https:\/\/www.mundoleitura.com.br\/editora\/wp-json\/wp\/v2\/types\/page"}],"author":[{"embeddable":true,"href":"https:\/\/www.mundoleitura.com.br\/editora\/wp-json\/wp\/v2\/users\/1"}],"replies":[{"embeddable":true,"href":"https:\/\/www.mundoleitura.com.br\/editora\/wp-json\/wp\/v2\/comments?post=197"}],"version-history":[{"count":5,"href":"https:\/\/www.mundoleitura.com.br\/editora\/wp-json\/wp\/v2\/pages\/197\/revisions"}],"predecessor-version":[{"id":635,"href":"https:\/\/www.mundoleitura.com.br\/editora\/wp-json\/wp\/v2\/pages\/197\/revisions\/635"}],"up":[{"embeddable":true,"href":"https:\/\/www.mundoleitura.com.br\/editora\/wp-json\/wp\/v2\/pages\/20"}],"wp:featuredmedia":[{"embeddable":true,"href":"https:\/\/www.mundoleitura.com.br\/editora\/wp-json\/wp\/v2\/media\/198"}],"wp:attachment":[{"href":"https:\/\/www.mundoleitura.com.br\/editora\/wp-json\/wp\/v2\/media?parent=197"}],"curies":[{"name":"wp","href":"https:\/\/api.w.org\/{rel}","templated":true}]}}