{"id":190,"date":"2016-10-07T12:53:03","date_gmt":"2016-10-07T15:53:03","guid":{"rendered":"http:\/\/www.mundoleitura.com.br\/editora\/?page_id=190"},"modified":"2016-10-07T12:53:03","modified_gmt":"2016-10-07T15:53:03","slug":"rosinha","status":"publish","type":"page","link":"https:\/\/www.mundoleitura.com.br\/editora\/autores\/rosinha\/","title":{"rendered":"Rosinha"},"content":{"rendered":"<p><a href=\"http:\/\/www.mundoleitura.com.br\/editora\/wp-content\/uploads\/2016\/10\/FOTO-ROSINHA-e1475855528789.jpg\"><img loading=\"lazy\" decoding=\"async\" class=\"alignleft wp-image-191 size-medium\" src=\"http:\/\/www.mundoleitura.com.br\/editora\/wp-content\/uploads\/2016\/10\/FOTO-ROSINHA-e1475855528789-296x300.jpg\" width=\"296\" height=\"300\" srcset=\"https:\/\/www.mundoleitura.com.br\/editora\/wp-content\/uploads\/2016\/10\/FOTO-ROSINHA-e1475855528789-296x300.jpg 296w, https:\/\/www.mundoleitura.com.br\/editora\/wp-content\/uploads\/2016\/10\/FOTO-ROSINHA-e1475855528789-768x779.jpg 768w, https:\/\/www.mundoleitura.com.br\/editora\/wp-content\/uploads\/2016\/10\/FOTO-ROSINHA-e1475855528789-197x200.jpg 197w, https:\/\/www.mundoleitura.com.br\/editora\/wp-content\/uploads\/2016\/10\/FOTO-ROSINHA-e1475855528789.jpg 986w\" sizes=\"auto, (max-width: 296px) 100vw, 296px\" \/><\/a><\/p>\n<p><a href=\"http:\/\/www.mundoleitura.com.br\/editora\/wp-content\/uploads\/2016\/10\/A-VEZ-E-A-VOZ-DA-LITERATURA-INFANTIL.jpeg\"><img loading=\"lazy\" decoding=\"async\" class=\"alignright size-medium wp-image-90\" src=\"http:\/\/www.mundoleitura.com.br\/editora\/wp-content\/uploads\/2016\/10\/A-VEZ-E-A-VOZ-DA-LITERATURA-INFANTIL-214x300.jpeg\" alt=\"a-vez-e-a-voz-da-literatura-infantil\" width=\"214\" height=\"300\" srcset=\"https:\/\/www.mundoleitura.com.br\/editora\/wp-content\/uploads\/2016\/10\/A-VEZ-E-A-VOZ-DA-LITERATURA-INFANTIL-214x300.jpeg 214w, https:\/\/www.mundoleitura.com.br\/editora\/wp-content\/uploads\/2016\/10\/A-VEZ-E-A-VOZ-DA-LITERATURA-INFANTIL-768x1077.jpeg 768w, https:\/\/www.mundoleitura.com.br\/editora\/wp-content\/uploads\/2016\/10\/A-VEZ-E-A-VOZ-DA-LITERATURA-INFANTIL-731x1024.jpeg 731w, https:\/\/www.mundoleitura.com.br\/editora\/wp-content\/uploads\/2016\/10\/A-VEZ-E-A-VOZ-DA-LITERATURA-INFANTIL-143x200.jpeg 143w, https:\/\/www.mundoleitura.com.br\/editora\/wp-content\/uploads\/2016\/10\/A-VEZ-E-A-VOZ-DA-LITERATURA-INFANTIL.jpeg 1461w\" sizes=\"auto, (max-width: 214px) 100vw, 214px\" \/><\/a>Ilustradora e escritora infantojuvenil, publicou mais de 100 livros. \u00c9 pernambucana e possui forma\u00e7\u00e3o na \u00e1rea da Arquitetura (UFPE) e p\u00f3s-gradua\u00e7\u00e3o em Literatura Infantil e Juvenil pela Faculdade de Filosofia do Recife. Dedica-se exclusivamente \u00e0 cria\u00e7\u00e3o de textos e ilustra\u00e7\u00f5es infantis, trabalhando para grandes editoras do pa\u00eds, participando de bienais e eventos liter\u00e1rios, viajando o Brasil e o mundo como autora convidada. Ao longo de sua carreira, teve v\u00e1rios livros chancelados pela Funda\u00e7\u00e3o Nacional do Livro Infantil e Juvenil (FNLIJ) com o selo Altamente Recomend\u00e1vel, e foi finalista dos pr\u00eamios Jabuti e A\u00e7orianos. Participou do livro colet\u00e2nea A Vez e a Voz da Literatura Infantil, projeto de circula\u00e7\u00e3o liter\u00e1ria promovido por Mundo Leitura, no ano de 2016.<\/p>\n","protected":false},"excerpt":{"rendered":"<p>Ilustradora e escritora infantojuvenil, publicou mais de 100 livros. \u00c9 pernambucana e possui forma\u00e7\u00e3o na \u00e1rea da Arquitetura (UFPE) e p\u00f3s-gradua\u00e7\u00e3o em Literatura Infantil e Juvenil pela Faculdade de Filosofia do Recife. Dedica-se exclusivamente \u00e0 cria\u00e7\u00e3o de textos e ilustra\u00e7\u00f5es infantis, trabalhando para grandes editoras do pa\u00eds, participando de bienais e eventos liter\u00e1rios, viajando o [&hellip;]<\/p>\n","protected":false},"author":1,"featured_media":191,"parent":20,"menu_order":0,"comment_status":"closed","ping_status":"closed","template":"","meta":{"footnotes":""},"class_list":["post-190","page","type-page","status-publish","has-post-thumbnail","hentry"],"_links":{"self":[{"href":"https:\/\/www.mundoleitura.com.br\/editora\/wp-json\/wp\/v2\/pages\/190","targetHints":{"allow":["GET"]}}],"collection":[{"href":"https:\/\/www.mundoleitura.com.br\/editora\/wp-json\/wp\/v2\/pages"}],"about":[{"href":"https:\/\/www.mundoleitura.com.br\/editora\/wp-json\/wp\/v2\/types\/page"}],"author":[{"embeddable":true,"href":"https:\/\/www.mundoleitura.com.br\/editora\/wp-json\/wp\/v2\/users\/1"}],"replies":[{"embeddable":true,"href":"https:\/\/www.mundoleitura.com.br\/editora\/wp-json\/wp\/v2\/comments?post=190"}],"version-history":[{"count":1,"href":"https:\/\/www.mundoleitura.com.br\/editora\/wp-json\/wp\/v2\/pages\/190\/revisions"}],"predecessor-version":[{"id":192,"href":"https:\/\/www.mundoleitura.com.br\/editora\/wp-json\/wp\/v2\/pages\/190\/revisions\/192"}],"up":[{"embeddable":true,"href":"https:\/\/www.mundoleitura.com.br\/editora\/wp-json\/wp\/v2\/pages\/20"}],"wp:featuredmedia":[{"embeddable":true,"href":"https:\/\/www.mundoleitura.com.br\/editora\/wp-json\/wp\/v2\/media\/191"}],"wp:attachment":[{"href":"https:\/\/www.mundoleitura.com.br\/editora\/wp-json\/wp\/v2\/media?parent=190"}],"curies":[{"name":"wp","href":"https:\/\/api.w.org\/{rel}","templated":true}]}}