{"id":186,"date":"2016-10-07T12:47:19","date_gmt":"2016-10-07T15:47:19","guid":{"rendered":"http:\/\/www.mundoleitura.com.br\/editora\/?page_id=186"},"modified":"2016-10-07T12:47:19","modified_gmt":"2016-10-07T15:47:19","slug":"simone-cavalcante","status":"publish","type":"page","link":"https:\/\/www.mundoleitura.com.br\/editora\/autores\/simone-cavalcante\/","title":{"rendered":"Simone Cavalcante"},"content":{"rendered":"<p><a href=\"http:\/\/www.mundoleitura.com.br\/editora\/wp-content\/uploads\/2016\/10\/Simone-Cavalcante.jpg\"><img loading=\"lazy\" decoding=\"async\" class=\"size-medium wp-image-187 alignleft\" src=\"http:\/\/www.mundoleitura.com.br\/editora\/wp-content\/uploads\/2016\/10\/Simone-Cavalcante-300x241.jpg\" alt=\"simone-cavalcante\" width=\"300\" height=\"241\" srcset=\"https:\/\/www.mundoleitura.com.br\/editora\/wp-content\/uploads\/2016\/10\/Simone-Cavalcante-300x241.jpg 300w, https:\/\/www.mundoleitura.com.br\/editora\/wp-content\/uploads\/2016\/10\/Simone-Cavalcante-768x618.jpg 768w, https:\/\/www.mundoleitura.com.br\/editora\/wp-content\/uploads\/2016\/10\/Simone-Cavalcante-1024x824.jpg 1024w, https:\/\/www.mundoleitura.com.br\/editora\/wp-content\/uploads\/2016\/10\/Simone-Cavalcante-200x161.jpg 200w, https:\/\/www.mundoleitura.com.br\/editora\/wp-content\/uploads\/2016\/10\/Simone-Cavalcante.jpg 1243w\" sizes=\"auto, (max-width: 300px) 100vw, 300px\" \/><\/a><a href=\"http:\/\/www.mundoleitura.com.br\/editora\/wp-content\/uploads\/2016\/10\/A-VEZ-E-A-VOZ-DA-LITERATURA-INFANTIL.jpeg\"><img loading=\"lazy\" decoding=\"async\" class=\"alignright size-medium wp-image-90\" src=\"http:\/\/www.mundoleitura.com.br\/editora\/wp-content\/uploads\/2016\/10\/A-VEZ-E-A-VOZ-DA-LITERATURA-INFANTIL-214x300.jpeg\" alt=\"a-vez-e-a-voz-da-literatura-infantil\" width=\"214\" height=\"300\" srcset=\"https:\/\/www.mundoleitura.com.br\/editora\/wp-content\/uploads\/2016\/10\/A-VEZ-E-A-VOZ-DA-LITERATURA-INFANTIL-214x300.jpeg 214w, https:\/\/www.mundoleitura.com.br\/editora\/wp-content\/uploads\/2016\/10\/A-VEZ-E-A-VOZ-DA-LITERATURA-INFANTIL-768x1077.jpeg 768w, https:\/\/www.mundoleitura.com.br\/editora\/wp-content\/uploads\/2016\/10\/A-VEZ-E-A-VOZ-DA-LITERATURA-INFANTIL-731x1024.jpeg 731w, https:\/\/www.mundoleitura.com.br\/editora\/wp-content\/uploads\/2016\/10\/A-VEZ-E-A-VOZ-DA-LITERATURA-INFANTIL-143x200.jpeg 143w, https:\/\/www.mundoleitura.com.br\/editora\/wp-content\/uploads\/2016\/10\/A-VEZ-E-A-VOZ-DA-LITERATURA-INFANTIL.jpeg 1461w\" sizes=\"auto, (max-width: 214px) 100vw, 214px\" \/><\/a>Escritora, jornalista e editora de livros, com mestrado em Estudos Liter\u00e1rios (Ufal). Nasceu em Macei\u00f3, Alagoas, onde trabalha como produtora cultural. H\u00e1 quase 20 anos, atua no mercado editorial, produzindo e lan\u00e7ando publica\u00e7\u00f5es para adultos e crian\u00e7as, realizando palestras e oficinas em escolas, faculdades, e projetos de media\u00e7\u00e3o de leitura. \u00c9 uma das coordenadoras do portal de not\u00edcias Mundo Leitura,\u00a0do Semin\u00e1rio Sala de Leitura e do projeto de circula\u00e7\u00e3o liter\u00e1ria <em>Ler \u00e9 minha praia<\/em>. Escreveu e editou 8 livros infantojuvenis, a maioria pelo Selo Passarada de Literatura, fundado em parceria com os autores Tiago Amaral e Claudia Lins. Por Mundo Leitura Editora organizou a colet\u00e2nea <em>A vez e a voz da literatura infantil<\/em> e lan\u00e7ar\u00e1 em breve, <em>As cinco damas da condessa<\/em>, livro ainda no prelo.<\/p>\n","protected":false},"excerpt":{"rendered":"<p>Escritora, jornalista e editora de livros, com mestrado em Estudos Liter\u00e1rios (Ufal). Nasceu em Macei\u00f3, Alagoas, onde trabalha como produtora cultural. H\u00e1 quase 20 anos, atua no mercado editorial, produzindo e lan\u00e7ando publica\u00e7\u00f5es para adultos e crian\u00e7as, realizando palestras e oficinas em escolas, faculdades, e projetos de media\u00e7\u00e3o de leitura. \u00c9 uma das coordenadoras do [&hellip;]<\/p>\n","protected":false},"author":1,"featured_media":187,"parent":20,"menu_order":0,"comment_status":"closed","ping_status":"closed","template":"","meta":{"footnotes":""},"class_list":["post-186","page","type-page","status-publish","has-post-thumbnail","hentry"],"_links":{"self":[{"href":"https:\/\/www.mundoleitura.com.br\/editora\/wp-json\/wp\/v2\/pages\/186","targetHints":{"allow":["GET"]}}],"collection":[{"href":"https:\/\/www.mundoleitura.com.br\/editora\/wp-json\/wp\/v2\/pages"}],"about":[{"href":"https:\/\/www.mundoleitura.com.br\/editora\/wp-json\/wp\/v2\/types\/page"}],"author":[{"embeddable":true,"href":"https:\/\/www.mundoleitura.com.br\/editora\/wp-json\/wp\/v2\/users\/1"}],"replies":[{"embeddable":true,"href":"https:\/\/www.mundoleitura.com.br\/editora\/wp-json\/wp\/v2\/comments?post=186"}],"version-history":[{"count":1,"href":"https:\/\/www.mundoleitura.com.br\/editora\/wp-json\/wp\/v2\/pages\/186\/revisions"}],"predecessor-version":[{"id":188,"href":"https:\/\/www.mundoleitura.com.br\/editora\/wp-json\/wp\/v2\/pages\/186\/revisions\/188"}],"up":[{"embeddable":true,"href":"https:\/\/www.mundoleitura.com.br\/editora\/wp-json\/wp\/v2\/pages\/20"}],"wp:featuredmedia":[{"embeddable":true,"href":"https:\/\/www.mundoleitura.com.br\/editora\/wp-json\/wp\/v2\/media\/187"}],"wp:attachment":[{"href":"https:\/\/www.mundoleitura.com.br\/editora\/wp-json\/wp\/v2\/media?parent=186"}],"curies":[{"name":"wp","href":"https:\/\/api.w.org\/{rel}","templated":true}]}}