{"id":181,"date":"2016-10-24T12:40:08","date_gmt":"2016-10-24T15:40:08","guid":{"rendered":"http:\/\/www.mundoleitura.com.br\/editora\/?page_id=181"},"modified":"2018-01-04T20:19:10","modified_gmt":"2018-01-04T23:19:10","slug":"a-vez-e-a-voz-da-literatura-infantil","status":"publish","type":"page","link":"https:\/\/www.mundoleitura.com.br\/editora\/livros\/a-vez-e-a-voz-da-literatura-infantil\/","title":{"rendered":"A Vez e a Voz da Literatura Infantil"},"content":{"rendered":"<div class=\"alert alert-warning\"><strong>Aten\u00e7\u00e3o:<\/strong> Livro esgotado.<\/div>\n<p><a href=\"http:\/\/www.mundoleitura.com.br\/editora\/wp-content\/uploads\/2016\/10\/A-VEZ-E-A-VOZ-DA-LITERATURA-INFANTIL.jpeg\"><img loading=\"lazy\" decoding=\"async\" class=\"size-medium wp-image-90 alignleft\" src=\"http:\/\/www.mundoleitura.com.br\/editora\/wp-content\/uploads\/2016\/10\/A-VEZ-E-A-VOZ-DA-LITERATURA-INFANTIL-214x300.jpeg\" alt=\"a-vez-e-a-voz-da-literatura-infantil\" width=\"214\" height=\"300\" srcset=\"https:\/\/www.mundoleitura.com.br\/editora\/wp-content\/uploads\/2016\/10\/A-VEZ-E-A-VOZ-DA-LITERATURA-INFANTIL-214x300.jpeg 214w, https:\/\/www.mundoleitura.com.br\/editora\/wp-content\/uploads\/2016\/10\/A-VEZ-E-A-VOZ-DA-LITERATURA-INFANTIL-768x1077.jpeg 768w, https:\/\/www.mundoleitura.com.br\/editora\/wp-content\/uploads\/2016\/10\/A-VEZ-E-A-VOZ-DA-LITERATURA-INFANTIL-731x1024.jpeg 731w, https:\/\/www.mundoleitura.com.br\/editora\/wp-content\/uploads\/2016\/10\/A-VEZ-E-A-VOZ-DA-LITERATURA-INFANTIL-143x200.jpeg 143w, https:\/\/www.mundoleitura.com.br\/editora\/wp-content\/uploads\/2016\/10\/A-VEZ-E-A-VOZ-DA-LITERATURA-INFANTIL.jpeg 1461w\" sizes=\"auto, (max-width: 214px) 100vw, 214px\" \/><\/a>Organizadoras: <a href=\"http:\/\/www.mundoleitura.com.br\/editora\/autores\/claudia-lins\/\">Claudia Lins<\/a> e <a href=\"http:\/\/www.mundoleitura.com.br\/editora\/autores\/simone-cavalcante\/\">Simone Cavalcante<\/a><\/p>\n<p>M\u00e1rcio Vassalo, Andr\u00e9 Neves, Rog\u00e9rio Andrade Barbosa, L\u00facia Hiratsuka, Lenice Gomes, Simone Cavalcante, Paula Browne, Denise Rochael, Celso Sisto, Rosana Mont\u2019Alverne, Ninfa Parreiras, Rosinha e Claudia Lins. Do norte ao sul do pa\u00eds, treze autores e um caleidosc\u00f3pio de olhares sobre a literatura para inf\u00e2ncia. Utilizando diferentes g\u00eaneros de escrita \u2013 cr\u00f4nica, artigo e narrativa po\u00e9tica \u2013 os autores expressam inquieta\u00e7\u00f5es, expectativas e mem\u00f3rias sobre a produ\u00e7\u00e3o de seus livros.<\/p>\n<p>* Edi\u00e7\u00e3o destinada a distribui\u00e7\u00e3o gratuita, resultante do projeto patrocinado pela Bolsa de Fomento \u00e0 Literatura da Biblioteca Nacional e Minist\u00e9rio da Cultura.<\/p>\n","protected":false},"excerpt":{"rendered":"<p>Organizadoras:\u00a0<a href=\"http:\/\/www.mundoleitura.com.br\/editora\/autores\/claudia-lins\/\">Claudia Lins<\/a>\u00a0e\u00a0<a href=\"http:\/\/www.mundoleitura.com.br\/editora\/autores\/simone-cavalcante\/\">Simone Cavalcante<\/a><\/p>\n","protected":false},"author":1,"featured_media":90,"parent":18,"menu_order":5,"comment_status":"closed","ping_status":"closed","template":"","meta":{"footnotes":""},"class_list":["post-181","page","type-page","status-publish","has-post-thumbnail","hentry"],"_links":{"self":[{"href":"https:\/\/www.mundoleitura.com.br\/editora\/wp-json\/wp\/v2\/pages\/181","targetHints":{"allow":["GET"]}}],"collection":[{"href":"https:\/\/www.mundoleitura.com.br\/editora\/wp-json\/wp\/v2\/pages"}],"about":[{"href":"https:\/\/www.mundoleitura.com.br\/editora\/wp-json\/wp\/v2\/types\/page"}],"author":[{"embeddable":true,"href":"https:\/\/www.mundoleitura.com.br\/editora\/wp-json\/wp\/v2\/users\/1"}],"replies":[{"embeddable":true,"href":"https:\/\/www.mundoleitura.com.br\/editora\/wp-json\/wp\/v2\/comments?post=181"}],"version-history":[{"count":8,"href":"https:\/\/www.mundoleitura.com.br\/editora\/wp-json\/wp\/v2\/pages\/181\/revisions"}],"predecessor-version":[{"id":557,"href":"https:\/\/www.mundoleitura.com.br\/editora\/wp-json\/wp\/v2\/pages\/181\/revisions\/557"}],"up":[{"embeddable":true,"href":"https:\/\/www.mundoleitura.com.br\/editora\/wp-json\/wp\/v2\/pages\/18"}],"wp:featuredmedia":[{"embeddable":true,"href":"https:\/\/www.mundoleitura.com.br\/editora\/wp-json\/wp\/v2\/media\/90"}],"wp:attachment":[{"href":"https:\/\/www.mundoleitura.com.br\/editora\/wp-json\/wp\/v2\/media?parent=181"}],"curies":[{"name":"wp","href":"https:\/\/api.w.org\/{rel}","templated":true}]}}