{"id":1793,"date":"2022-10-09T14:27:42","date_gmt":"2022-10-09T17:27:42","guid":{"rendered":"http:\/\/www.mundoleitura.com.br\/editora\/?page_id=1793"},"modified":"2022-10-09T14:50:10","modified_gmt":"2022-10-09T17:50:10","slug":"elizabeth-fontes","status":"publish","type":"page","link":"https:\/\/www.mundoleitura.com.br\/editora\/autores\/elizabeth-fontes\/","title":{"rendered":"Elizabeth Fontes"},"content":{"rendered":"<p><img loading=\"lazy\" decoding=\"async\" class=\"size-medium wp-image-1794 alignleft\" src=\"https:\/\/www.mundoleitura.com.br\/editora\/wp-content\/uploads\/2022\/10\/ELIZABETH-FONTES-300x225.jpg\" alt=\"\" width=\"300\" height=\"225\" srcset=\"https:\/\/www.mundoleitura.com.br\/editora\/wp-content\/uploads\/2022\/10\/ELIZABETH-FONTES-300x225.jpg 300w, https:\/\/www.mundoleitura.com.br\/editora\/wp-content\/uploads\/2022\/10\/ELIZABETH-FONTES-768x576.jpg 768w, https:\/\/www.mundoleitura.com.br\/editora\/wp-content\/uploads\/2022\/10\/ELIZABETH-FONTES-1024x768.jpg 1024w, https:\/\/www.mundoleitura.com.br\/editora\/wp-content\/uploads\/2022\/10\/ELIZABETH-FONTES-200x150.jpg 200w, https:\/\/www.mundoleitura.com.br\/editora\/wp-content\/uploads\/2022\/10\/ELIZABETH-FONTES.jpg 1600w\" sizes=\"auto, (max-width: 300px) 100vw, 300px\" \/>Nasceu na cidade mineira de Leopoldina e, desde pequena, ama a\u00a0m\u00fasica, as palavras e\u00a0as hist\u00f3rias. Com os olhos nas montanhas de Minas Gerais, aprendeu a imaginar o desenho de animais no contorno das pedras e nas nuvens do c\u00e9u. Assim, costumava passar o tempo a ver elefantes, camelos, tartarugas e outros bichos. Era uma brincadeira t\u00e3o divertida! Quando cresceu, estudou m\u00fasica, tocou em recitais de piano e flauta doce, escreveu can\u00e7\u00f5es e contou muitas hist\u00f3rias para crian\u00e7as e adultos. Tornou-se arte educadora, arteterapeuta e escritora. Hoje mora em Joinville, uma bonita cidade de Santa Catarina. Continua amando as crian\u00e7as e os livros, os poemas e os bichos.\u00a0 E a escrever textos em versos para que se tornem m\u00fasica um dia. Foi bem desse jeito que surgiu a inspira\u00e7\u00e3o para o livro <strong>Dinos Haicais Outros Poemas e Animais<\/strong>, lan\u00e7amento de Mundo Leitura.<strong>\u00a0<\/strong>Obra que surgiu do reencontro de seus olhos com os contornos montanhosos da Serra do Mar. Porque era l\u00e1 mesmo, naquela lembran\u00e7a, que os Dinos da sua imagina\u00e7\u00e3o moravam tamb\u00e9m. <img loading=\"lazy\" decoding=\"async\" class=\"alignnone size-medium wp-image-1795 alignright\" src=\"https:\/\/www.mundoleitura.com.br\/editora\/wp-content\/uploads\/2022\/10\/CAPAA-DINOS-HACAIS-228x300.png\" alt=\"\" width=\"228\" height=\"300\" srcset=\"https:\/\/www.mundoleitura.com.br\/editora\/wp-content\/uploads\/2022\/10\/CAPAA-DINOS-HACAIS-228x300.png 228w, https:\/\/www.mundoleitura.com.br\/editora\/wp-content\/uploads\/2022\/10\/CAPAA-DINOS-HACAIS-152x200.png 152w, https:\/\/www.mundoleitura.com.br\/editora\/wp-content\/uploads\/2022\/10\/CAPAA-DINOS-HACAIS.png 596w\" sizes=\"auto, (max-width: 228px) 100vw, 228px\" \/><\/p>\n","protected":false},"excerpt":{"rendered":"<p>Nasceu na cidade mineira de Leopoldina e, desde pequena, ama a\u00a0m\u00fasica, as palavras e\u00a0as hist\u00f3rias. Com os olhos nas montanhas de Minas Gerais, aprendeu a imaginar o desenho de animais no contorno das pedras e nas nuvens do c\u00e9u. Assim, costumava passar o tempo a ver elefantes, camelos, tartarugas e outros bichos. Era uma brincadeira [&hellip;]<\/p>\n","protected":false},"author":3,"featured_media":1794,"parent":20,"menu_order":0,"comment_status":"closed","ping_status":"closed","template":"","meta":{"footnotes":""},"class_list":["post-1793","page","type-page","status-publish","has-post-thumbnail","hentry"],"_links":{"self":[{"href":"https:\/\/www.mundoleitura.com.br\/editora\/wp-json\/wp\/v2\/pages\/1793","targetHints":{"allow":["GET"]}}],"collection":[{"href":"https:\/\/www.mundoleitura.com.br\/editora\/wp-json\/wp\/v2\/pages"}],"about":[{"href":"https:\/\/www.mundoleitura.com.br\/editora\/wp-json\/wp\/v2\/types\/page"}],"author":[{"embeddable":true,"href":"https:\/\/www.mundoleitura.com.br\/editora\/wp-json\/wp\/v2\/users\/3"}],"replies":[{"embeddable":true,"href":"https:\/\/www.mundoleitura.com.br\/editora\/wp-json\/wp\/v2\/comments?post=1793"}],"version-history":[{"count":3,"href":"https:\/\/www.mundoleitura.com.br\/editora\/wp-json\/wp\/v2\/pages\/1793\/revisions"}],"predecessor-version":[{"id":1798,"href":"https:\/\/www.mundoleitura.com.br\/editora\/wp-json\/wp\/v2\/pages\/1793\/revisions\/1798"}],"up":[{"embeddable":true,"href":"https:\/\/www.mundoleitura.com.br\/editora\/wp-json\/wp\/v2\/pages\/20"}],"wp:featuredmedia":[{"embeddable":true,"href":"https:\/\/www.mundoleitura.com.br\/editora\/wp-json\/wp\/v2\/media\/1794"}],"wp:attachment":[{"href":"https:\/\/www.mundoleitura.com.br\/editora\/wp-json\/wp\/v2\/media?parent=1793"}],"curies":[{"name":"wp","href":"https:\/\/api.w.org\/{rel}","templated":true}]}}