{"id":171,"date":"2016-10-07T12:28:07","date_gmt":"2016-10-07T15:28:07","guid":{"rendered":"http:\/\/www.mundoleitura.com.br\/editora\/?page_id=171"},"modified":"2018-01-04T23:16:58","modified_gmt":"2018-01-05T02:16:58","slug":"ddaniela-aguilar","status":"publish","type":"page","link":"https:\/\/www.mundoleitura.com.br\/editora\/autores\/ddaniela-aguilar\/","title":{"rendered":"Ddaniela Aguilar"},"content":{"rendered":"<p><a href=\"http:\/\/www.mundoleitura.com.br\/editora\/wp-content\/uploads\/2016\/10\/Ddaniela-Aguilar2.jpg\"><img loading=\"lazy\" decoding=\"async\" class=\"size-medium wp-image-172 alignleft\" src=\"http:\/\/www.mundoleitura.com.br\/editora\/wp-content\/uploads\/2016\/10\/Ddaniela-Aguilar2-300x135.jpg\" alt=\"ddaniela-aguilar2\" width=\"300\" height=\"135\" srcset=\"https:\/\/www.mundoleitura.com.br\/editora\/wp-content\/uploads\/2016\/10\/Ddaniela-Aguilar2-300x135.jpg 300w, https:\/\/www.mundoleitura.com.br\/editora\/wp-content\/uploads\/2016\/10\/Ddaniela-Aguilar2-768x346.jpg 768w, https:\/\/www.mundoleitura.com.br\/editora\/wp-content\/uploads\/2016\/10\/Ddaniela-Aguilar2-1024x462.jpg 1024w, https:\/\/www.mundoleitura.com.br\/editora\/wp-content\/uploads\/2016\/10\/Ddaniela-Aguilar2-200x90.jpg 200w, https:\/\/www.mundoleitura.com.br\/editora\/wp-content\/uploads\/2016\/10\/Ddaniela-Aguilar2.jpg 1461w\" sizes=\"auto, (max-width: 300px) 100vw, 300px\" \/><\/a><\/p>\n<p>Por viver em universos de cores, em mundos de Alice com suas <a href=\"http:\/\/www.mundoleitura.com.br\/editora\/wp-content\/uploads\/2018\/01\/A-COLECIONADORA-DE-SONHOS.jpg\"><img loading=\"lazy\" decoding=\"async\" class=\"alignright  wp-image-604\" src=\"http:\/\/www.mundoleitura.com.br\/editora\/wp-content\/uploads\/2018\/01\/A-COLECIONADORA-DE-SONHOS-240x300.jpg\" alt=\"\" width=\"138\" height=\"173\" srcset=\"https:\/\/www.mundoleitura.com.br\/editora\/wp-content\/uploads\/2018\/01\/A-COLECIONADORA-DE-SONHOS-240x300.jpg 240w, https:\/\/www.mundoleitura.com.br\/editora\/wp-content\/uploads\/2018\/01\/A-COLECIONADORA-DE-SONHOS-768x959.jpg 768w, https:\/\/www.mundoleitura.com.br\/editora\/wp-content\/uploads\/2018\/01\/A-COLECIONADORA-DE-SONHOS-820x1024.jpg 820w, https:\/\/www.mundoleitura.com.br\/editora\/wp-content\/uploads\/2018\/01\/A-COLECIONADORA-DE-SONHOS-160x200.jpg 160w, https:\/\/www.mundoleitura.com.br\/editora\/wp-content\/uploads\/2018\/01\/A-COLECIONADORA-DE-SONHOS.jpg 850w\" sizes=\"auto, (max-width: 138px) 100vw, 138px\" \/><\/a>maravilhas e f\u00e1bulas labir\u00ednticas de Esopo, realizou sonhos e desejos estudando artes pl\u00e1sticas e moda na Belas Artes e na Escola Guingnard (BH). Estudou design t\u00eaxtil e ilustra\u00e7\u00e3o de livros infantis na Esdit, Eina e Massana de Barcelona, na Espanha. O olhar e as m\u00e3os apreciam ter como suportes art\u00edsticos para esculturas e objetos os materiais do descarte, os res\u00edduos e os refugos. E para as pinturas, desenhos, colagens e ilustra\u00e7\u00f5es, os corantes <a href=\"http:\/\/www.mundoleitura.com.br\/editora\/wp-content\/uploads\/2018\/01\/VENTANIA-E-O-MAPA-DO-TESOURO.jpg\"><img loading=\"lazy\" decoding=\"async\" class=\"alignright  wp-image-583\" src=\"http:\/\/www.mundoleitura.com.br\/editora\/wp-content\/uploads\/2018\/01\/VENTANIA-E-O-MAPA-DO-TESOURO-244x300.jpg\" alt=\"\" width=\"140\" height=\"172\" srcset=\"https:\/\/www.mundoleitura.com.br\/editora\/wp-content\/uploads\/2018\/01\/VENTANIA-E-O-MAPA-DO-TESOURO-244x300.jpg 244w, https:\/\/www.mundoleitura.com.br\/editora\/wp-content\/uploads\/2018\/01\/VENTANIA-E-O-MAPA-DO-TESOURO-768x943.jpg 768w, https:\/\/www.mundoleitura.com.br\/editora\/wp-content\/uploads\/2018\/01\/VENTANIA-E-O-MAPA-DO-TESOURO-834x1024.jpg 834w, https:\/\/www.mundoleitura.com.br\/editora\/wp-content\/uploads\/2018\/01\/VENTANIA-E-O-MAPA-DO-TESOURO-163x200.jpg 163w, https:\/\/www.mundoleitura.com.br\/editora\/wp-content\/uploads\/2018\/01\/VENTANIA-E-O-MAPA-DO-TESOURO.jpg 850w\" sizes=\"auto, (max-width: 140px) 100vw, 140px\" \/><\/a>t\u00eaxteis, as tintas acr\u00edlicas, os l\u00e1pis multicores e muitos tons de dourados. Por Mundo Leitura Editora ilustrou o infantojuvenil <em>A Colecionadora de Sonhos<\/em>, texto de Claudia Lins (no prelo 2016) e o infantil <em>Ventania e o Mapa do Tesouro<\/em>, livro de Simone Cavalcante, a ser reeditado, em breve.<\/p>\n","protected":false},"excerpt":{"rendered":"<p>Por viver em universos de cores, em mundos de Alice com suas maravilhas e f\u00e1bulas labir\u00ednticas de Esopo, realizou sonhos e desejos estudando artes pl\u00e1sticas e moda na Belas Artes e na Escola Guingnard (BH). Estudou design t\u00eaxtil e ilustra\u00e7\u00e3o de livros infantis na Esdit, Eina e Massana de Barcelona, na Espanha. O olhar e [&hellip;]<\/p>\n","protected":false},"author":1,"featured_media":172,"parent":20,"menu_order":0,"comment_status":"closed","ping_status":"closed","template":"","meta":{"footnotes":""},"class_list":["post-171","page","type-page","status-publish","has-post-thumbnail","hentry"],"_links":{"self":[{"href":"https:\/\/www.mundoleitura.com.br\/editora\/wp-json\/wp\/v2\/pages\/171","targetHints":{"allow":["GET"]}}],"collection":[{"href":"https:\/\/www.mundoleitura.com.br\/editora\/wp-json\/wp\/v2\/pages"}],"about":[{"href":"https:\/\/www.mundoleitura.com.br\/editora\/wp-json\/wp\/v2\/types\/page"}],"author":[{"embeddable":true,"href":"https:\/\/www.mundoleitura.com.br\/editora\/wp-json\/wp\/v2\/users\/1"}],"replies":[{"embeddable":true,"href":"https:\/\/www.mundoleitura.com.br\/editora\/wp-json\/wp\/v2\/comments?post=171"}],"version-history":[{"count":7,"href":"https:\/\/www.mundoleitura.com.br\/editora\/wp-json\/wp\/v2\/pages\/171\/revisions"}],"predecessor-version":[{"id":633,"href":"https:\/\/www.mundoleitura.com.br\/editora\/wp-json\/wp\/v2\/pages\/171\/revisions\/633"}],"up":[{"embeddable":true,"href":"https:\/\/www.mundoleitura.com.br\/editora\/wp-json\/wp\/v2\/pages\/20"}],"wp:featuredmedia":[{"embeddable":true,"href":"https:\/\/www.mundoleitura.com.br\/editora\/wp-json\/wp\/v2\/media\/172"}],"wp:attachment":[{"href":"https:\/\/www.mundoleitura.com.br\/editora\/wp-json\/wp\/v2\/media?parent=171"}],"curies":[{"name":"wp","href":"https:\/\/api.w.org\/{rel}","templated":true}]}}