{"id":168,"date":"2016-10-07T12:23:03","date_gmt":"2016-10-07T15:23:03","guid":{"rendered":"http:\/\/www.mundoleitura.com.br\/editora\/?page_id=168"},"modified":"2016-10-07T12:23:03","modified_gmt":"2016-10-07T15:23:03","slug":"lucia-hiratsuka","status":"publish","type":"page","link":"https:\/\/www.mundoleitura.com.br\/editora\/autores\/lucia-hiratsuka\/","title":{"rendered":"L\u00facia Hiratsuka"},"content":{"rendered":"<p><a href=\"http:\/\/www.mundoleitura.com.br\/editora\/wp-content\/uploads\/2016\/10\/foto-lucia-2.jpg\"><img loading=\"lazy\" decoding=\"async\" class=\"size-medium wp-image-169 alignleft\" src=\"http:\/\/www.mundoleitura.com.br\/editora\/wp-content\/uploads\/2016\/10\/foto-lucia-2-197x300.jpg\" alt=\"foto-lucia-2\" width=\"197\" height=\"300\" srcset=\"https:\/\/www.mundoleitura.com.br\/editora\/wp-content\/uploads\/2016\/10\/foto-lucia-2-197x300.jpg 197w, https:\/\/www.mundoleitura.com.br\/editora\/wp-content\/uploads\/2016\/10\/foto-lucia-2-672x1024.jpg 672w, https:\/\/www.mundoleitura.com.br\/editora\/wp-content\/uploads\/2016\/10\/foto-lucia-2-131x200.jpg 131w, https:\/\/www.mundoleitura.com.br\/editora\/wp-content\/uploads\/2016\/10\/foto-lucia-2.jpg 693w\" sizes=\"auto, (max-width: 197px) 100vw, 197px\" \/><\/a><a href=\"http:\/\/www.mundoleitura.com.br\/editora\/wp-content\/uploads\/2016\/10\/A-VEZ-E-A-VOZ-DA-LITERATURA-INFANTIL.jpeg\"><img loading=\"lazy\" decoding=\"async\" class=\"alignright size-medium wp-image-90\" src=\"http:\/\/www.mundoleitura.com.br\/editora\/wp-content\/uploads\/2016\/10\/A-VEZ-E-A-VOZ-DA-LITERATURA-INFANTIL-214x300.jpeg\" alt=\"a-vez-e-a-voz-da-literatura-infantil\" width=\"214\" height=\"300\" srcset=\"https:\/\/www.mundoleitura.com.br\/editora\/wp-content\/uploads\/2016\/10\/A-VEZ-E-A-VOZ-DA-LITERATURA-INFANTIL-214x300.jpeg 214w, https:\/\/www.mundoleitura.com.br\/editora\/wp-content\/uploads\/2016\/10\/A-VEZ-E-A-VOZ-DA-LITERATURA-INFANTIL-768x1077.jpeg 768w, https:\/\/www.mundoleitura.com.br\/editora\/wp-content\/uploads\/2016\/10\/A-VEZ-E-A-VOZ-DA-LITERATURA-INFANTIL-731x1024.jpeg 731w, https:\/\/www.mundoleitura.com.br\/editora\/wp-content\/uploads\/2016\/10\/A-VEZ-E-A-VOZ-DA-LITERATURA-INFANTIL-143x200.jpeg 143w, https:\/\/www.mundoleitura.com.br\/editora\/wp-content\/uploads\/2016\/10\/A-VEZ-E-A-VOZ-DA-LITERATURA-INFANTIL.jpeg 1461w\" sizes=\"auto, (max-width: 214px) 100vw, 214px\" \/><\/a>Nasceu e cresceu no s\u00edtio Asahi, interior de S\u00e3o Paulo. Formou-se pela Faculdade de Belas Artes de S\u00e3o Paulo e estudou por um ano na Faculdade de Educa\u00e7\u00e3o de Fukuoka, no Jap\u00e3o. Autora e ilustradora, utiliza a t\u00e9cnica do sumi\u00ea em seus trabalhos. O conjunto de sua obra se destaca pela conquista de importantes premia\u00e7\u00f5es, como: JABUTI 2006 (3\u00ba lugar) de ilustra\u00e7\u00e3o, Melhor Reconto 2008 FNLIJ e JABUTI 2012 (2\u00ba lugar) de ilustra\u00e7\u00e3o. Em 2015, conquistou o Melhor para crian\u00e7a FNLIJ, o Trof\u00e9u Monteiro Lobato da Revista Crescer e entrou na lista do <em>The White Ravens<\/em> e lista de honra IBBY 2016. Participou do livro colet\u00e2nea com distribui\u00e7\u00e3o gratuita <em>A Vez e a Voz da Literatura Infantil<\/em>, publicado por Mundo Leitura em 2016.<\/p>\n","protected":false},"excerpt":{"rendered":"<p>Nasceu e cresceu no s\u00edtio Asahi, interior de S\u00e3o Paulo. Formou-se pela Faculdade de Belas Artes de S\u00e3o Paulo e estudou por um ano na Faculdade de Educa\u00e7\u00e3o de Fukuoka, no Jap\u00e3o. Autora e ilustradora, utiliza a t\u00e9cnica do sumi\u00ea em seus trabalhos. O conjunto de sua obra se destaca pela conquista de importantes premia\u00e7\u00f5es, [&hellip;]<\/p>\n","protected":false},"author":1,"featured_media":169,"parent":20,"menu_order":0,"comment_status":"closed","ping_status":"closed","template":"","meta":{"footnotes":""},"class_list":["post-168","page","type-page","status-publish","has-post-thumbnail","hentry"],"_links":{"self":[{"href":"https:\/\/www.mundoleitura.com.br\/editora\/wp-json\/wp\/v2\/pages\/168","targetHints":{"allow":["GET"]}}],"collection":[{"href":"https:\/\/www.mundoleitura.com.br\/editora\/wp-json\/wp\/v2\/pages"}],"about":[{"href":"https:\/\/www.mundoleitura.com.br\/editora\/wp-json\/wp\/v2\/types\/page"}],"author":[{"embeddable":true,"href":"https:\/\/www.mundoleitura.com.br\/editora\/wp-json\/wp\/v2\/users\/1"}],"replies":[{"embeddable":true,"href":"https:\/\/www.mundoleitura.com.br\/editora\/wp-json\/wp\/v2\/comments?post=168"}],"version-history":[{"count":1,"href":"https:\/\/www.mundoleitura.com.br\/editora\/wp-json\/wp\/v2\/pages\/168\/revisions"}],"predecessor-version":[{"id":170,"href":"https:\/\/www.mundoleitura.com.br\/editora\/wp-json\/wp\/v2\/pages\/168\/revisions\/170"}],"up":[{"embeddable":true,"href":"https:\/\/www.mundoleitura.com.br\/editora\/wp-json\/wp\/v2\/pages\/20"}],"wp:featuredmedia":[{"embeddable":true,"href":"https:\/\/www.mundoleitura.com.br\/editora\/wp-json\/wp\/v2\/media\/169"}],"wp:attachment":[{"href":"https:\/\/www.mundoleitura.com.br\/editora\/wp-json\/wp\/v2\/media?parent=168"}],"curies":[{"name":"wp","href":"https:\/\/api.w.org\/{rel}","templated":true}]}}