{"id":165,"date":"2016-10-07T12:19:55","date_gmt":"2016-10-07T15:19:55","guid":{"rendered":"http:\/\/www.mundoleitura.com.br\/editora\/?page_id=165"},"modified":"2016-10-07T12:19:55","modified_gmt":"2016-10-07T15:19:55","slug":"marcio-vassalo","status":"publish","type":"page","link":"https:\/\/www.mundoleitura.com.br\/editora\/autores\/marcio-vassalo\/","title":{"rendered":"M\u00e1rcio Vassalo"},"content":{"rendered":"<p><a href=\"http:\/\/www.mundoleitura.com.br\/editora\/wp-content\/uploads\/2016\/10\/MARCIO-VASSALO-e1475853575395.jpg\"><img loading=\"lazy\" decoding=\"async\" class=\"size-medium wp-image-166 alignleft\" src=\"http:\/\/www.mundoleitura.com.br\/editora\/wp-content\/uploads\/2016\/10\/MARCIO-VASSALO-e1475853575395-300x260.jpg\" alt=\"marcio-vassalo\" width=\"300\" height=\"260\" srcset=\"https:\/\/www.mundoleitura.com.br\/editora\/wp-content\/uploads\/2016\/10\/MARCIO-VASSALO-e1475853575395-300x260.jpg 300w, https:\/\/www.mundoleitura.com.br\/editora\/wp-content\/uploads\/2016\/10\/MARCIO-VASSALO-e1475853575395-200x173.jpg 200w, https:\/\/www.mundoleitura.com.br\/editora\/wp-content\/uploads\/2016\/10\/MARCIO-VASSALO-e1475853575395.jpg 700w\" sizes=\"auto, (max-width: 300px) 100vw, 300px\" \/><\/a><a href=\"http:\/\/www.mundoleitura.com.br\/editora\/wp-content\/uploads\/2016\/10\/A-VEZ-E-A-VOZ-DA-LITERATURA-INFANTIL.jpeg\"><img loading=\"lazy\" decoding=\"async\" class=\"alignright size-medium wp-image-90\" src=\"http:\/\/www.mundoleitura.com.br\/editora\/wp-content\/uploads\/2016\/10\/A-VEZ-E-A-VOZ-DA-LITERATURA-INFANTIL-214x300.jpeg\" alt=\"a-vez-e-a-voz-da-literatura-infantil\" width=\"214\" height=\"300\" srcset=\"https:\/\/www.mundoleitura.com.br\/editora\/wp-content\/uploads\/2016\/10\/A-VEZ-E-A-VOZ-DA-LITERATURA-INFANTIL-214x300.jpeg 214w, https:\/\/www.mundoleitura.com.br\/editora\/wp-content\/uploads\/2016\/10\/A-VEZ-E-A-VOZ-DA-LITERATURA-INFANTIL-768x1077.jpeg 768w, https:\/\/www.mundoleitura.com.br\/editora\/wp-content\/uploads\/2016\/10\/A-VEZ-E-A-VOZ-DA-LITERATURA-INFANTIL-731x1024.jpeg 731w, https:\/\/www.mundoleitura.com.br\/editora\/wp-content\/uploads\/2016\/10\/A-VEZ-E-A-VOZ-DA-LITERATURA-INFANTIL-143x200.jpeg 143w, https:\/\/www.mundoleitura.com.br\/editora\/wp-content\/uploads\/2016\/10\/A-VEZ-E-A-VOZ-DA-LITERATURA-INFANTIL.jpeg 1461w\" sizes=\"auto, (max-width: 214px) 100vw, 214px\" \/><\/a>Jornalista, escritor, nascido no Rio de Janeiro, com mais de 20 anos de atua\u00e7\u00e3o na literatura. Realiza palestras e oficinas com educadores e estudantes, atua como consultor para autores e v\u00e1rias editoras do pa\u00eds. \u00c9 tamb\u00e9m respons\u00e1vel pelo site da Ag\u00eancia Riff que representa, no Brasil e no exterior, alguns dos mais consagrados autores brasileiros. Publicou mais de 10 livros infantojuvenis, alguns deles premiados com o Selo Altamente Recomend\u00e1vel da Funda\u00e7\u00e3o Nacional do Livro Infantil e Juvenil (FNLIJ) e selecionados para os cat\u00e1logos de autores brasileiros na Feira do Livro de Bolonha, na It\u00e1lia, e <em>The White Ravens<\/em>, organizado pela Biblioteca Internacional da Juventude de Munique, na Alemanha. Participou como co-autor do livro colet\u00e2nea <em>A Vez e a Voz da Literatura Infantil \u2013 o que escrevem e pensam seus autores<\/em>, organizado por Mundo Leitura Editora.<\/p>\n","protected":false},"excerpt":{"rendered":"<p>Jornalista, escritor, nascido no Rio de Janeiro, com mais de 20 anos de atua\u00e7\u00e3o na literatura. Realiza palestras e oficinas com educadores e estudantes, atua como consultor para autores e v\u00e1rias editoras do pa\u00eds. \u00c9 tamb\u00e9m respons\u00e1vel pelo site da Ag\u00eancia Riff que representa, no Brasil e no exterior, alguns dos mais consagrados autores brasileiros. [&hellip;]<\/p>\n","protected":false},"author":1,"featured_media":166,"parent":20,"menu_order":0,"comment_status":"closed","ping_status":"closed","template":"","meta":{"footnotes":""},"class_list":["post-165","page","type-page","status-publish","has-post-thumbnail","hentry"],"_links":{"self":[{"href":"https:\/\/www.mundoleitura.com.br\/editora\/wp-json\/wp\/v2\/pages\/165","targetHints":{"allow":["GET"]}}],"collection":[{"href":"https:\/\/www.mundoleitura.com.br\/editora\/wp-json\/wp\/v2\/pages"}],"about":[{"href":"https:\/\/www.mundoleitura.com.br\/editora\/wp-json\/wp\/v2\/types\/page"}],"author":[{"embeddable":true,"href":"https:\/\/www.mundoleitura.com.br\/editora\/wp-json\/wp\/v2\/users\/1"}],"replies":[{"embeddable":true,"href":"https:\/\/www.mundoleitura.com.br\/editora\/wp-json\/wp\/v2\/comments?post=165"}],"version-history":[{"count":1,"href":"https:\/\/www.mundoleitura.com.br\/editora\/wp-json\/wp\/v2\/pages\/165\/revisions"}],"predecessor-version":[{"id":167,"href":"https:\/\/www.mundoleitura.com.br\/editora\/wp-json\/wp\/v2\/pages\/165\/revisions\/167"}],"up":[{"embeddable":true,"href":"https:\/\/www.mundoleitura.com.br\/editora\/wp-json\/wp\/v2\/pages\/20"}],"wp:featuredmedia":[{"embeddable":true,"href":"https:\/\/www.mundoleitura.com.br\/editora\/wp-json\/wp\/v2\/media\/166"}],"wp:attachment":[{"href":"https:\/\/www.mundoleitura.com.br\/editora\/wp-json\/wp\/v2\/media?parent=165"}],"curies":[{"name":"wp","href":"https:\/\/api.w.org\/{rel}","templated":true}]}}