{"id":162,"date":"2016-10-07T12:17:50","date_gmt":"2016-10-07T15:17:50","guid":{"rendered":"http:\/\/www.mundoleitura.com.br\/editora\/?page_id=162"},"modified":"2016-10-07T12:17:50","modified_gmt":"2016-10-07T15:17:50","slug":"lenice-gomes","status":"publish","type":"page","link":"https:\/\/www.mundoleitura.com.br\/editora\/autores\/lenice-gomes\/","title":{"rendered":"Lenice Gomes"},"content":{"rendered":"<p><a href=\"http:\/\/www.mundoleitura.com.br\/editora\/wp-content\/uploads\/2016\/10\/lenice_gomes.jpg\"><img loading=\"lazy\" decoding=\"async\" class=\"size-medium wp-image-163 alignleft\" src=\"http:\/\/www.mundoleitura.com.br\/editora\/wp-content\/uploads\/2016\/10\/lenice_gomes-191x300.jpg\" alt=\"lenice_gomes\" width=\"191\" height=\"300\" srcset=\"https:\/\/www.mundoleitura.com.br\/editora\/wp-content\/uploads\/2016\/10\/lenice_gomes-191x300.jpg 191w, https:\/\/www.mundoleitura.com.br\/editora\/wp-content\/uploads\/2016\/10\/lenice_gomes-768x1206.jpg 768w, https:\/\/www.mundoleitura.com.br\/editora\/wp-content\/uploads\/2016\/10\/lenice_gomes-652x1024.jpg 652w, https:\/\/www.mundoleitura.com.br\/editora\/wp-content\/uploads\/2016\/10\/lenice_gomes-127x200.jpg 127w, https:\/\/www.mundoleitura.com.br\/editora\/wp-content\/uploads\/2016\/10\/lenice_gomes.jpg 1018w\" sizes=\"auto, (max-width: 191px) 100vw, 191px\" \/><\/a><a href=\"http:\/\/www.mundoleitura.com.br\/editora\/wp-content\/uploads\/2016\/10\/A-VEZ-E-A-VOZ-DA-LITERATURA-INFANTIL.jpeg\"><img loading=\"lazy\" decoding=\"async\" class=\"alignright size-medium wp-image-90\" src=\"http:\/\/www.mundoleitura.com.br\/editora\/wp-content\/uploads\/2016\/10\/A-VEZ-E-A-VOZ-DA-LITERATURA-INFANTIL-214x300.jpeg\" alt=\"a-vez-e-a-voz-da-literatura-infantil\" width=\"214\" height=\"300\" srcset=\"https:\/\/www.mundoleitura.com.br\/editora\/wp-content\/uploads\/2016\/10\/A-VEZ-E-A-VOZ-DA-LITERATURA-INFANTIL-214x300.jpeg 214w, https:\/\/www.mundoleitura.com.br\/editora\/wp-content\/uploads\/2016\/10\/A-VEZ-E-A-VOZ-DA-LITERATURA-INFANTIL-768x1077.jpeg 768w, https:\/\/www.mundoleitura.com.br\/editora\/wp-content\/uploads\/2016\/10\/A-VEZ-E-A-VOZ-DA-LITERATURA-INFANTIL-731x1024.jpeg 731w, https:\/\/www.mundoleitura.com.br\/editora\/wp-content\/uploads\/2016\/10\/A-VEZ-E-A-VOZ-DA-LITERATURA-INFANTIL-143x200.jpeg 143w, https:\/\/www.mundoleitura.com.br\/editora\/wp-content\/uploads\/2016\/10\/A-VEZ-E-A-VOZ-DA-LITERATURA-INFANTIL.jpeg 1461w\" sizes=\"auto, (max-width: 214px) 100vw, 214px\" \/><\/a>Natural de Japi, no agreste pernambucano, mora na hist\u00f3rica cidade de Olinda. Professora de Hist\u00f3ria e especialista em Literatura InfantoJuvenil, fundou a <em>Cia das Palavras Andarilhas<\/em> e coordena o projeto <em>Noite de Hist\u00f3rias<\/em>, na cidade do Recife. Viaja pelo Brasil e por alguns pa\u00edses do mundo participando de bienais, realizando palestras, cursos e oficinas sobre poesia, literatura e oralidade. Em sua obra destacam-se as adivinhas, as parlendas, os trava-l\u00ednguas e os elementos lingu\u00edsticos da cultura popular. Publicou mais de 40 t\u00edtulos para inf\u00e2ncia, v\u00e1rios deles selecionados para programas de governo e cat\u00e1logos internacionais, e por diversas vezes premiados com o selo Altamente Recomend\u00e1vel da FNLIJ. Participou com outros autores do livro colet\u00e2nea <em>A Vez e a Voz da Literatura Infantil<\/em>, editado por Mundo Leitura.<\/p>\n","protected":false},"excerpt":{"rendered":"<p>Natural de Japi, no agreste pernambucano, mora na hist\u00f3rica cidade de Olinda. Professora de Hist\u00f3ria e especialista em Literatura InfantoJuvenil, fundou a Cia das Palavras Andarilhas e coordena o projeto Noite de Hist\u00f3rias, na cidade do Recife. Viaja pelo Brasil e por alguns pa\u00edses do mundo participando de bienais, realizando palestras, cursos e oficinas sobre [&hellip;]<\/p>\n","protected":false},"author":1,"featured_media":163,"parent":20,"menu_order":0,"comment_status":"closed","ping_status":"closed","template":"","meta":{"footnotes":""},"class_list":["post-162","page","type-page","status-publish","has-post-thumbnail","hentry"],"_links":{"self":[{"href":"https:\/\/www.mundoleitura.com.br\/editora\/wp-json\/wp\/v2\/pages\/162","targetHints":{"allow":["GET"]}}],"collection":[{"href":"https:\/\/www.mundoleitura.com.br\/editora\/wp-json\/wp\/v2\/pages"}],"about":[{"href":"https:\/\/www.mundoleitura.com.br\/editora\/wp-json\/wp\/v2\/types\/page"}],"author":[{"embeddable":true,"href":"https:\/\/www.mundoleitura.com.br\/editora\/wp-json\/wp\/v2\/users\/1"}],"replies":[{"embeddable":true,"href":"https:\/\/www.mundoleitura.com.br\/editora\/wp-json\/wp\/v2\/comments?post=162"}],"version-history":[{"count":1,"href":"https:\/\/www.mundoleitura.com.br\/editora\/wp-json\/wp\/v2\/pages\/162\/revisions"}],"predecessor-version":[{"id":164,"href":"https:\/\/www.mundoleitura.com.br\/editora\/wp-json\/wp\/v2\/pages\/162\/revisions\/164"}],"up":[{"embeddable":true,"href":"https:\/\/www.mundoleitura.com.br\/editora\/wp-json\/wp\/v2\/pages\/20"}],"wp:featuredmedia":[{"embeddable":true,"href":"https:\/\/www.mundoleitura.com.br\/editora\/wp-json\/wp\/v2\/media\/163"}],"wp:attachment":[{"href":"https:\/\/www.mundoleitura.com.br\/editora\/wp-json\/wp\/v2\/media?parent=162"}],"curies":[{"name":"wp","href":"https:\/\/api.w.org\/{rel}","templated":true}]}}