{"id":1611,"date":"2022-02-28T21:23:21","date_gmt":"2022-03-01T00:23:21","guid":{"rendered":"http:\/\/www.mundoleitura.com.br\/editora\/?page_id=1611"},"modified":"2024-05-14T21:50:44","modified_gmt":"2024-05-15T00:50:44","slug":"cade-o-ovo","status":"publish","type":"page","link":"https:\/\/www.mundoleitura.com.br\/editora\/livros\/cade-o-ovo\/","title":{"rendered":"CAD\u00ca O OVO?"},"content":{"rendered":"<p>Com LETRA BAST\u00c3O<\/p>\n<p><img loading=\"lazy\" decoding=\"async\" class=\"alignnone size-full wp-image-1603\" src=\"https:\/\/www.mundoleitura.com.br\/editora\/wp-content\/uploads\/2022\/02\/CAD\u00ca-O-OVO-CAPA.jpg\" alt=\"\" width=\"573\" height=\"717\" srcset=\"https:\/\/www.mundoleitura.com.br\/editora\/wp-content\/uploads\/2022\/02\/CAD\u00ca-O-OVO-CAPA.jpg 573w, https:\/\/www.mundoleitura.com.br\/editora\/wp-content\/uploads\/2022\/02\/CAD\u00ca-O-OVO-CAPA-240x300.jpg 240w, https:\/\/www.mundoleitura.com.br\/editora\/wp-content\/uploads\/2022\/02\/CAD\u00ca-O-OVO-CAPA-160x200.jpg 160w\" sizes=\"auto, (max-width: 573px) 100vw, 573px\" \/><\/p>\n<p><strong>Texto<\/strong>: Claudia Lins<\/p>\n<p><strong>Ilustra\u00e7\u00f5es<\/strong>: Malu Rodrigues<\/p>\n<p>Quando um ovo desaparece do ninho de Mam\u00e3e Carij\u00f3, a turma do galinheiro chama o Detetive C\u00e3o para solucionar o mist\u00e9rio. Na lista de testemunhas e suspeitos est\u00e3o: Dona Pata Choca, Ot\u00e1vio, o Porquinho, a Cobra Juju, R\u00f3i-R\u00f3i, o Ratinho, Lili, a Coruja, e at\u00e9 o temido Carcar\u00e1. Mas afinal de contas, onde \u00e9 que o ovo foi parar?<\/p>\n<p><i class=\"glyphicon glyphicon-shopping-cart\"><a class=\"btn btn-lg btn-primary\" href=\"https:\/\/www.lojamundoleitura.com.br\/pd-8ff1c8-cade-o-ovo-letra-bastao.html?ct=&amp;p=1&amp;s=1\">Comprar na loja<\/a><\/i><\/p>\n<p><strong>40 p\u00e1ginas &#8211;&nbsp;<\/strong>Dimens\u00f5es: 21X28cm<\/p>\n<p><strong>ISBN:&nbsp;<\/strong>978-85-990648-6-9<\/p>\n<p><strong>Temas:&nbsp;<\/strong>animais, natureza, matem\u00e1tica, rimas e versos, onomatop\u00e9ias, fantasia.<\/p>\n<p><strong>Sugest\u00f5es de leitura<\/strong><\/p>\n<p><strong>Leitura compartilhada:<\/strong>&nbsp;a partir de 2 anos<\/p>\n<p><strong>Pr\u00e9-leitura e leitura aut\u00f4noma:<\/strong>&nbsp;de 3 a 8 anos<\/p>\n<p><img loading=\"lazy\" decoding=\"async\" class=\"alignnone size-large wp-image-1604\" src=\"https:\/\/www.mundoleitura.com.br\/editora\/wp-content\/uploads\/2022\/02\/CAD\u00ca-O-OVO-CAPA-ABERTA-1024x367.jpg\" alt=\"\" width=\"640\" height=\"229\" srcset=\"https:\/\/www.mundoleitura.com.br\/editora\/wp-content\/uploads\/2022\/02\/CAD\u00ca-O-OVO-CAPA-ABERTA-1024x367.jpg 1024w, https:\/\/www.mundoleitura.com.br\/editora\/wp-content\/uploads\/2022\/02\/CAD\u00ca-O-OVO-CAPA-ABERTA-300x108.jpg 300w, https:\/\/www.mundoleitura.com.br\/editora\/wp-content\/uploads\/2022\/02\/CAD\u00ca-O-OVO-CAPA-ABERTA-768x275.jpg 768w, https:\/\/www.mundoleitura.com.br\/editora\/wp-content\/uploads\/2022\/02\/CAD\u00ca-O-OVO-CAPA-ABERTA-200x72.jpg 200w, https:\/\/www.mundoleitura.com.br\/editora\/wp-content\/uploads\/2022\/02\/CAD\u00ca-O-OVO-CAPA-ABERTA.jpg 1049w\" sizes=\"auto, (max-width: 640px) 100vw, 640px\" \/><\/p>\n<p><strong>Livro cont\u00e9m CR Code e link para acessar \u00e1udios com a narra\u00e7\u00e3o da hist\u00f3ria!<\/strong><\/p>\n","protected":false},"excerpt":{"rendered":"<p><strong>Texto:<\/strong> Claudia Lins<br \/>\n<strong>Ilustra\u00e7\u00f5es:<\/strong> Malu Rodrigues<br \/>\nMundo Leitura * COM LETRA BAST\u00c3O<\/p>\n","protected":false},"author":3,"featured_media":1603,"parent":18,"menu_order":0,"comment_status":"closed","ping_status":"closed","template":"","meta":{"footnotes":""},"class_list":["post-1611","page","type-page","status-publish","has-post-thumbnail","hentry"],"_links":{"self":[{"href":"https:\/\/www.mundoleitura.com.br\/editora\/wp-json\/wp\/v2\/pages\/1611","targetHints":{"allow":["GET"]}}],"collection":[{"href":"https:\/\/www.mundoleitura.com.br\/editora\/wp-json\/wp\/v2\/pages"}],"about":[{"href":"https:\/\/www.mundoleitura.com.br\/editora\/wp-json\/wp\/v2\/types\/page"}],"author":[{"embeddable":true,"href":"https:\/\/www.mundoleitura.com.br\/editora\/wp-json\/wp\/v2\/users\/3"}],"replies":[{"embeddable":true,"href":"https:\/\/www.mundoleitura.com.br\/editora\/wp-json\/wp\/v2\/comments?post=1611"}],"version-history":[{"count":22,"href":"https:\/\/www.mundoleitura.com.br\/editora\/wp-json\/wp\/v2\/pages\/1611\/revisions"}],"predecessor-version":[{"id":2115,"href":"https:\/\/www.mundoleitura.com.br\/editora\/wp-json\/wp\/v2\/pages\/1611\/revisions\/2115"}],"up":[{"embeddable":true,"href":"https:\/\/www.mundoleitura.com.br\/editora\/wp-json\/wp\/v2\/pages\/18"}],"wp:featuredmedia":[{"embeddable":true,"href":"https:\/\/www.mundoleitura.com.br\/editora\/wp-json\/wp\/v2\/media\/1603"}],"wp:attachment":[{"href":"https:\/\/www.mundoleitura.com.br\/editora\/wp-json\/wp\/v2\/media?parent=1611"}],"curies":[{"name":"wp","href":"https:\/\/api.w.org\/{rel}","templated":true}]}}