{"id":1565,"date":"2021-08-02T00:02:47","date_gmt":"2021-08-02T03:02:47","guid":{"rendered":"http:\/\/www.mundoleitura.com.br\/editora\/?page_id=1565"},"modified":"2024-05-14T21:41:07","modified_gmt":"2024-05-15T00:41:07","slug":"lua-azul-nina-e-o-clube-da-aventura","status":"publish","type":"page","link":"https:\/\/www.mundoleitura.com.br\/editora\/livros\/lua-azul-nina-e-o-clube-da-aventura\/","title":{"rendered":"NINA e o  clube da aventura"},"content":{"rendered":"<p><strong>Texto:<\/strong> Claudia Lins<\/p>\n<p><strong>Ilustra\u00e7\u00f5es:<\/strong> Ma\u00edra Mendes<\/p>\n<p><strong>Edi\u00e7\u00f5es Lua Azul&nbsp; &nbsp;@edicoesluaazul<\/strong><\/p>\n<p><img loading=\"lazy\" decoding=\"async\" class=\"alignnone size-large wp-image-1488\" src=\"https:\/\/www.mundoleitura.com.br\/editora\/wp-content\/uploads\/2021\/07\/Nina-e-o-Clube-da-Aventura-capa-fechada-722x1024.png\" alt=\"\" width=\"640\" height=\"908\" srcset=\"https:\/\/www.mundoleitura.com.br\/editora\/wp-content\/uploads\/2021\/07\/Nina-e-o-Clube-da-Aventura-capa-fechada-722x1024.png 722w, https:\/\/www.mundoleitura.com.br\/editora\/wp-content\/uploads\/2021\/07\/Nina-e-o-Clube-da-Aventura-capa-fechada-211x300.png 211w, https:\/\/www.mundoleitura.com.br\/editora\/wp-content\/uploads\/2021\/07\/Nina-e-o-Clube-da-Aventura-capa-fechada-768x1089.png 768w, https:\/\/www.mundoleitura.com.br\/editora\/wp-content\/uploads\/2021\/07\/Nina-e-o-Clube-da-Aventura-capa-fechada-141x200.png 141w, https:\/\/www.mundoleitura.com.br\/editora\/wp-content\/uploads\/2021\/07\/Nina-e-o-Clube-da-Aventura-capa-fechada.png 1632w\" sizes=\"auto, (max-width: 640px) 100vw, 640px\" \/><\/p>\n<p>Uma biblioteca, muitos mist\u00e9rios e uma turma de detetives disposta a decifrar qualquer enigma. Venha descobrir o&nbsp; Col\u00e9gio Renova\u00e7\u00e3o, o lugar mais incr\u00edvel do mundo, onde estuda a melhor turma de amigos que uma garota sonharia ter. Eles s\u00e3o insepar\u00e1veis, vivem grudados: &#8220;um por todos e todos por um, igual aos mosqueteiros, s\u00f3 que, no lugar de tr\u00eas, s\u00e3o seis. E juntos formam um grupo secreto: o clube da aventura.<\/p>\n<p><strong><i class=\"glyphicon glyphicon-shopping-cart\"><a class=\"btn btn-lg btn-primary\" href=\"https:\/\/www.lojamundoleitura.com.br\/pd-8af4de-nina-e-o-clube-da-aventura.html?ct=&amp;p=1&amp;s=1\" data-wplink-edit=\"true\">Comprar na loja<\/a><\/i><\/strong><\/p>\n<p><strong>140 p\u00e1ginas<\/strong> &#8211; Dimens\u00f5es: 13,8X20,8cm<\/p>\n<p>Livro&nbsp; impresso<\/p>\n<p><strong>Acabamento:<\/strong> lombada quadrada<\/p>\n<p><strong>ISBN: 978-65-99045-7-5<\/strong><\/p>\n<p><strong>Sugest\u00f5es de leitura<\/strong><\/p>\n<p><strong>Leitura compartilhada:<\/strong> a partir de 5 anos<\/p>\n<p><strong>Leitura aut\u00f4noma:<\/strong> de 8 a 14 anos<\/p>\n","protected":false},"excerpt":{"rendered":"<p><strong>Texto: <\/strong>Claudia Lins<br \/>\n<strong>Ilustra\u00e7\u00f5es: <\/strong>Ma\u00edra Mendes<br \/>\nEdi\u00e7\u00f5es Lua Azul<\/p>\n","protected":false},"author":3,"featured_media":1488,"parent":18,"menu_order":0,"comment_status":"closed","ping_status":"closed","template":"","meta":{"footnotes":""},"class_list":["post-1565","page","type-page","status-publish","has-post-thumbnail","hentry"],"_links":{"self":[{"href":"https:\/\/www.mundoleitura.com.br\/editora\/wp-json\/wp\/v2\/pages\/1565","targetHints":{"allow":["GET"]}}],"collection":[{"href":"https:\/\/www.mundoleitura.com.br\/editora\/wp-json\/wp\/v2\/pages"}],"about":[{"href":"https:\/\/www.mundoleitura.com.br\/editora\/wp-json\/wp\/v2\/types\/page"}],"author":[{"embeddable":true,"href":"https:\/\/www.mundoleitura.com.br\/editora\/wp-json\/wp\/v2\/users\/3"}],"replies":[{"embeddable":true,"href":"https:\/\/www.mundoleitura.com.br\/editora\/wp-json\/wp\/v2\/comments?post=1565"}],"version-history":[{"count":25,"href":"https:\/\/www.mundoleitura.com.br\/editora\/wp-json\/wp\/v2\/pages\/1565\/revisions"}],"predecessor-version":[{"id":2107,"href":"https:\/\/www.mundoleitura.com.br\/editora\/wp-json\/wp\/v2\/pages\/1565\/revisions\/2107"}],"up":[{"embeddable":true,"href":"https:\/\/www.mundoleitura.com.br\/editora\/wp-json\/wp\/v2\/pages\/18"}],"wp:featuredmedia":[{"embeddable":true,"href":"https:\/\/www.mundoleitura.com.br\/editora\/wp-json\/wp\/v2\/media\/1488"}],"wp:attachment":[{"href":"https:\/\/www.mundoleitura.com.br\/editora\/wp-json\/wp\/v2\/media?parent=1565"}],"curies":[{"name":"wp","href":"https:\/\/api.w.org\/{rel}","templated":true}]}}