{"id":1560,"date":"2021-08-01T23:44:21","date_gmt":"2021-08-02T02:44:21","guid":{"rendered":"http:\/\/www.mundoleitura.com.br\/editora\/?page_id=1560"},"modified":"2024-05-14T21:45:43","modified_gmt":"2024-05-15T00:45:43","slug":"lua-azul-lendas-do-velho-chico-historias-encantadas-de-opara-3","status":"publish","type":"page","link":"https:\/\/www.mundoleitura.com.br\/editora\/livros\/lua-azul-lendas-do-velho-chico-historias-encantadas-de-opara-3\/","title":{"rendered":"LENDAS DO VELHO CHICO"},"content":{"rendered":"\n<p>HIST\u00d3RIAS ENCANTADAS DE OPAR\u00c1<\/p>\n\n\n\n<p><\/p>\n\n\n\n<p><\/p>\n\n\n<p><strong>Texto:<\/strong>&nbsp;Claudia Lins<br><strong>Ilustra\u00e7\u00f5es:<\/strong>&nbsp;Ddaniela Aguilar<\/p>\n<p>Edi\u00e7\u00f5es Lua Azul&nbsp; &nbsp;@edicoesluaazul<\/p>\n<p><img loading=\"lazy\" decoding=\"async\" class=\"alignnone size-full wp-image-1476\" src=\"https:\/\/www.mundoleitura.com.br\/editora\/wp-content\/uploads\/2021\/07\/LENDAS-DO-VELHO-CHICO-CAPA-MO\u00c7A-E-PEIXE.jpg\" alt=\"\" width=\"450\" height=\"675\" srcset=\"https:\/\/www.mundoleitura.com.br\/editora\/wp-content\/uploads\/2021\/07\/LENDAS-DO-VELHO-CHICO-CAPA-MO\u00c7A-E-PEIXE.jpg 450w, https:\/\/www.mundoleitura.com.br\/editora\/wp-content\/uploads\/2021\/07\/LENDAS-DO-VELHO-CHICO-CAPA-MO\u00c7A-E-PEIXE-200x300.jpg 200w, https:\/\/www.mundoleitura.com.br\/editora\/wp-content\/uploads\/2021\/07\/LENDAS-DO-VELHO-CHICO-CAPA-MO\u00c7A-E-PEIXE-133x200.jpg 133w\" sizes=\"auto, (max-width: 450px) 100vw, 450px\" \/><\/p>\n<p>O Rio S\u00e3o Francisco nasce em Minas Gerais e des\u00e1gua em Alagoas, derramando caminhos de maravilhas. Por suas trilhas m\u00e1gicas, a bordadeira Rosinha tece lendas com os fios invis\u00edveis de suas mem\u00f3rias: a sereia M\u00e3e D\u2019\u00c1gua reina soberana,tr\u00eas irm\u00e3s amigas do Vento sonham com o amor verdadeiro, a filha do pescador se apaixona por um Dourado Gigante, um vaqueiro sonha la\u00e7ar o boi mais bravo do sert\u00e3o e um aventureiro com nome de rio seguir\u00e1 a paturi de asas douradas a caminho do mar. Venha navegar por hist\u00f3rias de amores e mist\u00e9rios! Descubra os encantos da gente ribeirinha!<\/p>\n<p><strong><i class=\"glyphicon glyphicon-shopping-cart\"><a class=\"btn btn-lg btn-primary\" href=\"https:\/\/www.lojamundoleitura.com.br\/pd-861015-lendas-do-velho-chico-historias-encantadas-de-opara.html?ct=&amp;p=1&amp;s=1\">Comprar na loja<\/a><\/i><\/strong><\/p>\n<p><strong>172 P\u00c1GINAS<br>DIMENS\u00d5ES: 14X21 cm<\/strong><\/p>\n<p><strong>Acabamento:<\/strong>&nbsp;colado<br><strong>Miolo em papel p\u00f3lem Bold 90g\/m\u00b2<\/strong><\/p>\n<p>172 p\u00e1ginas \u2013 Dimens\u00f5es: 14X21 cm<\/p>\n<p><strong>ISBN: 978-65-990045-2-0<\/strong><\/p>\n<p><strong>Edi\u00e7\u00e3o especial com capas colecion\u00e1veis \u2013 1 livro com 4 capas diferentes<\/strong><\/p>\n<p><strong>Temas:<\/strong>&nbsp;Literatura Infantojuvenil, Literatura Juvenil Brasileira, Lendas, Rio S\u00e3o Francisco, Fic\u00e7\u00e3o, Romance, Cultura popular, Folclore ribeirinho, Contos de Alumbramento<\/p>\n<p><strong>Sugest\u00f5es:<\/strong>&nbsp;Leitores fluentes \u2013 crian\u00e7as, jovens e adultos<\/p>","protected":false},"excerpt":{"rendered":"<p><strong>Texto:\u00a0<\/strong> Claudia Lins<br \/>\n<strong>Ilustra\u00e7\u00f5es:\u00a0<\/strong> Ddaniela Aguilar<br \/>\nEdi\u00e7\u00f5es Lua Azul<\/p>\n","protected":false},"author":3,"featured_media":1476,"parent":18,"menu_order":0,"comment_status":"closed","ping_status":"closed","template":"","meta":{"footnotes":""},"class_list":["post-1560","page","type-page","status-publish","has-post-thumbnail","hentry"],"_links":{"self":[{"href":"https:\/\/www.mundoleitura.com.br\/editora\/wp-json\/wp\/v2\/pages\/1560","targetHints":{"allow":["GET"]}}],"collection":[{"href":"https:\/\/www.mundoleitura.com.br\/editora\/wp-json\/wp\/v2\/pages"}],"about":[{"href":"https:\/\/www.mundoleitura.com.br\/editora\/wp-json\/wp\/v2\/types\/page"}],"author":[{"embeddable":true,"href":"https:\/\/www.mundoleitura.com.br\/editora\/wp-json\/wp\/v2\/users\/3"}],"replies":[{"embeddable":true,"href":"https:\/\/www.mundoleitura.com.br\/editora\/wp-json\/wp\/v2\/comments?post=1560"}],"version-history":[{"count":12,"href":"https:\/\/www.mundoleitura.com.br\/editora\/wp-json\/wp\/v2\/pages\/1560\/revisions"}],"predecessor-version":[{"id":2109,"href":"https:\/\/www.mundoleitura.com.br\/editora\/wp-json\/wp\/v2\/pages\/1560\/revisions\/2109"}],"up":[{"embeddable":true,"href":"https:\/\/www.mundoleitura.com.br\/editora\/wp-json\/wp\/v2\/pages\/18"}],"wp:featuredmedia":[{"embeddable":true,"href":"https:\/\/www.mundoleitura.com.br\/editora\/wp-json\/wp\/v2\/media\/1476"}],"wp:attachment":[{"href":"https:\/\/www.mundoleitura.com.br\/editora\/wp-json\/wp\/v2\/media?parent=1560"}],"curies":[{"name":"wp","href":"https:\/\/api.w.org\/{rel}","templated":true}]}}