{"id":156,"date":"2016-10-07T12:09:39","date_gmt":"2016-10-07T15:09:39","guid":{"rendered":"http:\/\/www.mundoleitura.com.br\/editora\/?page_id=156"},"modified":"2016-10-07T12:09:39","modified_gmt":"2016-10-07T15:09:39","slug":"ninfa-parreiras","status":"publish","type":"page","link":"https:\/\/www.mundoleitura.com.br\/editora\/autores\/ninfa-parreiras\/","title":{"rendered":"Ninfa Parreiras"},"content":{"rendered":"<p><a href=\"http:\/\/www.mundoleitura.com.br\/editora\/wp-content\/uploads\/2016\/10\/ninfa.jpg\"><img loading=\"lazy\" decoding=\"async\" class=\"alignleft size-medium wp-image-157\" src=\"http:\/\/www.mundoleitura.com.br\/editora\/wp-content\/uploads\/2016\/10\/ninfa-225x300.jpg\" alt=\"ninfa\" width=\"225\" height=\"300\" srcset=\"https:\/\/www.mundoleitura.com.br\/editora\/wp-content\/uploads\/2016\/10\/ninfa-225x300.jpg 225w, https:\/\/www.mundoleitura.com.br\/editora\/wp-content\/uploads\/2016\/10\/ninfa-150x200.jpg 150w, https:\/\/www.mundoleitura.com.br\/editora\/wp-content\/uploads\/2016\/10\/ninfa.jpg 687w\" sizes=\"auto, (max-width: 225px) 100vw, 225px\" \/><\/a><a href=\"http:\/\/www.mundoleitura.com.br\/editora\/wp-content\/uploads\/2016\/10\/A-VEZ-E-A-VOZ-DA-LITERATURA-INFANTIL.jpeg\"><img loading=\"lazy\" decoding=\"async\" class=\"alignright size-medium wp-image-90\" src=\"http:\/\/www.mundoleitura.com.br\/editora\/wp-content\/uploads\/2016\/10\/A-VEZ-E-A-VOZ-DA-LITERATURA-INFANTIL-214x300.jpeg\" alt=\"a-vez-e-a-voz-da-literatura-infantil\" width=\"214\" height=\"300\" srcset=\"https:\/\/www.mundoleitura.com.br\/editora\/wp-content\/uploads\/2016\/10\/A-VEZ-E-A-VOZ-DA-LITERATURA-INFANTIL-214x300.jpeg 214w, https:\/\/www.mundoleitura.com.br\/editora\/wp-content\/uploads\/2016\/10\/A-VEZ-E-A-VOZ-DA-LITERATURA-INFANTIL-768x1077.jpeg 768w, https:\/\/www.mundoleitura.com.br\/editora\/wp-content\/uploads\/2016\/10\/A-VEZ-E-A-VOZ-DA-LITERATURA-INFANTIL-731x1024.jpeg 731w, https:\/\/www.mundoleitura.com.br\/editora\/wp-content\/uploads\/2016\/10\/A-VEZ-E-A-VOZ-DA-LITERATURA-INFANTIL-143x200.jpeg 143w, https:\/\/www.mundoleitura.com.br\/editora\/wp-content\/uploads\/2016\/10\/A-VEZ-E-A-VOZ-DA-LITERATURA-INFANTIL.jpeg 1461w\" sizes=\"auto, (max-width: 214px) 100vw, 214px\" \/><\/a>Mineira, nascida em Ita\u00fana, vive no Rio de Janeiro, onde trabalha em diferentes \u00e1reas com a literatura e a psican\u00e1lise. Autora de diversas obras liter\u00e1rias e antologias po\u00e9ticas, \u00e9 Mestre em Literatura Comparada (USP) e graduada em Letras e Psicologia (PUC-RJ). Consultora do Programa Prazer em Ler, do Instituto C&amp;A, pesquisadora da Funda\u00e7\u00e3o Cultural Casa Lygia Bojunga e da Funda\u00e7\u00e3o Nacional do Livro Infantil e Juvenil, assina a curadoria da Festa Liter\u00e1ria de Santa Tereza e dos projetos: Poesia no Parque e Quintal da L\u00edngua Portuguesa. Participou do livro colet\u00e2nea do projeto <em>A Vez e a Voz da Literatura Infantil \u2013 o que escrevem e pensam seus autores<\/em>, organizado por Mundo Leitura e distribu\u00eddo gratuitamente para universit\u00e1rios e educadores no ano de 2016.<\/p>\n","protected":false},"excerpt":{"rendered":"<p>Mineira, nascida em Ita\u00fana, vive no Rio de Janeiro, onde trabalha em diferentes \u00e1reas com a literatura e a psican\u00e1lise. Autora de diversas obras liter\u00e1rias e antologias po\u00e9ticas, \u00e9 Mestre em Literatura Comparada (USP) e graduada em Letras e Psicologia (PUC-RJ). Consultora do Programa Prazer em Ler, do Instituto C&amp;A, pesquisadora da Funda\u00e7\u00e3o Cultural Casa [&hellip;]<\/p>\n","protected":false},"author":1,"featured_media":157,"parent":20,"menu_order":0,"comment_status":"closed","ping_status":"closed","template":"","meta":{"footnotes":""},"class_list":["post-156","page","type-page","status-publish","has-post-thumbnail","hentry"],"_links":{"self":[{"href":"https:\/\/www.mundoleitura.com.br\/editora\/wp-json\/wp\/v2\/pages\/156","targetHints":{"allow":["GET"]}}],"collection":[{"href":"https:\/\/www.mundoleitura.com.br\/editora\/wp-json\/wp\/v2\/pages"}],"about":[{"href":"https:\/\/www.mundoleitura.com.br\/editora\/wp-json\/wp\/v2\/types\/page"}],"author":[{"embeddable":true,"href":"https:\/\/www.mundoleitura.com.br\/editora\/wp-json\/wp\/v2\/users\/1"}],"replies":[{"embeddable":true,"href":"https:\/\/www.mundoleitura.com.br\/editora\/wp-json\/wp\/v2\/comments?post=156"}],"version-history":[{"count":1,"href":"https:\/\/www.mundoleitura.com.br\/editora\/wp-json\/wp\/v2\/pages\/156\/revisions"}],"predecessor-version":[{"id":158,"href":"https:\/\/www.mundoleitura.com.br\/editora\/wp-json\/wp\/v2\/pages\/156\/revisions\/158"}],"up":[{"embeddable":true,"href":"https:\/\/www.mundoleitura.com.br\/editora\/wp-json\/wp\/v2\/pages\/20"}],"wp:featuredmedia":[{"embeddable":true,"href":"https:\/\/www.mundoleitura.com.br\/editora\/wp-json\/wp\/v2\/media\/157"}],"wp:attachment":[{"href":"https:\/\/www.mundoleitura.com.br\/editora\/wp-json\/wp\/v2\/media?parent=156"}],"curies":[{"name":"wp","href":"https:\/\/api.w.org\/{rel}","templated":true}]}}