{"id":153,"date":"2016-10-07T12:00:39","date_gmt":"2016-10-07T15:00:39","guid":{"rendered":"http:\/\/www.mundoleitura.com.br\/editora\/?page_id=153"},"modified":"2016-10-07T12:00:39","modified_gmt":"2016-10-07T15:00:39","slug":"celso-sisto","status":"publish","type":"page","link":"https:\/\/www.mundoleitura.com.br\/editora\/autores\/celso-sisto\/","title":{"rendered":"Celso Sisto"},"content":{"rendered":"<p><a href=\"http:\/\/www.mundoleitura.com.br\/editora\/wp-content\/uploads\/2016\/10\/TOMANDO-CHIMARR\u00c3O.jpg\"><img loading=\"lazy\" decoding=\"async\" class=\"alignleft size-medium wp-image-154\" src=\"http:\/\/www.mundoleitura.com.br\/editora\/wp-content\/uploads\/2016\/10\/TOMANDO-CHIMARR\u00c3O-300x178.jpg\" alt=\"tomando-chimarrao\" width=\"300\" height=\"178\" srcset=\"https:\/\/www.mundoleitura.com.br\/editora\/wp-content\/uploads\/2016\/10\/TOMANDO-CHIMARR\u00c3O-300x178.jpg 300w, https:\/\/www.mundoleitura.com.br\/editora\/wp-content\/uploads\/2016\/10\/TOMANDO-CHIMARR\u00c3O-768x456.jpg 768w, https:\/\/www.mundoleitura.com.br\/editora\/wp-content\/uploads\/2016\/10\/TOMANDO-CHIMARR\u00c3O-1024x609.jpg 1024w, https:\/\/www.mundoleitura.com.br\/editora\/wp-content\/uploads\/2016\/10\/TOMANDO-CHIMARR\u00c3O-200x119.jpg 200w, https:\/\/www.mundoleitura.com.br\/editora\/wp-content\/uploads\/2016\/10\/TOMANDO-CHIMARR\u00c3O.jpg 1346w\" sizes=\"auto, (max-width: 300px) 100vw, 300px\" \/><\/a><a href=\"http:\/\/www.mundoleitura.com.br\/editora\/wp-content\/uploads\/2016\/10\/A-VEZ-E-A-VOZ-DA-LITERATURA-INFANTIL.jpeg\"><img loading=\"lazy\" decoding=\"async\" class=\"alignright size-medium wp-image-90\" src=\"http:\/\/www.mundoleitura.com.br\/editora\/wp-content\/uploads\/2016\/10\/A-VEZ-E-A-VOZ-DA-LITERATURA-INFANTIL-214x300.jpeg\" alt=\"a-vez-e-a-voz-da-literatura-infantil\" width=\"214\" height=\"300\" srcset=\"https:\/\/www.mundoleitura.com.br\/editora\/wp-content\/uploads\/2016\/10\/A-VEZ-E-A-VOZ-DA-LITERATURA-INFANTIL-214x300.jpeg 214w, https:\/\/www.mundoleitura.com.br\/editora\/wp-content\/uploads\/2016\/10\/A-VEZ-E-A-VOZ-DA-LITERATURA-INFANTIL-768x1077.jpeg 768w, https:\/\/www.mundoleitura.com.br\/editora\/wp-content\/uploads\/2016\/10\/A-VEZ-E-A-VOZ-DA-LITERATURA-INFANTIL-731x1024.jpeg 731w, https:\/\/www.mundoleitura.com.br\/editora\/wp-content\/uploads\/2016\/10\/A-VEZ-E-A-VOZ-DA-LITERATURA-INFANTIL-143x200.jpeg 143w, https:\/\/www.mundoleitura.com.br\/editora\/wp-content\/uploads\/2016\/10\/A-VEZ-E-A-VOZ-DA-LITERATURA-INFANTIL.jpeg 1461w\" sizes=\"auto, (max-width: 214px) 100vw, 214px\" \/><\/a>Escritor e ilustrador brasileiro com mais de 70 livros publicados para crian\u00e7as e jovens, nasceu em 1961, no Rio de Janeiro, mas vive no Rio Grande do Sul desde 1998. Ator, arte-educador, contador de hist\u00f3rias, especialista em literatura infantil e juvenil, Mestre em Literatura Brasileira pela Universidade Federal de Santa Catarina (UFSC), Doutor em Teoria da Literatura pela Pontif\u00edcia Universidade Cat\u00f3lica do Rio Grande do Sul (PUC-RS). Assina colunas de cr\u00edticas liter\u00e1rias e coordena anualmente o Semin\u00e1rio a Arte de Contar Hist\u00f3rias, na Feira do Livro de Porto Alegre (RS). Por Mundo Leitura participou do livro colet\u00e2nea <em>A Vez e a Voz da Literatura Infantil<\/em>, publica\u00e7\u00e3o com distribui\u00e7\u00e3o gratuita para educadores e universit\u00e1rios.<\/p>\n","protected":false},"excerpt":{"rendered":"<p>Escritor e ilustrador brasileiro com mais de 70 livros publicados para crian\u00e7as e jovens, nasceu em 1961, no Rio de Janeiro, mas vive no Rio Grande do Sul desde 1998. Ator, arte-educador, contador de hist\u00f3rias, especialista em literatura infantil e juvenil, Mestre em Literatura Brasileira pela Universidade Federal de Santa Catarina (UFSC), Doutor em Teoria [&hellip;]<\/p>\n","protected":false},"author":1,"featured_media":154,"parent":20,"menu_order":0,"comment_status":"closed","ping_status":"closed","template":"","meta":{"footnotes":""},"class_list":["post-153","page","type-page","status-publish","has-post-thumbnail","hentry"],"_links":{"self":[{"href":"https:\/\/www.mundoleitura.com.br\/editora\/wp-json\/wp\/v2\/pages\/153","targetHints":{"allow":["GET"]}}],"collection":[{"href":"https:\/\/www.mundoleitura.com.br\/editora\/wp-json\/wp\/v2\/pages"}],"about":[{"href":"https:\/\/www.mundoleitura.com.br\/editora\/wp-json\/wp\/v2\/types\/page"}],"author":[{"embeddable":true,"href":"https:\/\/www.mundoleitura.com.br\/editora\/wp-json\/wp\/v2\/users\/1"}],"replies":[{"embeddable":true,"href":"https:\/\/www.mundoleitura.com.br\/editora\/wp-json\/wp\/v2\/comments?post=153"}],"version-history":[{"count":1,"href":"https:\/\/www.mundoleitura.com.br\/editora\/wp-json\/wp\/v2\/pages\/153\/revisions"}],"predecessor-version":[{"id":155,"href":"https:\/\/www.mundoleitura.com.br\/editora\/wp-json\/wp\/v2\/pages\/153\/revisions\/155"}],"up":[{"embeddable":true,"href":"https:\/\/www.mundoleitura.com.br\/editora\/wp-json\/wp\/v2\/pages\/20"}],"wp:featuredmedia":[{"embeddable":true,"href":"https:\/\/www.mundoleitura.com.br\/editora\/wp-json\/wp\/v2\/media\/154"}],"wp:attachment":[{"href":"https:\/\/www.mundoleitura.com.br\/editora\/wp-json\/wp\/v2\/media?parent=153"}],"curies":[{"name":"wp","href":"https:\/\/api.w.org\/{rel}","templated":true}]}}