{"id":1507,"date":"2021-08-01T22:26:28","date_gmt":"2021-08-02T01:26:28","guid":{"rendered":"http:\/\/www.mundoleitura.com.br\/editora\/?page_id=1507"},"modified":"2024-05-14T21:47:25","modified_gmt":"2024-05-15T00:47:25","slug":"lua-azul-a-viagem-da-dona-baratinha","status":"publish","type":"page","link":"https:\/\/www.mundoleitura.com.br\/editora\/livros\/lua-azul-a-viagem-da-dona-baratinha\/","title":{"rendered":"A Viagem da Dona Baratinha"},"content":{"rendered":"<p><strong>Edi\u00e7\u00f5es Lua Azul &nbsp; &nbsp;@edicoesluaazul<\/strong><\/p>\n<p><img loading=\"lazy\" decoding=\"async\" class=\"alignnone wp-image-1485\" src=\"https:\/\/www.mundoleitura.com.br\/editora\/wp-content\/uploads\/2021\/07\/DONA-BARATINHA-CAPA-fechada-797x1024.png\" alt=\"\" width=\"477\" height=\"613\" srcset=\"https:\/\/www.mundoleitura.com.br\/editora\/wp-content\/uploads\/2021\/07\/DONA-BARATINHA-CAPA-fechada-797x1024.png 797w, https:\/\/www.mundoleitura.com.br\/editora\/wp-content\/uploads\/2021\/07\/DONA-BARATINHA-CAPA-fechada-233x300.png 233w, https:\/\/www.mundoleitura.com.br\/editora\/wp-content\/uploads\/2021\/07\/DONA-BARATINHA-CAPA-fechada-768x987.png 768w, https:\/\/www.mundoleitura.com.br\/editora\/wp-content\/uploads\/2021\/07\/DONA-BARATINHA-CAPA-fechada-156x200.png 156w\" sizes=\"auto, (max-width: 477px) 100vw, 477px\" \/><\/p>\n<p><strong>Texto<\/strong>: Claudia Lins<\/p>\n<p><strong>Ilustra\u00e7\u00f5es:<\/strong> Caterina Betti<\/p>\n<p>Dona Baratinha n\u00e3o aguenta mais as provoca\u00e7\u00f5es dos outros bichos, que vivem perguntando: <em>com quem ser\u00e1 que ela vai se casar?&nbsp;<\/em>Certo dia, resolve depositar seu cofrinho num banco, faz o dinheiro render, compra um possante carrinho e sai pelo mundo a viajar. Descubra este divertido reconto, cheio de musicalidade e situa\u00e7\u00f5es para fazer pensar: qual o verdadeiro valor do dinheiro, dos sentimentos e das amizades?<\/p>\n<p><strong><i class=\"glyphicon glyphicon-shopping-cart\"><a class=\"btn btn-lg btn-primary\" href=\"https:\/\/www.lojamundoleitura.com.br\/pd-8fc0b6-a-viagem-da-dona-baratinha-lancamento.html?ct=&amp;p=1&amp;s=1\">Comprar na loja<\/a><\/i><\/strong><\/p>\n<p><strong>40 p\u00e1ginas<\/strong><\/p>\n<p><strong>ISBN:<\/strong> 978-65-995596-3-1<\/p>\n<p><strong>Temas: <\/strong>Animais, amizade, cantigas de roda,&nbsp; rimas, conviv\u00eancia social, educa\u00e7\u00e3o financeira, consumo e sustentabilidade, valores.<\/p>\n<p><strong>Sugest\u00f5es de leitura<\/strong><\/p>\n<p><strong>Leitura compartilhada:<\/strong> a partir de 2 anos<\/p>\n<p><strong>Pr\u00e9-leitura e leitura aut\u00f4noma:<\/strong> de 3 a 7 anos<\/p>\n<p><strong><img loading=\"lazy\" decoding=\"async\" class=\"alignnone size-large wp-image-1510\" src=\"https:\/\/www.mundoleitura.com.br\/editora\/wp-content\/uploads\/2021\/08\/A-VIAGEM-DA-DONA-BARATINHA-CAPA-ABERTA-1024x460.jpg\" alt=\"\" width=\"640\" height=\"288\" srcset=\"https:\/\/www.mundoleitura.com.br\/editora\/wp-content\/uploads\/2021\/08\/A-VIAGEM-DA-DONA-BARATINHA-CAPA-ABERTA-1024x460.jpg 1024w, https:\/\/www.mundoleitura.com.br\/editora\/wp-content\/uploads\/2021\/08\/A-VIAGEM-DA-DONA-BARATINHA-CAPA-ABERTA-300x135.jpg 300w, https:\/\/www.mundoleitura.com.br\/editora\/wp-content\/uploads\/2021\/08\/A-VIAGEM-DA-DONA-BARATINHA-CAPA-ABERTA-768x345.jpg 768w, https:\/\/www.mundoleitura.com.br\/editora\/wp-content\/uploads\/2021\/08\/A-VIAGEM-DA-DONA-BARATINHA-CAPA-ABERTA-200x90.jpg 200w, https:\/\/www.mundoleitura.com.br\/editora\/wp-content\/uploads\/2021\/08\/A-VIAGEM-DA-DONA-BARATINHA-CAPA-ABERTA.jpg 1144w\" sizes=\"auto, (max-width: 640px) 100vw, 640px\" \/><\/strong><\/p>\n<p>HIST\u00d3RIAS PARA OUVIR E CANTAR<\/p>\n<p><strong>Livro cont\u00e9m QR Code e link para acessar audiolivro com a narra\u00e7\u00e3o da hist\u00f3ria e cantigas de rodas que inspiraram as melodias da hist\u00f3ria!<\/strong><\/p>\n","protected":false},"excerpt":{"rendered":"<p><strong>Texto:<\/strong> Claudia Lins<br \/>\n<strong>Ilustra\u00e7\u00f5es:<\/strong>\u00a0Caterina Betti<br \/>\nEdi\u00e7\u00f5es Lua Azul<\/p>\n","protected":false},"author":3,"featured_media":1485,"parent":18,"menu_order":0,"comment_status":"closed","ping_status":"closed","template":"","meta":{"footnotes":""},"class_list":["post-1507","page","type-page","status-publish","has-post-thumbnail","hentry"],"_links":{"self":[{"href":"https:\/\/www.mundoleitura.com.br\/editora\/wp-json\/wp\/v2\/pages\/1507","targetHints":{"allow":["GET"]}}],"collection":[{"href":"https:\/\/www.mundoleitura.com.br\/editora\/wp-json\/wp\/v2\/pages"}],"about":[{"href":"https:\/\/www.mundoleitura.com.br\/editora\/wp-json\/wp\/v2\/types\/page"}],"author":[{"embeddable":true,"href":"https:\/\/www.mundoleitura.com.br\/editora\/wp-json\/wp\/v2\/users\/3"}],"replies":[{"embeddable":true,"href":"https:\/\/www.mundoleitura.com.br\/editora\/wp-json\/wp\/v2\/comments?post=1507"}],"version-history":[{"count":29,"href":"https:\/\/www.mundoleitura.com.br\/editora\/wp-json\/wp\/v2\/pages\/1507\/revisions"}],"predecessor-version":[{"id":2112,"href":"https:\/\/www.mundoleitura.com.br\/editora\/wp-json\/wp\/v2\/pages\/1507\/revisions\/2112"}],"up":[{"embeddable":true,"href":"https:\/\/www.mundoleitura.com.br\/editora\/wp-json\/wp\/v2\/pages\/18"}],"wp:featuredmedia":[{"embeddable":true,"href":"https:\/\/www.mundoleitura.com.br\/editora\/wp-json\/wp\/v2\/media\/1485"}],"wp:attachment":[{"href":"https:\/\/www.mundoleitura.com.br\/editora\/wp-json\/wp\/v2\/media?parent=1507"}],"curies":[{"name":"wp","href":"https:\/\/api.w.org\/{rel}","templated":true}]}}