{"id":138,"date":"2016-10-07T11:44:22","date_gmt":"2016-10-07T14:44:22","guid":{"rendered":"http:\/\/www.mundoleitura.com.br\/editora\/?page_id=138"},"modified":"2016-10-10T13:12:29","modified_gmt":"2016-10-10T16:12:29","slug":"paula-browne","status":"publish","type":"page","link":"https:\/\/www.mundoleitura.com.br\/editora\/autores\/paula-browne\/","title":{"rendered":"Paula Browne"},"content":{"rendered":"<p><a href=\"http:\/\/www.mundoleitura.com.br\/editora\/wp-content\/uploads\/2016\/10\/A-VEZ-E-A-VOZ-DA-LITERATURA-INFANTIL.jpeg\"><img loading=\"lazy\" decoding=\"async\" class=\"alignright size-medium wp-image-90\" src=\"http:\/\/www.mundoleitura.com.br\/editora\/wp-content\/uploads\/2016\/10\/A-VEZ-E-A-VOZ-DA-LITERATURA-INFANTIL-214x300.jpeg\" alt=\"a-vez-e-a-voz-da-literatura-infantil\" width=\"214\" height=\"300\" srcset=\"https:\/\/www.mundoleitura.com.br\/editora\/wp-content\/uploads\/2016\/10\/A-VEZ-E-A-VOZ-DA-LITERATURA-INFANTIL-214x300.jpeg 214w, https:\/\/www.mundoleitura.com.br\/editora\/wp-content\/uploads\/2016\/10\/A-VEZ-E-A-VOZ-DA-LITERATURA-INFANTIL-768x1077.jpeg 768w, https:\/\/www.mundoleitura.com.br\/editora\/wp-content\/uploads\/2016\/10\/A-VEZ-E-A-VOZ-DA-LITERATURA-INFANTIL-731x1024.jpeg 731w, https:\/\/www.mundoleitura.com.br\/editora\/wp-content\/uploads\/2016\/10\/A-VEZ-E-A-VOZ-DA-LITERATURA-INFANTIL-143x200.jpeg 143w, https:\/\/www.mundoleitura.com.br\/editora\/wp-content\/uploads\/2016\/10\/A-VEZ-E-A-VOZ-DA-LITERATURA-INFANTIL.jpeg 1461w\" sizes=\"auto, (max-width: 214px) 100vw, 214px\" \/><\/a><a href=\"http:\/\/www.mundoleitura.com.br\/editora\/wp-content\/uploads\/2016\/10\/Paula-em-sua-mesa-de-cria\u00e7\u00e3o-c-2.jpg\"><img loading=\"lazy\" decoding=\"async\" class=\"wp-image-141 size-medium alignleft\" src=\"http:\/\/www.mundoleitura.com.br\/editora\/wp-content\/uploads\/2016\/10\/Paula-em-sua-mesa-de-cria\u00e7\u00e3o-c-2-300x199.jpg\" alt=\"paula-em-sua-mesa-de-criacao-c-2\" width=\"300\" height=\"199\" srcset=\"https:\/\/www.mundoleitura.com.br\/editora\/wp-content\/uploads\/2016\/10\/Paula-em-sua-mesa-de-cria\u00e7\u00e3o-c-2-300x199.jpg 300w, https:\/\/www.mundoleitura.com.br\/editora\/wp-content\/uploads\/2016\/10\/Paula-em-sua-mesa-de-cria\u00e7\u00e3o-c-2-768x508.jpg 768w, https:\/\/www.mundoleitura.com.br\/editora\/wp-content\/uploads\/2016\/10\/Paula-em-sua-mesa-de-cria\u00e7\u00e3o-c-2-200x132.jpg 200w, https:\/\/www.mundoleitura.com.br\/editora\/wp-content\/uploads\/2016\/10\/Paula-em-sua-mesa-de-cria\u00e7\u00e3o-c-2.jpg 1000w\" sizes=\"auto, (max-width: 300px) 100vw, 300px\" \/><\/a>\u00c9 autora e ilustradora infantojuvenil com mais de 10 livros publicados. Carioca, vive e trabalha em S\u00e3o Paulo desde o ano de 1999. Formada em pintura pela Escola de Artes Visuais do RJ, cursou Moda pela Faculdade C\u00e2ndido Mendes e tamb\u00e9m atuou nas Artes C\u00eanicas, nas \u00e1reas de cenografia e figurino como assistente de Gerald Thomas, Daniela Thomas e Amir Haddad. Sua carreira na literatura infantil teve in\u00edcio em 2003. Quatro de suas obras foram traduzidas para o espanhol e algumas receberam o selo Altamente Recomend\u00e1vel da Funda\u00e7\u00e3o Nacional do Livro Infantil e Juvenil (FNLIJ). Integrante do projeto <em>A Vez e a Voz da Literatura Infantil \u2013 o que escrevem e pensam seus autores<\/em>, participou do livro colet\u00e2nea organizado por Mundo Leitura e distribu\u00eddo gratuitamente para universit\u00e1rios e educadores no ano de 2016.<\/p>\n<p>&nbsp;<\/p>\n","protected":false},"excerpt":{"rendered":"<p>\u00c9 autora e ilustradora infantojuvenil com mais de 10 livros publicados. Carioca, vive e trabalha em S\u00e3o Paulo desde o ano de 1999. Formada em pintura pela Escola de Artes Visuais do RJ, cursou Moda pela Faculdade C\u00e2ndido Mendes e tamb\u00e9m atuou nas Artes C\u00eanicas, nas \u00e1reas de cenografia e figurino como assistente de Gerald [&hellip;]<\/p>\n","protected":false},"author":1,"featured_media":140,"parent":20,"menu_order":0,"comment_status":"closed","ping_status":"closed","template":"","meta":{"footnotes":""},"class_list":["post-138","page","type-page","status-publish","has-post-thumbnail","hentry"],"_links":{"self":[{"href":"https:\/\/www.mundoleitura.com.br\/editora\/wp-json\/wp\/v2\/pages\/138","targetHints":{"allow":["GET"]}}],"collection":[{"href":"https:\/\/www.mundoleitura.com.br\/editora\/wp-json\/wp\/v2\/pages"}],"about":[{"href":"https:\/\/www.mundoleitura.com.br\/editora\/wp-json\/wp\/v2\/types\/page"}],"author":[{"embeddable":true,"href":"https:\/\/www.mundoleitura.com.br\/editora\/wp-json\/wp\/v2\/users\/1"}],"replies":[{"embeddable":true,"href":"https:\/\/www.mundoleitura.com.br\/editora\/wp-json\/wp\/v2\/comments?post=138"}],"version-history":[{"count":8,"href":"https:\/\/www.mundoleitura.com.br\/editora\/wp-json\/wp\/v2\/pages\/138\/revisions"}],"predecessor-version":[{"id":213,"href":"https:\/\/www.mundoleitura.com.br\/editora\/wp-json\/wp\/v2\/pages\/138\/revisions\/213"}],"up":[{"embeddable":true,"href":"https:\/\/www.mundoleitura.com.br\/editora\/wp-json\/wp\/v2\/pages\/20"}],"wp:featuredmedia":[{"embeddable":true,"href":"https:\/\/www.mundoleitura.com.br\/editora\/wp-json\/wp\/v2\/media\/140"}],"wp:attachment":[{"href":"https:\/\/www.mundoleitura.com.br\/editora\/wp-json\/wp\/v2\/media?parent=138"}],"curies":[{"name":"wp","href":"https:\/\/api.w.org\/{rel}","templated":true}]}}