{"id":125,"date":"2016-10-07T11:29:05","date_gmt":"2016-10-07T14:29:05","guid":{"rendered":"http:\/\/www.mundoleitura.com.br\/editora\/?page_id=125"},"modified":"2016-10-10T13:00:43","modified_gmt":"2016-10-10T16:00:43","slug":"tiago-amaral","status":"publish","type":"page","link":"https:\/\/www.mundoleitura.com.br\/editora\/autores\/tiago-amaral\/","title":{"rendered":"Tiago Amaral"},"content":{"rendered":"<p><a href=\"http:\/\/www.mundoleitura.com.br\/editora\/wp-content\/uploads\/2016\/10\/Foto-2-Tiago-Amaral.jpg\"><img loading=\"lazy\" decoding=\"async\" class=\"alignleft size-medium wp-image-126\" src=\"http:\/\/www.mundoleitura.com.br\/editora\/wp-content\/uploads\/2016\/10\/Foto-2-Tiago-Amaral-300x300.jpg\" alt=\"foto-2-tiago-amaral\" width=\"300\" height=\"300\" srcset=\"https:\/\/www.mundoleitura.com.br\/editora\/wp-content\/uploads\/2016\/10\/Foto-2-Tiago-Amaral-300x300.jpg 300w, https:\/\/www.mundoleitura.com.br\/editora\/wp-content\/uploads\/2016\/10\/Foto-2-Tiago-Amaral-200x200.jpg 200w, https:\/\/www.mundoleitura.com.br\/editora\/wp-content\/uploads\/2016\/10\/Foto-2-Tiago-Amaral-768x767.jpg 768w, https:\/\/www.mundoleitura.com.br\/editora\/wp-content\/uploads\/2016\/10\/Foto-2-Tiago-Amaral-1024x1024.jpg 1024w, https:\/\/www.mundoleitura.com.br\/editora\/wp-content\/uploads\/2016\/10\/Foto-2-Tiago-Amaral.jpg 1352w\" sizes=\"auto, (max-width: 300px) 100vw, 300px\" \/><\/a><\/p>\n<figure id=\"attachment_128\" aria-describedby=\"caption-attachment-128\" style=\"width: 263px\" class=\"wp-caption alignright\"><a href=\"http:\/\/www.mundoleitura.com.br\/editora\/wp-content\/uploads\/2016\/10\/Ilustra\u00e7\u00e3o-de-Tiago-Amaral-para-A-Casa-da-Reina\u00e7\u00e3o.jpg\"><img loading=\"lazy\" decoding=\"async\" class=\"wp-image-128 size-medium\" src=\"http:\/\/www.mundoleitura.com.br\/editora\/wp-content\/uploads\/2016\/10\/Ilustra\u00e7\u00e3o-de-Tiago-Amaral-para-A-Casa-da-Reina\u00e7\u00e3o-263x300.jpg\" alt=\"ilustracao-de-tiago-amaral-para-a-casa-da-reinacao\" width=\"263\" height=\"300\" srcset=\"https:\/\/www.mundoleitura.com.br\/editora\/wp-content\/uploads\/2016\/10\/Ilustra\u00e7\u00e3o-de-Tiago-Amaral-para-A-Casa-da-Reina\u00e7\u00e3o-263x300.jpg 263w, https:\/\/www.mundoleitura.com.br\/editora\/wp-content\/uploads\/2016\/10\/Ilustra\u00e7\u00e3o-de-Tiago-Amaral-para-A-Casa-da-Reina\u00e7\u00e3o-768x878.jpg 768w, https:\/\/www.mundoleitura.com.br\/editora\/wp-content\/uploads\/2016\/10\/Ilustra\u00e7\u00e3o-de-Tiago-Amaral-para-A-Casa-da-Reina\u00e7\u00e3o-896x1024.jpg 896w, https:\/\/www.mundoleitura.com.br\/editora\/wp-content\/uploads\/2016\/10\/Ilustra\u00e7\u00e3o-de-Tiago-Amaral-para-A-Casa-da-Reina\u00e7\u00e3o-175x200.jpg 175w, https:\/\/www.mundoleitura.com.br\/editora\/wp-content\/uploads\/2016\/10\/Ilustra\u00e7\u00e3o-de-Tiago-Amaral-para-A-Casa-da-Reina\u00e7\u00e3o.jpg 945w\" sizes=\"auto, (max-width: 263px) 100vw, 263px\" \/><\/a><figcaption id=\"caption-attachment-128\" class=\"wp-caption-text\">Ilustra\u00e7\u00e3o de Tiago Amaral<\/figcaption><\/figure>\n<p>Autor e ilustrador alagoano, \u00e9 arquiteto e possui experi\u00eancia no campo do design gr\u00e1fico editorial, atuando como capista e programador visual. Desde 2009, produz textos infantojuvenis. Foi um dos fundadores, juntamente com as autoras Claudia Lins e Simone Cavalcante, do Selo Passarada de Literatura independente, pelo qual publicou: \u201cFilho de peixe peixinho n\u00e3o \u00e9\u201d, \u201cOs segredos da mata\u201d, \u201cA casa da reina\u00e7\u00e3o\u201d, e \u201cGuerreiro de Cora\u00e7\u00e3o\u201d. No ano de 2012, foi um dos vencedores do edital alagoano Coco de Roda com o livro \u201cO cavaleiro encarnado e a flor da Craibeira\u201d. Atualmente dedica-se a escrita e cria\u00e7\u00e3o de seu primeiro romance, voltado ao p\u00fablico adulto.<\/p>\n","protected":false},"excerpt":{"rendered":"<p>Autor e ilustrador alagoano, \u00e9 arquiteto e possui experi\u00eancia no campo do design gr\u00e1fico editorial, atuando como capista e programador visual. Desde 2009, produz textos infantojuvenis. Foi um dos fundadores, juntamente com as autoras Claudia Lins e Simone Cavalcante, do Selo Passarada de Literatura independente, pelo qual publicou: \u201cFilho de peixe peixinho n\u00e3o \u00e9\u201d, \u201cOs [&hellip;]<\/p>\n","protected":false},"author":1,"featured_media":126,"parent":20,"menu_order":0,"comment_status":"closed","ping_status":"closed","template":"","meta":{"footnotes":""},"class_list":["post-125","page","type-page","status-publish","has-post-thumbnail","hentry"],"_links":{"self":[{"href":"https:\/\/www.mundoleitura.com.br\/editora\/wp-json\/wp\/v2\/pages\/125","targetHints":{"allow":["GET"]}}],"collection":[{"href":"https:\/\/www.mundoleitura.com.br\/editora\/wp-json\/wp\/v2\/pages"}],"about":[{"href":"https:\/\/www.mundoleitura.com.br\/editora\/wp-json\/wp\/v2\/types\/page"}],"author":[{"embeddable":true,"href":"https:\/\/www.mundoleitura.com.br\/editora\/wp-json\/wp\/v2\/users\/1"}],"replies":[{"embeddable":true,"href":"https:\/\/www.mundoleitura.com.br\/editora\/wp-json\/wp\/v2\/comments?post=125"}],"version-history":[{"count":14,"href":"https:\/\/www.mundoleitura.com.br\/editora\/wp-json\/wp\/v2\/pages\/125\/revisions"}],"predecessor-version":[{"id":205,"href":"https:\/\/www.mundoleitura.com.br\/editora\/wp-json\/wp\/v2\/pages\/125\/revisions\/205"}],"up":[{"embeddable":true,"href":"https:\/\/www.mundoleitura.com.br\/editora\/wp-json\/wp\/v2\/pages\/20"}],"wp:featuredmedia":[{"embeddable":true,"href":"https:\/\/www.mundoleitura.com.br\/editora\/wp-json\/wp\/v2\/media\/126"}],"wp:attachment":[{"href":"https:\/\/www.mundoleitura.com.br\/editora\/wp-json\/wp\/v2\/media?parent=125"}],"curies":[{"name":"wp","href":"https:\/\/api.w.org\/{rel}","templated":true}]}}