{"id":1238,"date":"2020-03-06T12:15:05","date_gmt":"2020-03-06T15:15:05","guid":{"rendered":"http:\/\/www.mundoleitura.com.br\/editora\/?page_id=1238"},"modified":"2020-03-06T12:21:40","modified_gmt":"2020-03-06T15:21:40","slug":"chiara-segre","status":"publish","type":"page","link":"https:\/\/www.mundoleitura.com.br\/editora\/autores\/chiara-segre\/","title":{"rendered":"Chiara Segr\u00e9"},"content":{"rendered":"<p><img loading=\"lazy\" decoding=\"async\" class=\"alignnone  wp-image-1235 alignleft\" src=\"https:\/\/www.mundoleitura.com.br\/editora\/wp-content\/uploads\/2020\/03\/chiara-segr\u00e9.-300x267.png\" alt=\"\" width=\"218\" height=\"194\" srcset=\"https:\/\/www.mundoleitura.com.br\/editora\/wp-content\/uploads\/2020\/03\/chiara-segr\u00e9.-300x267.png 300w, https:\/\/www.mundoleitura.com.br\/editora\/wp-content\/uploads\/2020\/03\/chiara-segr\u00e9.-200x178.png 200w, https:\/\/www.mundoleitura.com.br\/editora\/wp-content\/uploads\/2020\/03\/chiara-segr\u00e9..png 386w\" sizes=\"auto, (max-width: 218px) 100vw, 218px\" \/>\u00c9 bi\u00f3loga, pesquisadora e divulgadora cient\u00edfica. Escreve para crian\u00e7as e jovens <img loading=\"lazy\" decoding=\"async\" class=\"wp-image-1236 alignright\" src=\"https:\/\/www.mundoleitura.com.br\/editora\/wp-content\/uploads\/2020\/03\/O-pequeno-m\u00e1gico-CAPA-300x274.png\" alt=\"\" width=\"225\" height=\"206\" srcset=\"https:\/\/www.mundoleitura.com.br\/editora\/wp-content\/uploads\/2020\/03\/O-pequeno-m\u00e1gico-CAPA-300x274.png 300w, https:\/\/www.mundoleitura.com.br\/editora\/wp-content\/uploads\/2020\/03\/O-pequeno-m\u00e1gico-CAPA-768x701.png 768w, https:\/\/www.mundoleitura.com.br\/editora\/wp-content\/uploads\/2020\/03\/O-pequeno-m\u00e1gico-CAPA-1024x935.png 1024w, https:\/\/www.mundoleitura.com.br\/editora\/wp-content\/uploads\/2020\/03\/O-pequeno-m\u00e1gico-CAPA-200x183.png 200w\" sizes=\"auto, (max-width: 225px) 100vw, 225px\" \/>desde o ano de 2010. Publicou 17 livros na It\u00e1lia, entre \u00e1lbuns ilustrados e romances, v\u00e1rios dos quais foram traduzidos nos EUA, Canad\u00e1, Reino Unido, Jap\u00e3o, Coreia do Sul e Taiwan, China. Seu livro &#8220;Lola e Eu&#8221;, foi inclu\u00eddo na sele\u00e7\u00e3o internacional do IBBY 2015, enquanto &#8220;Oscar, O Gato Guardi\u00e3o&#8221;, venceu o Pr\u00eamio Giacomo Giulitto em 2016 e uma men\u00e7\u00e3o especial no Pr\u00eamio Cento.<\/p>\n","protected":false},"excerpt":{"rendered":"<p>\u00c9 bi\u00f3loga, pesquisadora e divulgadora cient\u00edfica. Escreve para crian\u00e7as e jovens desde o ano de 2010. Publicou 17 livros na It\u00e1lia, entre \u00e1lbuns ilustrados e romances, v\u00e1rios dos quais foram traduzidos nos EUA, Canad\u00e1, Reino Unido, Jap\u00e3o, Coreia do Sul e Taiwan, China. Seu livro &#8220;Lola e Eu&#8221;, foi inclu\u00eddo na sele\u00e7\u00e3o internacional do IBBY [&hellip;]<\/p>\n","protected":false},"author":3,"featured_media":1242,"parent":20,"menu_order":0,"comment_status":"closed","ping_status":"closed","template":"","meta":{"footnotes":""},"class_list":["post-1238","page","type-page","status-publish","has-post-thumbnail","hentry"],"_links":{"self":[{"href":"https:\/\/www.mundoleitura.com.br\/editora\/wp-json\/wp\/v2\/pages\/1238","targetHints":{"allow":["GET"]}}],"collection":[{"href":"https:\/\/www.mundoleitura.com.br\/editora\/wp-json\/wp\/v2\/pages"}],"about":[{"href":"https:\/\/www.mundoleitura.com.br\/editora\/wp-json\/wp\/v2\/types\/page"}],"author":[{"embeddable":true,"href":"https:\/\/www.mundoleitura.com.br\/editora\/wp-json\/wp\/v2\/users\/3"}],"replies":[{"embeddable":true,"href":"https:\/\/www.mundoleitura.com.br\/editora\/wp-json\/wp\/v2\/comments?post=1238"}],"version-history":[{"count":3,"href":"https:\/\/www.mundoleitura.com.br\/editora\/wp-json\/wp\/v2\/pages\/1238\/revisions"}],"predecessor-version":[{"id":1241,"href":"https:\/\/www.mundoleitura.com.br\/editora\/wp-json\/wp\/v2\/pages\/1238\/revisions\/1241"}],"up":[{"embeddable":true,"href":"https:\/\/www.mundoleitura.com.br\/editora\/wp-json\/wp\/v2\/pages\/20"}],"wp:featuredmedia":[{"embeddable":true,"href":"https:\/\/www.mundoleitura.com.br\/editora\/wp-json\/wp\/v2\/media\/1242"}],"wp:attachment":[{"href":"https:\/\/www.mundoleitura.com.br\/editora\/wp-json\/wp\/v2\/media?parent=1238"}],"curies":[{"name":"wp","href":"https:\/\/api.w.org\/{rel}","templated":true}]}}