{"id":1233,"date":"2020-03-06T12:04:08","date_gmt":"2020-03-06T15:04:08","guid":{"rendered":"http:\/\/www.mundoleitura.com.br\/editora\/?page_id=1233"},"modified":"2024-05-14T22:02:00","modified_gmt":"2024-05-15T01:02:00","slug":"vem-ai-pequeno-magico","status":"publish","type":"page","link":"https:\/\/www.mundoleitura.com.br\/editora\/livros\/vem-ai-pequeno-magico\/","title":{"rendered":"Pequeno M\u00e1gico"},"content":{"rendered":"<p><strong>Mundo Leitura * @mundoleituraeditora<\/strong><\/p>\n<p><strong><img loading=\"lazy\" decoding=\"async\" class=\"wp-image-1236 size-large alignnone\" src=\"https:\/\/www.mundoleitura.com.br\/editora\/wp-content\/uploads\/2020\/03\/O-pequeno-m\u00e1gico-CAPA-1024x935.png\" alt=\"\" width=\"640\" height=\"584\" srcset=\"https:\/\/www.mundoleitura.com.br\/editora\/wp-content\/uploads\/2020\/03\/O-pequeno-m\u00e1gico-CAPA-1024x935.png 1024w, https:\/\/www.mundoleitura.com.br\/editora\/wp-content\/uploads\/2020\/03\/O-pequeno-m\u00e1gico-CAPA-300x274.png 300w, https:\/\/www.mundoleitura.com.br\/editora\/wp-content\/uploads\/2020\/03\/O-pequeno-m\u00e1gico-CAPA-768x701.png 768w, https:\/\/www.mundoleitura.com.br\/editora\/wp-content\/uploads\/2020\/03\/O-pequeno-m\u00e1gico-CAPA-200x183.png 200w\" sizes=\"auto, (max-width: 640px) 100vw, 640px\" \/><\/strong><\/p>\n<p><strong>Escrito por:<\/strong>\u00a0Chiara Segr\u00e9<br \/>\n<strong>Ilustrado por:<\/strong>\u00a0Chiara Buccheri<\/p>\n<p>O menino est\u00e1 dando os primeiros passos e experimenta a vida como se desfrutasse de uma grande aventura. Enquanto explora o mundo, ele se diverte e acredita ser capaz de criar m\u00e1gica com a simples for\u00e7a de seu pensamento.<\/p>\n<p>Embarque nesta divertida hist\u00f3ria e aventure-se pelos caminhos m\u00e1gicos por onde a imagina\u00e7\u00e3o de uma crian\u00e7a \u00e9 capaz de viajar!<\/p>\n<p><strong><i class=\"glyphicon glyphicon-shopping-cart\"><a class=\"btn btn-lg btn-primary\" href=\"https:\/\/www.lojamundoleitura.com.br\/pd-703f69-pequeno-magico.html?ct=&amp;p=1&amp;s=1\">Comprar na loja<\/a><\/i><\/strong><\/p>\n<p><strong>36 p\u00e1ginas<\/strong> &#8211; <strong>Dimens\u00f5es<\/strong>: 23 X 21 cm<br \/>\n*COM LETRA BAST\u00c3O<\/p>\n<p><strong>ISBN:<\/strong> 978-85-92886-10-5<br \/>\n<strong>Acabamento: <\/strong>Lombada quadrada &#8211; Colado e costurado<\/p>\n<p>Temas: inf\u00e2ncia, imagina\u00e7\u00e3o, sonhos, brincadeiras, aventura.<\/p>\n<p><strong>Sugest\u00f5es de leitura<\/strong><\/p>\n<p><strong>Leitura compartilhada<\/strong>: a partir de 1 ano<\/p>\n<p><strong>Pr\u00e9-leitura e leitura aut\u00f4noma: <\/strong>de 3\u00a0 6 anos<\/p>\n","protected":false},"excerpt":{"rendered":"<p><strong>Texto:<\/strong> Chiara Segr\u00e9<br \/>\n<strong>Ilustra\u00e7\u00f5es:<\/strong> Chiara Buccheri<br \/>\nMundo Leitura * Com LETRA BAST\u00c3O<\/p>\n","protected":false},"author":3,"featured_media":1236,"parent":18,"menu_order":0,"comment_status":"closed","ping_status":"closed","template":"","meta":{"footnotes":""},"class_list":["post-1233","page","type-page","status-publish","has-post-thumbnail","hentry"],"_links":{"self":[{"href":"https:\/\/www.mundoleitura.com.br\/editora\/wp-json\/wp\/v2\/pages\/1233","targetHints":{"allow":["GET"]}}],"collection":[{"href":"https:\/\/www.mundoleitura.com.br\/editora\/wp-json\/wp\/v2\/pages"}],"about":[{"href":"https:\/\/www.mundoleitura.com.br\/editora\/wp-json\/wp\/v2\/types\/page"}],"author":[{"embeddable":true,"href":"https:\/\/www.mundoleitura.com.br\/editora\/wp-json\/wp\/v2\/users\/3"}],"replies":[{"embeddable":true,"href":"https:\/\/www.mundoleitura.com.br\/editora\/wp-json\/wp\/v2\/comments?post=1233"}],"version-history":[{"count":10,"href":"https:\/\/www.mundoleitura.com.br\/editora\/wp-json\/wp\/v2\/pages\/1233\/revisions"}],"predecessor-version":[{"id":2117,"href":"https:\/\/www.mundoleitura.com.br\/editora\/wp-json\/wp\/v2\/pages\/1233\/revisions\/2117"}],"up":[{"embeddable":true,"href":"https:\/\/www.mundoleitura.com.br\/editora\/wp-json\/wp\/v2\/pages\/18"}],"wp:featuredmedia":[{"embeddable":true,"href":"https:\/\/www.mundoleitura.com.br\/editora\/wp-json\/wp\/v2\/media\/1236"}],"wp:attachment":[{"href":"https:\/\/www.mundoleitura.com.br\/editora\/wp-json\/wp\/v2\/media?parent=1233"}],"curies":[{"name":"wp","href":"https:\/\/api.w.org\/{rel}","templated":true}]}}