{"id":1224,"date":"2020-03-06T00:20:14","date_gmt":"2020-03-06T03:20:14","guid":{"rendered":"http:\/\/www.mundoleitura.com.br\/editora\/?page_id=1224"},"modified":"2020-03-06T00:20:14","modified_gmt":"2020-03-06T03:20:14","slug":"pedro-lucena","status":"publish","type":"page","link":"https:\/\/www.mundoleitura.com.br\/editora\/autores\/pedro-lucena\/","title":{"rendered":"Pedro Lucena"},"content":{"rendered":"<p><img loading=\"lazy\" decoding=\"async\" class=\"alignnone size-medium wp-image-1225 alignleft\" src=\"https:\/\/www.mundoleitura.com.br\/editora\/wp-content\/uploads\/2020\/03\/PEDRO-LUCENA-300x300.jpg\" alt=\"\" width=\"300\" height=\"300\" srcset=\"https:\/\/www.mundoleitura.com.br\/editora\/wp-content\/uploads\/2020\/03\/PEDRO-LUCENA-300x300.jpg 300w, https:\/\/www.mundoleitura.com.br\/editora\/wp-content\/uploads\/2020\/03\/PEDRO-LUCENA-200x200.jpg 200w, https:\/\/www.mundoleitura.com.br\/editora\/wp-content\/uploads\/2020\/03\/PEDRO-LUCENA.jpg 600w\" sizes=\"auto, (max-width: 300px) 100vw, 300px\" \/>Antes mesmo de se entender por gente, quando nem sabia a diferen\u00e7a entre pap\u00e9is e paredes, esse alagoano j\u00e1 brincava de fazer artes. Quando crian\u00e7a, transformou a casa da <em>Tia L\u00facia<\/em> num grande painel com rabiscos e garatujas. Na inf\u00e2ncia, colecionava revistas em quadrinhos, trazidas por seu pai, <em>Seu Jos\u00e9<\/em>.\u00a0 Os desenhos sempre fizeram parte de sua vida. Como artista visual, pintou quadros, realizou v\u00e1rias exposi\u00e7\u00f5es, ilustrou livros e revistas,\u00a0criou estampas para roupas e continua alegrando muros e pain\u00e9is da cidade com sua arte. \u00c9 educador e leciona ingl\u00eas e arte para crian\u00e7as da educa\u00e7\u00e3o infantil e do ensino fundamental da cidade de Macei\u00f3, onde mora.<\/p>\n","protected":false},"excerpt":{"rendered":"<p>Antes mesmo de se entender por gente, quando nem sabia a diferen\u00e7a entre pap\u00e9is e paredes, esse alagoano j\u00e1 brincava de fazer artes. Quando crian\u00e7a, transformou a casa da Tia L\u00facia num grande painel com rabiscos e garatujas. Na inf\u00e2ncia, colecionava revistas em quadrinhos, trazidas por seu pai, Seu Jos\u00e9.\u00a0 Os desenhos sempre fizeram parte [&hellip;]<\/p>\n","protected":false},"author":3,"featured_media":1225,"parent":20,"menu_order":0,"comment_status":"closed","ping_status":"closed","template":"","meta":{"footnotes":""},"class_list":["post-1224","page","type-page","status-publish","has-post-thumbnail","hentry"],"_links":{"self":[{"href":"https:\/\/www.mundoleitura.com.br\/editora\/wp-json\/wp\/v2\/pages\/1224","targetHints":{"allow":["GET"]}}],"collection":[{"href":"https:\/\/www.mundoleitura.com.br\/editora\/wp-json\/wp\/v2\/pages"}],"about":[{"href":"https:\/\/www.mundoleitura.com.br\/editora\/wp-json\/wp\/v2\/types\/page"}],"author":[{"embeddable":true,"href":"https:\/\/www.mundoleitura.com.br\/editora\/wp-json\/wp\/v2\/users\/3"}],"replies":[{"embeddable":true,"href":"https:\/\/www.mundoleitura.com.br\/editora\/wp-json\/wp\/v2\/comments?post=1224"}],"version-history":[{"count":1,"href":"https:\/\/www.mundoleitura.com.br\/editora\/wp-json\/wp\/v2\/pages\/1224\/revisions"}],"predecessor-version":[{"id":1226,"href":"https:\/\/www.mundoleitura.com.br\/editora\/wp-json\/wp\/v2\/pages\/1224\/revisions\/1226"}],"up":[{"embeddable":true,"href":"https:\/\/www.mundoleitura.com.br\/editora\/wp-json\/wp\/v2\/pages\/20"}],"wp:featuredmedia":[{"embeddable":true,"href":"https:\/\/www.mundoleitura.com.br\/editora\/wp-json\/wp\/v2\/media\/1225"}],"wp:attachment":[{"href":"https:\/\/www.mundoleitura.com.br\/editora\/wp-json\/wp\/v2\/media?parent=1224"}],"curies":[{"name":"wp","href":"https:\/\/api.w.org\/{rel}","templated":true}]}}