{"id":1183,"date":"2020-03-05T21:37:18","date_gmt":"2020-03-06T00:37:18","guid":{"rendered":"http:\/\/www.mundoleitura.com.br\/editora\/?page_id=1183"},"modified":"2024-05-14T17:02:00","modified_gmt":"2024-05-14T20:02:00","slug":"lua-azul-a-fantastica-sopa-do-bob","status":"publish","type":"page","link":"https:\/\/www.mundoleitura.com.br\/editora\/livros\/lua-azul-a-fantastica-sopa-do-bob\/","title":{"rendered":"A Fant\u00e1stica Sopa do BOB"},"content":{"rendered":"<p><strong>Edi\u00e7\u00f5es Lua Azul @edicoesluaazul<\/strong><\/p>\n<p><img loading=\"lazy\" decoding=\"async\" class=\"alignnone size-large wp-image-1470\" src=\"https:\/\/www.mundoleitura.com.br\/editora\/wp-content\/uploads\/2021\/07\/A-Fant\u00e1stica-Sopa-do-Bob-CAPA-1024x963.jpg\" alt=\"\" width=\"640\" height=\"602\" srcset=\"https:\/\/www.mundoleitura.com.br\/editora\/wp-content\/uploads\/2021\/07\/A-Fant\u00e1stica-Sopa-do-Bob-CAPA-1024x963.jpg 1024w, https:\/\/www.mundoleitura.com.br\/editora\/wp-content\/uploads\/2021\/07\/A-Fant\u00e1stica-Sopa-do-Bob-CAPA-300x282.jpg 300w, https:\/\/www.mundoleitura.com.br\/editora\/wp-content\/uploads\/2021\/07\/A-Fant\u00e1stica-Sopa-do-Bob-CAPA-768x722.jpg 768w, https:\/\/www.mundoleitura.com.br\/editora\/wp-content\/uploads\/2021\/07\/A-Fant\u00e1stica-Sopa-do-Bob-CAPA-200x188.jpg 200w, https:\/\/www.mundoleitura.com.br\/editora\/wp-content\/uploads\/2021\/07\/A-Fant\u00e1stica-Sopa-do-Bob-CAPA.jpg 1080w\" sizes=\"auto, (max-width: 640px) 100vw, 640px\" \/><\/p>\n<p><strong>Texto:<\/strong> <a href=\"https:\/\/www.mundoleitura.com.br\/editora\/autores\/simone-cavalcante\/\">Simone Cavalcante<\/a><br \/>\n<strong>Ilustra\u00e7\u00f5es<\/strong>: <a href=\"https:\/\/www.mundoleitura.com.br\/editora\/autores\/pedro-lucena\/\">Pedro Lucena<\/a><\/p>\n<p>Imagine se um dia voc\u00ea descobre que o prato de sopa est\u00e1 cheio de verduras e legumes falantes? Isso acontece com BOB. Quer ver s\u00f3?<\/p>\n<p>Ent\u00e3o abra o livro e divirta-se pra valer!<\/p>\n<p><strong>Comprar em nossa loja<\/strong>\u00a0<strong>&#x1f6d2;<\/strong><strong>:\u00a0<a href=\"https:\/\/www.lojamundoleitura.com.br\/pd-8af4bf-a-fantastica-sopa-do-bob.html?ct=&amp;p=1&amp;s=1\">lojamundoleitura.com.br<\/a><\/strong><\/p>\n<p><strong>40 p\u00e1ginas<\/strong> \u2013 Dimens\u00f5es:\u00a023 X 23 cm<br \/>\n<strong>ISBN: <\/strong>978-65-995596-1-7<\/p>\n<p><strong>Temas: <\/strong>Sonho; Imagina\u00e7\u00e3o; Brincadeiras; Alimenta\u00e7\u00e3o; M\u00fasica; Rima; Cores; Fantasia.<\/p>\n<p><strong>Sugest\u00f5es de leitura<\/strong><\/p>\n<p><strong>Leitura compartilhada<\/strong>: a partir de 2 anos<\/p>\n<p><strong>Pr\u00e9-leitura e leitura aut\u00f4noma:<\/strong> de 3 a 8 anos<\/p>\n<p>HIST\u00d3RIAS PARA OUVIR E CANTAR<\/p>\n<p><strong>Livro cont\u00e9m QR Code e link para acessar \u00e1udios com a narra\u00e7\u00e3o da hist\u00f3ria, letra e m\u00fasica da personagem BOB!<\/strong><\/p>\n","protected":false},"excerpt":{"rendered":"<p><strong>Texto:\u00a0<\/strong>Simone Cavalcante<br \/>\n<strong>Ilustra\u00e7\u00f5es<\/strong>: Pedro Lucena<br \/>\nEdi\u00e7\u00f5es Lua Azul<\/p>\n","protected":false},"author":3,"featured_media":1470,"parent":18,"menu_order":0,"comment_status":"closed","ping_status":"closed","template":"","meta":{"footnotes":""},"class_list":["post-1183","page","type-page","status-publish","has-post-thumbnail","hentry"],"_links":{"self":[{"href":"https:\/\/www.mundoleitura.com.br\/editora\/wp-json\/wp\/v2\/pages\/1183","targetHints":{"allow":["GET"]}}],"collection":[{"href":"https:\/\/www.mundoleitura.com.br\/editora\/wp-json\/wp\/v2\/pages"}],"about":[{"href":"https:\/\/www.mundoleitura.com.br\/editora\/wp-json\/wp\/v2\/types\/page"}],"author":[{"embeddable":true,"href":"https:\/\/www.mundoleitura.com.br\/editora\/wp-json\/wp\/v2\/users\/3"}],"replies":[{"embeddable":true,"href":"https:\/\/www.mundoleitura.com.br\/editora\/wp-json\/wp\/v2\/comments?post=1183"}],"version-history":[{"count":25,"href":"https:\/\/www.mundoleitura.com.br\/editora\/wp-json\/wp\/v2\/pages\/1183\/revisions"}],"predecessor-version":[{"id":1980,"href":"https:\/\/www.mundoleitura.com.br\/editora\/wp-json\/wp\/v2\/pages\/1183\/revisions\/1980"}],"up":[{"embeddable":true,"href":"https:\/\/www.mundoleitura.com.br\/editora\/wp-json\/wp\/v2\/pages\/18"}],"wp:featuredmedia":[{"embeddable":true,"href":"https:\/\/www.mundoleitura.com.br\/editora\/wp-json\/wp\/v2\/media\/1470"}],"wp:attachment":[{"href":"https:\/\/www.mundoleitura.com.br\/editora\/wp-json\/wp\/v2\/media?parent=1183"}],"curies":[{"name":"wp","href":"https:\/\/api.w.org\/{rel}","templated":true}]}}