{"id":1178,"date":"2020-03-05T21:22:18","date_gmt":"2020-03-06T00:22:18","guid":{"rendered":"http:\/\/www.mundoleitura.com.br\/editora\/?page_id=1178"},"modified":"2024-05-14T17:09:19","modified_gmt":"2024-05-14T20:09:19","slug":"lua-azul-filho-de-peixe-peixinho-nao-e","status":"publish","type":"page","link":"https:\/\/www.mundoleitura.com.br\/editora\/livros\/lua-azul-filho-de-peixe-peixinho-nao-e\/","title":{"rendered":"Filho de Peixe Peixinho n\u00e3o \u00e9"},"content":{"rendered":"<p><strong>Edi\u00e7\u00f5es Lua Azul @edicoesluaazul<\/strong><\/p>\n<p><img loading=\"lazy\" decoding=\"async\" class=\"alignnone size-large wp-image-1472\" src=\"https:\/\/www.mundoleitura.com.br\/editora\/wp-content\/uploads\/2021\/07\/Filho-de-Peixe-Peixinho-n\u00e3o-\u00e9-CAPA-1024x958.jpg\" alt=\"\" width=\"640\" height=\"599\" srcset=\"https:\/\/www.mundoleitura.com.br\/editora\/wp-content\/uploads\/2021\/07\/Filho-de-Peixe-Peixinho-n\u00e3o-\u00e9-CAPA-1024x958.jpg 1024w, https:\/\/www.mundoleitura.com.br\/editora\/wp-content\/uploads\/2021\/07\/Filho-de-Peixe-Peixinho-n\u00e3o-\u00e9-CAPA-300x281.jpg 300w, https:\/\/www.mundoleitura.com.br\/editora\/wp-content\/uploads\/2021\/07\/Filho-de-Peixe-Peixinho-n\u00e3o-\u00e9-CAPA-768x718.jpg 768w, https:\/\/www.mundoleitura.com.br\/editora\/wp-content\/uploads\/2021\/07\/Filho-de-Peixe-Peixinho-n\u00e3o-\u00e9-CAPA-200x187.jpg 200w, https:\/\/www.mundoleitura.com.br\/editora\/wp-content\/uploads\/2021\/07\/Filho-de-Peixe-Peixinho-n\u00e3o-\u00e9-CAPA.jpg 1080w\" sizes=\"auto, (max-width: 640px) 100vw, 640px\" \/><\/p>\n<p><strong>Texto<\/strong>: <a href=\"https:\/\/www.mundoleitura.com.br\/editora\/autores\/tiago-amaral\/\">Tiago Amaral<\/a><br \/>\n<strong>Ilustra\u00e7\u00f5es<\/strong>: <a href=\"https:\/\/www.mundoleitura.com.br\/editora\/autores\/pedro-lucena\/\">Pedro Lucena<\/a><\/p>\n<p>Como seria o mundo se todo filho de peixe peixinho fosse?\u00a0Seria um lugar diferente? Um lugar muito igual? Mergulhe nesta aventura e conhe\u00e7a Bolhudo, um filhote especial que nasceu num mar pequeno demais para tantas surpresas.<\/p>\n<p><strong>Comprar em nossa loja<\/strong>\u00a0<strong>&#x1f6d2;<\/strong><strong>:\u00a0<a href=\"https:\/\/www.lojamundoleitura.com.br\/pd-8af49a-filho-de-peixe-peixinho-nao-e.html?ct=&amp;p=1&amp;s=1\">lojamundoleitura.com.br<\/a><\/strong><\/p>\n<p><strong>38 P\u00e1ginas<\/strong> &#8211;\u00a0Dimens\u00f5es:\u00a023 X 23 cm<br \/>\n<strong>ISBN:<\/strong> 978-65-995596-0-0-<\/p>\n<p><strong>Acabamento<\/strong>: lombada quadrada &#8211; colado e costurado<\/p>\n<p><strong>Temas:<\/strong>\u00a0Animais, Imagina\u00e7\u00e3o, Supera\u00e7\u00e3o, Ecossistemas, Meio Ambiente, Evolu\u00e7\u00e3o, Esp\u00e9cies.<\/p>\n<p style=\"text-align: left;\"><strong>Sugest\u00f5es de leitura<\/strong><\/p>\n<p style=\"text-align: left;\"><strong>Leitura compartilhada:<\/strong> a partir de 2 anos<\/p>\n<p style=\"text-align: left;\"><strong>Pr\u00e9-leitura e leitura aut\u00f4noma:<\/strong> de 2 a 8 anos<\/p>\n<p>HIST\u00d3RIAS PARA OUVIR E CANTAR<\/p>\n<p><strong>Livro cont\u00e9m QR Code e link para acessar \u00e1udios com a narra\u00e7\u00e3o da hist\u00f3ria, letra e m\u00fasica do personagem Bolhudo!<\/strong><\/p>\n","protected":false},"excerpt":{"rendered":"<p><strong>Texto<\/strong>:\u00a0Tiago Amaral<br \/>\n<strong>Ilustra\u00e7\u00f5es<\/strong>: Pedro Lucena<br \/>\nEdi\u00e7\u00f5es Lua Azul<\/p>\n","protected":false},"author":3,"featured_media":1472,"parent":18,"menu_order":0,"comment_status":"closed","ping_status":"closed","template":"","meta":{"footnotes":""},"class_list":["post-1178","page","type-page","status-publish","has-post-thumbnail","hentry"],"_links":{"self":[{"href":"https:\/\/www.mundoleitura.com.br\/editora\/wp-json\/wp\/v2\/pages\/1178","targetHints":{"allow":["GET"]}}],"collection":[{"href":"https:\/\/www.mundoleitura.com.br\/editora\/wp-json\/wp\/v2\/pages"}],"about":[{"href":"https:\/\/www.mundoleitura.com.br\/editora\/wp-json\/wp\/v2\/types\/page"}],"author":[{"embeddable":true,"href":"https:\/\/www.mundoleitura.com.br\/editora\/wp-json\/wp\/v2\/users\/3"}],"replies":[{"embeddable":true,"href":"https:\/\/www.mundoleitura.com.br\/editora\/wp-json\/wp\/v2\/comments?post=1178"}],"version-history":[{"count":24,"href":"https:\/\/www.mundoleitura.com.br\/editora\/wp-json\/wp\/v2\/pages\/1178\/revisions"}],"predecessor-version":[{"id":1983,"href":"https:\/\/www.mundoleitura.com.br\/editora\/wp-json\/wp\/v2\/pages\/1178\/revisions\/1983"}],"up":[{"embeddable":true,"href":"https:\/\/www.mundoleitura.com.br\/editora\/wp-json\/wp\/v2\/pages\/18"}],"wp:featuredmedia":[{"embeddable":true,"href":"https:\/\/www.mundoleitura.com.br\/editora\/wp-json\/wp\/v2\/media\/1472"}],"wp:attachment":[{"href":"https:\/\/www.mundoleitura.com.br\/editora\/wp-json\/wp\/v2\/media?parent=1178"}],"curies":[{"name":"wp","href":"https:\/\/api.w.org\/{rel}","templated":true}]}}