{"id":1148,"date":"2020-03-05T15:45:53","date_gmt":"2020-03-05T18:45:53","guid":{"rendered":"http:\/\/www.mundoleitura.com.br\/editora\/?page_id=1148"},"modified":"2024-05-14T21:28:55","modified_gmt":"2024-05-15T00:28:55","slug":"lua-azul-marina-traquina","status":"publish","type":"page","link":"https:\/\/www.mundoleitura.com.br\/editora\/livros\/lua-azul-marina-traquina\/","title":{"rendered":"Marina Traquina"},"content":{"rendered":"<p><strong>Edi\u00e7\u00f5es Lua Azul @edicoesluaazul<\/strong><\/p>\n<p><img loading=\"lazy\" decoding=\"async\" class=\"alignnone size-large wp-image-1471\" src=\"https:\/\/www.mundoleitura.com.br\/editora\/wp-content\/uploads\/2021\/07\/Marina-Traquina-CAPA-1024x963.jpg\" alt=\"\" width=\"640\" height=\"602\" srcset=\"https:\/\/www.mundoleitura.com.br\/editora\/wp-content\/uploads\/2021\/07\/Marina-Traquina-CAPA-1024x963.jpg 1024w, https:\/\/www.mundoleitura.com.br\/editora\/wp-content\/uploads\/2021\/07\/Marina-Traquina-CAPA-300x282.jpg 300w, https:\/\/www.mundoleitura.com.br\/editora\/wp-content\/uploads\/2021\/07\/Marina-Traquina-CAPA-768x722.jpg 768w, https:\/\/www.mundoleitura.com.br\/editora\/wp-content\/uploads\/2021\/07\/Marina-Traquina-CAPA-200x188.jpg 200w, https:\/\/www.mundoleitura.com.br\/editora\/wp-content\/uploads\/2021\/07\/Marina-Traquina-CAPA.jpg 1078w\" sizes=\"auto, (max-width: 640px) 100vw, 640px\" \/><\/p>\n<p><strong>Texto:<\/strong> Claudia Lins<br \/>\n<strong>Ilustra\u00e7\u00f5es<\/strong>: Pedro Lucena<\/p>\n<p>Embarque nas aventuras de Marina e se divirta com as hist\u00f3rias dessa menina serelepe feito Saci em p\u00e9 de vento, que adora brincar com amigos imagin\u00e1rios e conversar por versos e rimas.<\/p>\n<p><strong><i class=\"glyphicon glyphicon-shopping-cart\"><a class=\"btn btn-lg btn-primary\" href=\"https:\/\/www.lojamundoleitura.com.br\/pd-8af47d-marina-traquina.html?ct=&amp;p=1&amp;s=1\">Comprar na loja<\/a><\/i><\/strong><\/p>\n<p><strong>44 p\u00e1ginas<\/strong> \u2013 Dimens\u00f5es:\u00a023 X 23 cm<br \/>\n<strong>ISBN: <\/strong>978-65-990045-9-9<\/p>\n<p><strong>Acabamento<\/strong>: lombada quadrada &#8211; colado e costurado<\/p>\n<p><strong>Temas:<\/strong>\u00a0Inf\u00e2ncia, Imagina\u00e7\u00e3o, Brincadeiras, Parlendas e trava-l\u00ednguas, Rimas.<\/p>\n<p><strong>Sugest\u00f5es de leitura<\/strong><\/p>\n<p><strong>Leitura compartilhada<\/strong>: a partir de 2 anos<\/p>\n<p><strong>Pr\u00e9-leitura e leitura aut\u00f4noma:<\/strong> de 3 a 8 anos<\/p>\n<p>HIST\u00d3RIAS PARA OUVIR E CANTAR<\/p>\n<p><strong>Livro cont\u00e9m QR Code e link para acessar \u00e1udios com a narra\u00e7\u00e3o da hist\u00f3ria, letra e m\u00fasica da personagem Marina!<\/strong><\/p>\n","protected":false},"excerpt":{"rendered":"<p><strong>Texto:<\/strong> Claudia Lins<br \/>\n<strong>Ilustra\u00e7\u00f5es:<\/strong> Pedro Lucena<br \/>\nEdi\u00e7\u00f5es Lua Azul<\/p>\n","protected":false},"author":1,"featured_media":1471,"parent":18,"menu_order":0,"comment_status":"closed","ping_status":"closed","template":"","meta":{"footnotes":""},"class_list":["post-1148","page","type-page","status-publish","has-post-thumbnail","hentry"],"_links":{"self":[{"href":"https:\/\/www.mundoleitura.com.br\/editora\/wp-json\/wp\/v2\/pages\/1148","targetHints":{"allow":["GET"]}}],"collection":[{"href":"https:\/\/www.mundoleitura.com.br\/editora\/wp-json\/wp\/v2\/pages"}],"about":[{"href":"https:\/\/www.mundoleitura.com.br\/editora\/wp-json\/wp\/v2\/types\/page"}],"author":[{"embeddable":true,"href":"https:\/\/www.mundoleitura.com.br\/editora\/wp-json\/wp\/v2\/users\/1"}],"replies":[{"embeddable":true,"href":"https:\/\/www.mundoleitura.com.br\/editora\/wp-json\/wp\/v2\/comments?post=1148"}],"version-history":[{"count":34,"href":"https:\/\/www.mundoleitura.com.br\/editora\/wp-json\/wp\/v2\/pages\/1148\/revisions"}],"predecessor-version":[{"id":2094,"href":"https:\/\/www.mundoleitura.com.br\/editora\/wp-json\/wp\/v2\/pages\/1148\/revisions\/2094"}],"up":[{"embeddable":true,"href":"https:\/\/www.mundoleitura.com.br\/editora\/wp-json\/wp\/v2\/pages\/18"}],"wp:featuredmedia":[{"embeddable":true,"href":"https:\/\/www.mundoleitura.com.br\/editora\/wp-json\/wp\/v2\/media\/1471"}],"wp:attachment":[{"href":"https:\/\/www.mundoleitura.com.br\/editora\/wp-json\/wp\/v2\/media?parent=1148"}],"curies":[{"name":"wp","href":"https:\/\/api.w.org\/{rel}","templated":true}]}}